{"id":1001,"date":"2017-04-19T13:57:49","date_gmt":"2017-04-19T13:57:49","guid":{"rendered":"http:\/\/limousineway.com\/?page_id=1001"},"modified":"2019-12-09T14:04:43","modified_gmt":"2019-12-09T14:04:43","slug":"home","status":"publish","type":"page","link":"https:\/\/limousineway.com\/de\/","title":{"rendered":"Preisliste"},"content":{"rendered":"<p>[vc_row][vc_column][rev_slider_vc alias=&#8221;home-page-de&#8221;][\/vc_column][\/vc_row][vc_row][vc_column][vc_column_text]<h2 class=\"tablepress-table-name tablepress-table-name-id-45\">Lieblingsrouten<\/h2>\n\n<table id=\"tablepress-45\" class=\"tablepress tablepress-id-45\">\n<thead>\n<tr class=\"row-1 odd\">\n\t<th class=\"column-1\">Strecke<\/th><th class=\"column-2\">4 sitzig<\/th><th class=\"column-3\">7 sitzig<\/th><th class=\"column-4\">S - class<\/th>\n<\/tr>\n<\/thead>\n<tbody class=\"row-hover\">\n<tr class=\"row-2 even\">\n\t<td class=\"column-1\">Vienna airport to Bratislava City\/Airport<\/td><td class=\"column-2\">\u20ac75<\/td><td class=\"column-3\">\u20ac100<\/td><td class=\"column-4\">\u20ac100<\/td>\n<\/tr>\n<tr class=\"row-3 odd\">\n\t<td class=\"column-1\">Vienna City to Bratislava City\/Airport <\/td><td class=\"column-2\">\u20ac100<\/td><td class=\"column-3\">\u20ac115<\/td><td class=\"column-4\">\u20ac135<\/td>\n<\/tr>\n<tr class=\"row-4 even\">\n\t<td class=\"column-1\">Bratislava Airport to Vienna City<\/td><td class=\"column-2\">\u20ac100<\/td><td class=\"column-3\">\u20ac115<\/td><td class=\"column-4\">\u20ac135<\/td>\n<\/tr>\n<tr class=\"row-5 odd\">\n\t<td class=\"column-1\">Bratislava City\/Airport to Vienna Airport<\/td><td class=\"column-2\">\u20ac75<\/td><td class=\"column-3\">\u20ac100<\/td><td class=\"column-4\">\u20ac100<\/td>\n<\/tr>\n<tr class=\"row-6 even\">\n\t<td class=\"column-1\">Bratislava Airport to Bratislava city<\/td><td class=\"column-2\">\u20ac40<\/td><td class=\"column-3\">\u20ac55<\/td><td class=\"column-4\">\u20ac55<\/td>\n<\/tr>\n<\/tbody>\n<\/table>\n<!-- #tablepress-45 from cache -->[\/vc_column_text][\/vc_column][\/vc_row][vc_row full_width=&#8221;stretch_row&#8221; sc_title_style=&#8221;inverted&#8221; el_id=&#8221;pricelist-section&#8221; css=&#8221;.vc_custom_1479680410872{margin-top: 0px !important;padding-top: 70px !important;padding-bottom: 70px !important;}&#8221; menu_title=&#8221;Pricelist&#8221;][vc_column][vc_row_inner css=&#8221;.vc_custom_1478066807134{margin-top: 20px !important;border-bottom-width: -20px !important;}&#8221;][vc_column_inner css=&#8221;.vc_custom_1478066798622{border-bottom-width: -20px !important;}&#8221;][vc_custom_heading text=&#8221;Preisliste&#8221; font_container=&#8221;tag:h2|text_align:center&#8221; google_fonts=&#8221;font_family:Noto%20Serif%3Aregular%2Citalic%2C700%2C700italic|font_style:400%20regular%3A400%3Anormal&#8221;][vc_single_image image=&#8221;471&#8243; img_size=&#8221;full&#8221; alignment=&#8221;center&#8221; css=&#8221;.vc_custom_1478110577861{margin-top: -20px !important;}&#8221;][\/vc_column_inner][\/vc_row_inner][\/vc_column][\/vc_row][vc_row full_width=&#8221;stretch_row&#8221;][vc_column width=&#8221;1\/2&#8243;][vc_column_text][\/vc_column_text][vc_column_text]<h2 class=\"tablepress-table-name tablepress-table-name-id-14\">Transfer von Bratislava - Flughafen (BTS)<\/h2>\n\n<table id=\"tablepress-14\" class=\"tablepress tablepress-id-14\">\n<thead>\n<tr class=\"row-1 odd\">\n\t<th class=\"column-1\">Strecke<\/th><th class=\"column-2\">4 sitzig<\/th><th class=\"column-3\">7 sitzig<\/th>\n<\/tr>\n<\/thead>\n<tbody class=\"row-hover\">\n<tr class=\"row-2 even\">\n\t<td class=\"column-1\">nach Bratislava - Stadt \/ Flughafen (BTS)<br \/>\n<\/td><td class=\"column-2\">\u20ac40<\/td><td class=\"column-3\">\u20ac55<\/td>\n<\/tr>\n<tr class=\"row-3 odd\">\n\t<td class=\"column-1\">nach Bansk\u00e1 Bystrica - Stadt<br \/>\n<\/td><td class=\"column-2\">\u20ac190<\/td><td class=\"column-3\">\u20ac205<\/td>\n<\/tr>\n<tr class=\"row-4 even\">\n\t<td class=\"column-1\">nach \u017dilina - Stadt<br \/>\n<\/td><td class=\"column-2\">\u20ac180<\/td><td class=\"column-3\">\u20ac205<\/td>\n<\/tr>\n<tr class=\"row-5 odd\">\n\t<td class=\"column-1\">nach Wien - Flughafen (VIE)<br \/>\n<\/td><td class=\"column-2\">\u20ac75<\/td><td class=\"column-3\">\u20ac100<\/td>\n<\/tr>\n<tr class=\"row-6 even\">\n\t<td class=\"column-1\">nach Wien - Stadt<br \/>\n<\/td><td class=\"column-2\">\u20ac100<\/td><td class=\"column-3\">\u20ac115<\/td>\n<\/tr>\n<tr class=\"row-7 odd\">\n\t<td class=\"column-1\">nach Budapest - Flughafen (BUD) \/ Stadt<br \/>\n<\/td><td class=\"column-2\">\u20ac235<\/td><td class=\"column-3\">\u20ac265<\/td>\n<\/tr>\n<tr class=\"row-8 even\">\n\t<td class=\"column-1\">nach Prag - Flughafen (PRG) \/ Stadt<br \/>\n<\/td><td class=\"column-2\">\u20ac355<\/td><td class=\"column-3\">\u20ac375<\/td>\n<\/tr>\n<\/tbody>\n<\/table>\n<!-- #tablepress-14 from cache -->[\/vc_column_text][\/vc_column][vc_column width=&#8221;1\/2&#8243;][vc_column_text][\/vc_column_text][vc_column_text]<h2 class=\"tablepress-table-name tablepress-table-name-id-13\">Transfer von Bratislava - Stadt<\/h2>\n\n<table id=\"tablepress-13\" class=\"tablepress tablepress-id-13\">\n<thead>\n<tr class=\"row-1 odd\">\n\t<th class=\"column-1\">Strecke<\/th><th class=\"column-2\">4 sitzig<\/th><th class=\"column-3\">7 sitzig<\/th>\n<\/tr>\n<\/thead>\n<tbody class=\"row-hover\">\n<tr class=\"row-2 even\">\n\t<td class=\"column-1\">nach Bratislava - Stadt \/ Flughafen (BTS)<br \/>\n<\/td><td class=\"column-2\">\u20ac40<\/td><td class=\"column-3\">\u20ac55<\/td>\n<\/tr>\n<tr class=\"row-3 odd\">\n\t<td class=\"column-1\">nach Bansk\u00e1 Bystrica - Stadt<br \/>\n<\/td><td class=\"column-2\">\u20ac190<\/td><td class=\"column-3\">\u20ac205<\/td>\n<\/tr>\n<tr class=\"row-4 even\">\n\t<td class=\"column-1\">nach \u017dilina - Stadt<br \/>\n<\/td><td class=\"column-2\">\u20ac180<\/td><td class=\"column-3\">\u20ac205<\/td>\n<\/tr>\n<tr class=\"row-5 odd\">\n\t<td class=\"column-1\">nach Wien - Flughafen (VIE)<br \/>\n<\/td><td class=\"column-2\">\u20ac75<\/td><td class=\"column-3\">\u20ac100<\/td>\n<\/tr>\n<tr class=\"row-6 even\">\n\t<td class=\"column-1\">nach Wien - Stadt<br \/>\n<\/td><td class=\"column-2\">\u20ac100<\/td><td class=\"column-3\">\u20ac115<\/td>\n<\/tr>\n<tr class=\"row-7 odd\">\n\t<td class=\"column-1\">nach Budapest - Flughafen (BUD) \/ Stadt<br \/>\n<\/td><td class=\"column-2\">\u20ac235<\/td><td class=\"column-3\">\u20ac265<\/td>\n<\/tr>\n<tr class=\"row-8 even\">\n\t<td class=\"column-1\">nach Prag - Flughafen (PRG) \/ Stadt<br \/>\n<\/td><td class=\"column-2\">\u20ac355<\/td><td class=\"column-3\">\u20ac375<\/td>\n<\/tr>\n<\/tbody>\n<\/table>\n<!-- #tablepress-13 from cache -->[\/vc_column_text][\/vc_column][\/vc_row][vc_row full_width=&#8221;stretch_row&#8221;][vc_column width=&#8221;1\/2&#8243;][vc_column_text]<h2 class=\"tablepress-table-name tablepress-table-name-id-18\">Transfer von Wien - Flughafen (VIE) \/ Schwechat<\/h2>\n\n<table id=\"tablepress-18\" class=\"tablepress tablepress-id-18\">\n<thead>\n<tr class=\"row-1 odd\">\n\t<th class=\"column-1\">Strecke<\/th><th class=\"column-2\">4 sitzig<\/th><th class=\"column-3\">7 sitzig<\/th>\n<\/tr>\n<\/thead>\n<tbody class=\"row-hover\">\n<tr class=\"row-2 even\">\n\t<td class=\"column-1\">nach Bratislava - Flughafen (BTS)<\/td><td class=\"column-2\">\u20ac75<\/td><td class=\"column-3\">\u20ac100<\/td>\n<\/tr>\n<tr class=\"row-3 odd\">\n\t<td class=\"column-1\">nach Bratislava - Stadt<br \/>\n<\/td><td class=\"column-2\">\u20ac75<\/td><td class=\"column-3\">\u20ac100<\/td>\n<\/tr>\n<tr class=\"row-4 even\">\n\t<td class=\"column-1\">nach Bansk\u00e1 Bystrica - Stadt<br \/>\n<\/td><td class=\"column-2\">\u20ac245<\/td><td class=\"column-3\">\u20ac270<\/td>\n<\/tr>\n<tr class=\"row-5 odd\">\n\t<td class=\"column-1\">nach \u017dilina - Stadt<br \/>\n<\/td><td class=\"column-2\">\u20ac235<\/td><td class=\"column-3\">\u20ac270<\/td>\n<\/tr>\n<\/tbody>\n<\/table>\n<!-- #tablepress-18 from cache -->[\/vc_column_text][\/vc_column][vc_column width=&#8221;1\/2&#8243;][vc_column_text]<h2 class=\"tablepress-table-name tablepress-table-name-id-15\">Transfer von Wien - Stadt<\/h2>\n\n<table id=\"tablepress-15\" class=\"tablepress tablepress-id-15\">\n<thead>\n<tr class=\"row-1 odd\">\n\t<th class=\"column-1\">Strecke<\/th><th class=\"column-2\">4 sitzig<\/th><th class=\"column-3\">7 sitzig<\/th>\n<\/tr>\n<\/thead>\n<tbody class=\"row-hover\">\n<tr class=\"row-2 even\">\n\t<td class=\"column-1\">nach Bratislava - Flughafen (BTS)<br \/>\n<\/td><td class=\"column-2\">\u20ac100<\/td><td class=\"column-3\">\u20ac115<\/td>\n<\/tr>\n<tr class=\"row-3 odd\">\n\t<td class=\"column-1\">nach Bratislava - Stadt<br \/>\n<\/td><td class=\"column-2\">\u20ac100<\/td><td class=\"column-3\">\u20ac115<\/td>\n<\/tr>\n<\/tbody>\n<\/table>\n<!-- #tablepress-15 from cache -->[\/vc_column_text][\/vc_column][\/vc_row][vc_row full_width=&#8221;stretch_row&#8221;][vc_column width=&#8221;1\/2&#8243;][vc_column_text]<h2 class=\"tablepress-table-name tablepress-table-name-id-16\">Transfer von Budapest - Flughafen (BUD) \/ Stadt<\/h2>\n\n<table id=\"tablepress-16\" class=\"tablepress tablepress-id-16\">\n<thead>\n<tr class=\"row-1 odd\">\n\t<th class=\"column-1\">Strecke<\/th><th class=\"column-2\">4 sitzig<\/th><th class=\"column-3\">7 sitzig<\/th>\n<\/tr>\n<\/thead>\n<tbody class=\"row-hover\">\n<tr class=\"row-2 even\">\n\t<td class=\"column-1\">nach Bratislava - Flughafen (BTS)<br \/>\n<\/td><td class=\"column-2\">\u20ac235<\/td><td class=\"column-3\">\u20ac265<\/td>\n<\/tr>\n<tr class=\"row-3 odd\">\n\t<td class=\"column-1\">nach Bratislava - Stadt<br \/>\n<\/td><td class=\"column-2\">\u20ac235<\/td><td class=\"column-3\">\u20ac265<\/td>\n<\/tr>\n<\/tbody>\n<\/table>\n<!-- #tablepress-16 from cache -->[\/vc_column_text][\/vc_column][vc_column width=&#8221;1\/2&#8243;][vc_column_text]<h2 class=\"tablepress-table-name tablepress-table-name-id-17\">Transfer von Prag - Flughafen (PRG) \/ Stadt<\/h2>\n\n<table id=\"tablepress-17\" class=\"tablepress tablepress-id-17\">\n<thead>\n<tr class=\"row-1 odd\">\n\t<th class=\"column-1\">Strecke<\/th><th class=\"column-2\">4 sitzig<\/th><th class=\"column-3\">7 sitzig<\/th>\n<\/tr>\n<\/thead>\n<tbody class=\"row-hover\">\n<tr class=\"row-2 even\">\n\t<td class=\"column-1\">nach Bratislava - Flughafen (BTS)<br \/>\n<\/td><td class=\"column-2\">\u20ac355<\/td><td class=\"column-3\">\u20ac375<\/td>\n<\/tr>\n<tr class=\"row-3 odd\">\n\t<td class=\"column-1\">nach Bratislava - Stadt<br \/>\n<\/td><td class=\"column-2\">\u20ac355<\/td><td class=\"column-3\">\u20ac375<\/td>\n<\/tr>\n<\/tbody>\n<\/table>\n<!-- #tablepress-17 from cache -->[\/vc_column_text][\/vc_column][\/vc_row][vc_row][vc_column][vc_column_text]Unsere Firma bietet Dienste auf dem Gebiet der Personenbef\u00f6rderung vom Flughafen Wien \u2013\u00a0Schwechat nach Bratislava und in andere slowakische St\u00e4dte an. Wenn Sie also ein Taxi nach Bansk\u00e1 Bystrica oder \u017dilina brauchen, dann sind Sie bei uns richtig. Ebenso bieten wir auf Wunsch Taxidienste in die nahegelegenen Metropolen anderer Staaten wie nach Budapest und Prag an. Wir bieten Ihnen die Dienste erfahrener und bew\u00e4hrter Kraftfahrer mit langj\u00e4hriger Praxis an. Neben dem Taxidienst selbst stehen auch zus\u00e4tzliche Dienstleistungen wie WLAN, Wasser oder Snacks zur Verf\u00fcgung. All diese Dienste sind f\u00fcr unsere Kunden gratis. Wir sorgen f\u00fcr Ihren Komfort. Wenn Sie ein Taxi von Bratislava aus nach Wien bei Ihrer Reise in den Urlaub oder zu einem Businesstreffen ben\u00f6tigen, stehen wir Ihnen voll und ganz 24 Stunden t\u00e4glich und 7 Tage in der Woche zur Verf\u00fcgung. Unsere Taxis sind als viersitzige oder siebensitzige Version verf\u00fcgbar. Unser Taxi f\u00e4hrt in Wien oder Bratislava zur vereinbarten Zeit p\u00fcnktlich vor und bringt Sie bequem an Ihr Ziel. Nutzen Sie unsere bew\u00e4hrten Dienste. Neben dem Transfer sind auch Fahrten vom Stadtzentrum in Bratislava um Flughafen Wien \u2013 Schwechat sowie in umgekehrter Richtung vom Wiener Stadtzentrum zum Flughafen Bratislava sehr beliebt und gefragt.[\/vc_column_text][\/vc_column][\/vc_row]<\/p>\n","protected":false},"excerpt":{"rendered":"<p>[vc_row][vc_column][rev_slider_vc alias=&#8221;home-page-de&#8221;][\/vc_column][\/vc_row][vc_row][vc_column][vc_column_text][\/vc_column_text][\/vc_column][\/vc_row][vc_row full_width=&#8221;stretch_row&#8221; sc_title_style=&#8221;inverted&#8221; el_id=&#8221;pricelist-section&#8221; css=&#8221;.vc_custom_1479680410872{margin-top: 0px !important;padding-top: 70px !important;padding-bottom: 70px !important;}&#8221; menu_title=&#8221;Pricelist&#8221;][vc_column][vc_row_inner css=&#8221;.vc_custom_1478066807134{margin-top: 20px !important;border-bottom-width: -20px !important;}&#8221;][vc_column_inner css=&#8221;.vc_custom_1478066798622{border-bottom-width: -20px !important;}&#8221;][vc_custom_heading text=&#8221;Preisliste&#8221; font_container=&#8221;tag:h2|text_align:center&#8221; google_fonts=&#8221;font_family:Noto%20Serif%3Aregular%2Citalic%2C700%2C700italic|font_style:400%20regular%3A400%3Anormal&#8221;][vc_single_image image=&#8221;471&#8243; img_size=&#8221;full&#8221; alignment=&#8221;center&#8221; css=&#8221;.vc_custom_1478110577861{margin-top: -20px !important;}&#8221;][\/vc_column_inner][\/vc_row_inner][\/vc_column][\/vc_row][vc_row full_width=&#8221;stretch_row&#8221;][vc_column width=&#8221;1\/2&#8243;][vc_column_text][\/vc_column_text][vc_column_text][\/vc_column_text][\/vc_column][vc_column width=&#8221;1\/2&#8243;][vc_column_text][\/vc_column_text][vc_column_text][\/vc_column_text][\/vc_column][\/vc_row][vc_row full_width=&#8221;stretch_row&#8221;][vc_column width=&#8221;1\/2&#8243;][vc_column_text][\/vc_column_text][\/vc_column][vc_column width=&#8221;1\/2&#8243;][vc_column_text][\/vc_column_text][\/vc_column][\/vc_row][vc_row full_width=&#8221;stretch_row&#8221;][vc_column width=&#8221;1\/2&#8243;][vc_column_text][\/vc_column_text][\/vc_column][vc_column width=&#8221;1\/2&#8243;][vc_column_text][\/vc_column_text][\/vc_column][\/vc_row][vc_row][vc_column][vc_column_text]Unsere Firma bietet Dienste auf dem Gebiet der Personenbef\u00f6rderung vom Flughafen Wien \u2013\u00a0Schwechat nach Bratislava und in [&hellip;]<\/p>\n","protected":false},"author":7,"featured_media":0,"parent":0,"menu_order":0,"comment_status":"closed","ping_status":"closed","template":"","meta":[],"_links":{"self":[{"href":"https:\/\/limousineway.com\/de\/wp-json\/wp\/v2\/pages\/1001"}],"collection":[{"href":"https:\/\/limousineway.com\/de\/wp-json\/wp\/v2\/pages"}],"about":[{"href":"https:\/\/limousineway.com\/de\/wp-json\/wp\/v2\/types\/page"}],"author":[{"embeddable":true,"href":"https:\/\/limousineway.com\/de\/wp-json\/wp\/v2\/users\/7"}],"replies":[{"embeddable":true,"href":"https:\/\/limousineway.com\/de\/wp-json\/wp\/v2\/comments?post=1001"}],"version-history":[{"count":6,"href":"https:\/\/limousineway.com\/de\/wp-json\/wp\/v2\/pages\/1001\/revisions"}],"predecessor-version":[{"id":1630,"href":"https:\/\/limousineway.com\/de\/wp-json\/wp\/v2\/pages\/1001\/revisions\/1630"}],"wp:attachment":[{"href":"https:\/\/limousineway.com\/de\/wp-json\/wp\/v2\/media?parent=1001"}],"curies":[{"name":"wp","href":"https:\/\/api.w.org\/{rel}","templated":true}]}}