{"id":1031,"date":"2017-04-21T08:42:01","date_gmt":"2017-04-21T08:42:01","guid":{"rendered":"http:\/\/limousineway.com\/?page_id=1031"},"modified":"2017-06-26T15:34:49","modified_gmt":"2017-06-26T15:34:49","slug":"about-us","status":"publish","type":"page","link":"https:\/\/limousineway.com\/de\/about-us\/","title":{"rendered":"\u00dcber uns"},"content":{"rendered":"<p>[vc_row][vc_column][rev_slider_vc alias=&#8221;home-page-de&#8221;][\/vc_column][\/vc_row][vc_row el_id=&#8221;about-section&#8221; menu_title=&#8221;\u00dcber uns&#8221; css=&#8221;.vc_custom_1484780355046{padding-top: 70px !important;}&#8221;][vc_column][vc_row_inner css=&#8221;.vc_custom_1478066807134{margin-top: 20px !important;border-bottom-width: -20px !important;}&#8221;][vc_column_inner css=&#8221;.vc_custom_1478066798622{border-bottom-width: -20px !important;}&#8221;][vc_custom_heading text=&#8221;\u00dcber uns&#8221; font_container=&#8221;tag:h2|text_align:center&#8221; google_fonts=&#8221;font_family:Noto%20Serif%3Aregular%2Citalic%2C700%2C700italic|font_style:400%20regular%3A400%3Anormal&#8221;][vc_single_image image=&#8221;471&#8243; img_size=&#8221;full&#8221; alignment=&#8221;center&#8221; css=&#8221;.vc_custom_1478110577861{margin-top: -20px !important;}&#8221;][\/vc_column_inner][\/vc_row_inner][\/vc_column][\/vc_row][vc_row][vc_column width=&#8221;1\/2&#8243;][vc_single_image image=&#8221;442&#8243; img_size=&#8221;full&#8221;][vc_cta h2=&#8221;Rufen Sie jetzt an: +421 911 888 801&#8243; txt_align=&#8221;center&#8221; shape=&#8221;square&#8221; css=&#8221;.vc_custom_1484779079895{background-color: #2d394f !important;}&#8221;][\/vc_cta][\/vc_column][vc_column width=&#8221;1\/2&#8243;][vc_column_text css=&#8221;.vc_custom_1484779122055{margin-top: 0px !important;margin-right: 0px !important;margin-left: 0px !important;border-bottom-width: 0px !important;}&#8221;]<\/p>\n<div class=\"text-box\">\n<p>Unsere Gesellschaft baut auf der Idee, <strong>hochwertige Transportdienstleistungen<\/strong> an den von Ihnen bestimmten Ort zu gew\u00e4hren. Wir sind eine zuverl\u00e4ssige und pr\u00e4zise Gesellschaft mit <strong>erfahrenen Fahrern und bequemen Fahrzeugen<\/strong> der Marke Mercedes-Benz. Gem\u00e4\u00df Ihren Bed\u00fcrfnissen erweitern wir st\u00e4ndig unsere Wagenflotte. Wir bieten Dienstleistungen im weitesten Umfang und sind in der Lage, alle Ihre Anforderungen zu erf\u00fcllen. Unabh\u00e4ngig davon, wann und wo Sie sich befinden, sind wir bereit, Sie nach Ihrem Anruf zu Ihrem Ziel zu bringen.<\/p>\n<p>Unser Ziel ist es, Ihnen <strong>Komfort, Professionalit\u00e4t und luxuri\u00f6sen Transport<\/strong> innerhalb von Mitteleuropa zu bieten. Wenn Sie professionelle Bef\u00f6rderung f\u00fcr sich, Ihre Familie oder Menschen, die Sie sch\u00e4tzen suchen, stehen wir Ihnen zur Verf\u00fcgung. LIMOUSINEWAY bem\u00fcht sich, alle Ihre Anforderungen zu erf\u00fcllen. Unser professionelles Team g\u00f6nnt Ihnen <strong>eine luxuri\u00f6se Erfahrung und eine sichere Fahrt<\/strong>. Wir gew\u00e4hren Transportdienstleistungen in ganz Mitteleuropa 24 Stunden t\u00e4glich, 7 Tage pro Woche. Wenn Sie sich bem\u00fchen, die geeignetste Mietung eines Fahrzeugs mit Fahrer f\u00fcr Ihre Gelegenheit zu finden, kontaktieren Sie unser freundliches Team mit akzeptablen Preisen und <strong>ausgezeichneten Dienstleistungen<\/strong>.<\/p>\n<p>Wir w\u00fcnschen Ihnen eine angenehme Fahrt mit LIMOUSINEWAY!<\/p>\n<\/div>\n<p>[\/vc_column_text][\/vc_column][\/vc_row][vc_row][vc_column width=&#8221;1\/2&#8243;][vc_single_image image=&#8221;683&#8243; img_size=&#8221;large&#8221;][vc_custom_heading text=&#8221;Mercedes E Class W212 Facelift&#8221; font_container=&#8221;tag:h3|text_align:left&#8221; google_fonts=&#8221;font_family:Noto%20Serif%3Aregular%2Citalic%2C700%2C700italic|font_style:400%20regular%3A400%3Anormal&#8221;][vc_column_text]Standardm\u00e4\u00dfige Limousine, schwarze Metall-Lackierung mit Au\u00dfenraum, Klimaanlage, Tonsystem, 12 Airbags usw. F\u00fcr 4 Personen, aber f\u00fcr Komfort bis zu 3 Personen.[\/vc_column_text][\/vc_column][vc_column width=&#8221;1\/2&#8243;][vc_single_image image=&#8221;691&#8243; img_size=&#8221;large&#8221;][vc_custom_heading text=&#8221;Mercedes V Class&#8221; font_container=&#8221;tag:h3|text_align:left&#8221; google_fonts=&#8221;font_family:Noto%20Serif%3Aregular%2Citalic%2C700%2C700italic|font_style:400%20regular%3A400%3Anormal&#8221;][vc_column_text]Ein eleganter metallic lackierter Kleintransporter f\u00fcr 6 Personen (h\u00f6chstens 7) mit allem Komfort eines Unternehmens- und Reisefahrzeugs \u00fcber lange Strecken.[\/vc_column_text][\/vc_column][\/vc_row]<\/p>\n","protected":false},"excerpt":{"rendered":"<p>[vc_row][vc_column][rev_slider_vc alias=&#8221;home-page-de&#8221;][\/vc_column][\/vc_row][vc_row el_id=&#8221;about-section&#8221; menu_title=&#8221;\u00dcber uns&#8221; css=&#8221;.vc_custom_1484780355046{padding-top: 70px !important;}&#8221;][vc_column][vc_row_inner css=&#8221;.vc_custom_1478066807134{margin-top: 20px !important;border-bottom-width: -20px !important;}&#8221;][vc_column_inner css=&#8221;.vc_custom_1478066798622{border-bottom-width: -20px !important;}&#8221;][vc_custom_heading text=&#8221;\u00dcber uns&#8221; font_container=&#8221;tag:h2|text_align:center&#8221; google_fonts=&#8221;font_family:Noto%20Serif%3Aregular%2Citalic%2C700%2C700italic|font_style:400%20regular%3A400%3Anormal&#8221;][vc_single_image image=&#8221;471&#8243; img_size=&#8221;full&#8221; alignment=&#8221;center&#8221; css=&#8221;.vc_custom_1478110577861{margin-top: -20px !important;}&#8221;][\/vc_column_inner][\/vc_row_inner][\/vc_column][\/vc_row][vc_row][vc_column width=&#8221;1\/2&#8243;][vc_single_image image=&#8221;442&#8243; img_size=&#8221;full&#8221;][vc_cta h2=&#8221;Rufen Sie jetzt an: +421 911 888 801&#8243; txt_align=&#8221;center&#8221; shape=&#8221;square&#8221; css=&#8221;.vc_custom_1484779079895{background-color: #2d394f !important;}&#8221;][\/vc_cta][\/vc_column][vc_column width=&#8221;1\/2&#8243;][vc_column_text css=&#8221;.vc_custom_1484779122055{margin-top: 0px !important;margin-right: 0px !important;margin-left: 0px !important;border-bottom-width: 0px !important;}&#8221;] Unsere Gesellschaft baut [&hellip;]<\/p>\n","protected":false},"author":7,"featured_media":0,"parent":0,"menu_order":0,"comment_status":"closed","ping_status":"closed","template":"","meta":[],"_links":{"self":[{"href":"https:\/\/limousineway.com\/de\/wp-json\/wp\/v2\/pages\/1031"}],"collection":[{"href":"https:\/\/limousineway.com\/de\/wp-json\/wp\/v2\/pages"}],"about":[{"href":"https:\/\/limousineway.com\/de\/wp-json\/wp\/v2\/types\/page"}],"author":[{"embeddable":true,"href":"https:\/\/limousineway.com\/de\/wp-json\/wp\/v2\/users\/7"}],"replies":[{"embeddable":true,"href":"https:\/\/limousineway.com\/de\/wp-json\/wp\/v2\/comments?post=1031"}],"version-history":[{"count":6,"href":"https:\/\/limousineway.com\/de\/wp-json\/wp\/v2\/pages\/1031\/revisions"}],"predecessor-version":[{"id":1437,"href":"https:\/\/limousineway.com\/de\/wp-json\/wp\/v2\/pages\/1031\/revisions\/1437"}],"wp:attachment":[{"href":"https:\/\/limousineway.com\/de\/wp-json\/wp\/v2\/media?parent=1031"}],"curies":[{"name":"wp","href":"https:\/\/api.w.org\/{rel}","templated":true}]}}