{"id":1001,"date":"2017-04-19T13:57:49","date_gmt":"2017-04-19T13:57:49","guid":{"rendered":"http:\/\/limousineway.com\/?page_id=1001"},"modified":"2019-12-09T14:04:43","modified_gmt":"2019-12-09T14:04:43","slug":"home","status":"publish","type":"page","link":"https:\/\/limousineway.com\/es\/","title":{"rendered":"Lista de precios"},"content":{"rendered":"<p>[vc_row][vc_column][rev_slider_vc alias=&#8221;home-page-es&#8221;][\/vc_column][vc_column][vc_column_text]<h2 class=\"tablepress-table-name tablepress-table-name-id-46\">Viajes favoritos<\/h2>\n\n<table id=\"tablepress-46\" class=\"tablepress tablepress-id-46\">\n<thead>\n<tr class=\"row-1 odd\">\n\t<th class=\"column-1\">Ruta<\/th><th class=\"column-2\">4 asientos<\/th><th class=\"column-3\">7 asientos<\/th><th class=\"column-4\">S - class<\/th>\n<\/tr>\n<\/thead>\n<tbody class=\"row-hover\">\n<tr class=\"row-2 even\">\n\t<td class=\"column-1\">Vienna airport to Bratislava City\/Airport<\/td><td class=\"column-2\">\u20ac75<\/td><td class=\"column-3\">\u20ac100<\/td><td class=\"column-4\">\u20ac100<\/td>\n<\/tr>\n<tr class=\"row-3 odd\">\n\t<td class=\"column-1\">Vienna City to Bratislava City\/Airport <\/td><td class=\"column-2\">\u20ac100<\/td><td class=\"column-3\">\u20ac115<\/td><td class=\"column-4\">\u20ac135<\/td>\n<\/tr>\n<tr class=\"row-4 even\">\n\t<td class=\"column-1\">Bratislava Airport to Vienna City<\/td><td class=\"column-2\">\u20ac100<\/td><td class=\"column-3\">\u20ac115<\/td><td class=\"column-4\">\u20ac135<\/td>\n<\/tr>\n<tr class=\"row-5 odd\">\n\t<td class=\"column-1\">Bratislava City\/Airport to Vienna Airport<\/td><td class=\"column-2\">\u20ac75<\/td><td class=\"column-3\">\u20ac100<\/td><td class=\"column-4\">\u20ac100<\/td>\n<\/tr>\n<tr class=\"row-6 even\">\n\t<td class=\"column-1\">Bratislava Airport to Bratislava city<\/td><td class=\"column-2\">\u20ac40<\/td><td class=\"column-3\">\u20ac55<\/td><td class=\"column-4\">\u20ac55<\/td>\n<\/tr>\n<\/tbody>\n<\/table>\n<!-- #tablepress-46 from cache -->[\/vc_column_text][\/vc_column][\/vc_row][vc_row full_width=&#8221;stretch_row&#8221; sc_title_style=&#8221;inverted&#8221; el_id=&#8221;pricelist-section&#8221; css=&#8221;.vc_custom_1479680410872{margin-top: 0px !important;padding-top: 70px !important;padding-bottom: 70px !important;}&#8221; menu_title=&#8221;Pricelist&#8221;][vc_column][vc_row_inner css=&#8221;.vc_custom_1478066807134{margin-top: 20px !important;border-bottom-width: -20px !important;}&#8221;][vc_column_inner css=&#8221;.vc_custom_1478066798622{border-bottom-width: -20px !important;}&#8221;][vc_custom_heading text=&#8221;Lista de precios&#8221; font_container=&#8221;tag:h2|text_align:center&#8221; google_fonts=&#8221;font_family:Noto%20Serif%3Aregular%2Citalic%2C700%2C700italic|font_style:400%20regular%3A400%3Anormal&#8221;][vc_single_image image=&#8221;471&#8243; img_size=&#8221;full&#8221; alignment=&#8221;center&#8221; css=&#8221;.vc_custom_1478110577861{margin-top: -20px !important;}&#8221;][\/vc_column_inner][\/vc_row_inner][\/vc_column][\/vc_row][vc_row full_width=&#8221;stretch_row&#8221;][vc_column width=&#8221;1\/2&#8243;][vc_column_text]<h2 class=\"tablepress-table-name tablepress-table-name-id-24\">Transporte de Bratislava - aeropuerto (BTS)<\/h2>\n\n<table id=\"tablepress-24\" class=\"tablepress tablepress-id-24\">\n<thead>\n<tr class=\"row-1 odd\">\n\t<th class=\"column-1\">Ruta<\/th><th class=\"column-2\">4 asientos<\/th><th class=\"column-3\">7 asientos<\/th>\n<\/tr>\n<\/thead>\n<tbody class=\"row-hover\">\n<tr class=\"row-2 even\">\n\t<td class=\"column-1\">a Bratislava - aeropuerto (BTS)<\/td><td class=\"column-2\">\u20ac40<\/td><td class=\"column-3\">\u20ac55<\/td>\n<\/tr>\n<tr class=\"row-3 odd\">\n\t<td class=\"column-1\">a Bansk\u00e1 Bystrica - centro<\/td><td class=\"column-2\">\u20ac190<\/td><td class=\"column-3\">\u20ac205<\/td>\n<\/tr>\n<tr class=\"row-4 even\">\n\t<td class=\"column-1\">a \u017dilina - centro<\/td><td class=\"column-2\">\u20ac180<\/td><td class=\"column-3\">\u20ac205<\/td>\n<\/tr>\n<tr class=\"row-5 odd\">\n\t<td class=\"column-1\">a Viena - aeropuerto (VIE)<br \/>\n<\/td><td class=\"column-2\">\u20ac75<\/td><td class=\"column-3\">\u20ac100<\/td>\n<\/tr>\n<tr class=\"row-6 even\">\n\t<td class=\"column-1\">a Viena - centro<\/td><td class=\"column-2\">\u20ac100<\/td><td class=\"column-3\">\u20ac115<\/td>\n<\/tr>\n<tr class=\"row-7 odd\">\n\t<td class=\"column-1\">a Budapest - aeropuerto (BUD) \/ centro<br \/>\n<\/td><td class=\"column-2\">\u20ac235<\/td><td class=\"column-3\">\u20ac265<\/td>\n<\/tr>\n<tr class=\"row-8 even\">\n\t<td class=\"column-1\">a Praga - aeropuerto (PRG) \/ centro<\/td><td class=\"column-2\">\u20ac355<\/td><td class=\"column-3\">\u20ac375<\/td>\n<\/tr>\n<\/tbody>\n<\/table>\n<!-- #tablepress-24 from cache -->[\/vc_column_text][\/vc_column][vc_column width=&#8221;1\/2&#8243;][vc_column_text]<h2 class=\"tablepress-table-name tablepress-table-name-id-19\">Transporte de Bratislava - centro<\/h2>\n\n<table id=\"tablepress-19\" class=\"tablepress tablepress-id-19\">\n<thead>\n<tr class=\"row-1 odd\">\n\t<th class=\"column-1\">Ruta<\/th><th class=\"column-2\">4 asientos<\/th><th class=\"column-3\">7 asientos<\/th>\n<\/tr>\n<\/thead>\n<tbody class=\"row-hover\">\n<tr class=\"row-2 even\">\n\t<td class=\"column-1\">a Bratislava - aeropuerto (BTS)<\/td><td class=\"column-2\">\u20ac40<\/td><td class=\"column-3\">\u20ac55<\/td>\n<\/tr>\n<tr class=\"row-3 odd\">\n\t<td class=\"column-1\">a Bansk\u00e1 Bystrica - centro<\/td><td class=\"column-2\">\u20ac190<\/td><td class=\"column-3\">\u20ac205<\/td>\n<\/tr>\n<tr class=\"row-4 even\">\n\t<td class=\"column-1\">a \u017dilina - centro<\/td><td class=\"column-2\">\u20ac180<\/td><td class=\"column-3\">\u20ac205<\/td>\n<\/tr>\n<tr class=\"row-5 odd\">\n\t<td class=\"column-1\">a Viena - aeropuerto (VIE)<\/td><td class=\"column-2\">\u20ac75<\/td><td class=\"column-3\">\u20ac100<\/td>\n<\/tr>\n<tr class=\"row-6 even\">\n\t<td class=\"column-1\">a Viena - centro<\/td><td class=\"column-2\">\u20ac100<\/td><td class=\"column-3\">\u20ac115<\/td>\n<\/tr>\n<tr class=\"row-7 odd\">\n\t<td class=\"column-1\">a Budapest - aeropuerto (BUD) \/ centro<\/td><td class=\"column-2\">\u20ac235<\/td><td class=\"column-3\">\u20ac265<\/td>\n<\/tr>\n<tr class=\"row-8 even\">\n\t<td class=\"column-1\">a Praga aeropuerto (PRG) \/ centro<\/td><td class=\"column-2\">\u20ac355<\/td><td class=\"column-3\">\u20ac375<\/td>\n<\/tr>\n<\/tbody>\n<\/table>\n<!-- #tablepress-19 from cache -->[\/vc_column_text][\/vc_column][\/vc_row][vc_row full_width=&#8221;stretch_row&#8221;][vc_column width=&#8221;1\/2&#8243;][vc_column_text]<h2 class=\"tablepress-table-name tablepress-table-name-id-20\">Transporte de Viena - aeropuerto (VIE) \/ Schwechat<\/h2>\n\n<table id=\"tablepress-20\" class=\"tablepress tablepress-id-20\">\n<thead>\n<tr class=\"row-1 odd\">\n\t<th class=\"column-1\">Ruta<\/th><th class=\"column-2\">4 asientos<\/th><th class=\"column-3\">7 asientos<\/th>\n<\/tr>\n<\/thead>\n<tbody class=\"row-hover\">\n<tr class=\"row-2 even\">\n\t<td class=\"column-1\">a Bratislava - aeropuerto (BTS)<br \/>\n<\/td><td class=\"column-2\">\u20ac75<\/td><td class=\"column-3\">\u20ac100<\/td>\n<\/tr>\n<tr class=\"row-3 odd\">\n\t<td class=\"column-1\">a Bratislava - centro<\/td><td class=\"column-2\">\u20ac75<\/td><td class=\"column-3\">\u20ac100<\/td>\n<\/tr>\n<tr class=\"row-4 even\">\n\t<td class=\"column-1\">a Bansk\u00e1 Bystrica - centro<\/td><td class=\"column-2\">\u20ac245<\/td><td class=\"column-3\">\u20ac270<\/td>\n<\/tr>\n<tr class=\"row-5 odd\">\n\t<td class=\"column-1\">a \u017dilina - centro<\/td><td class=\"column-2\">\u20ac235<\/td><td class=\"column-3\">\u20ac270<\/td>\n<\/tr>\n<\/tbody>\n<\/table>\n<!-- #tablepress-20 from cache -->[\/vc_column_text][\/vc_column][vc_column width=&#8221;1\/2&#8243;][vc_column_text]<h2 class=\"tablepress-table-name tablepress-table-name-id-21\">Transporte de Viena - centro<\/h2>\n\n<table id=\"tablepress-21\" class=\"tablepress tablepress-id-21\">\n<thead>\n<tr class=\"row-1 odd\">\n\t<th class=\"column-1\">Ruta<\/th><th class=\"column-2\">4 asientos<\/th><th class=\"column-3\">7 asientos<\/th>\n<\/tr>\n<\/thead>\n<tbody class=\"row-hover\">\n<tr class=\"row-2 even\">\n\t<td class=\"column-1\">a Bratislava - aeropuerto (BTS)<\/td><td class=\"column-2\">\u20ac100<\/td><td class=\"column-3\">\u20ac115<\/td>\n<\/tr>\n<tr class=\"row-3 odd\">\n\t<td class=\"column-1\">a Bratislava - centro<br \/>\n<\/td><td class=\"column-2\">\u20ac100<\/td><td class=\"column-3\">\u20ac115<\/td>\n<\/tr>\n<\/tbody>\n<\/table>\n<!-- #tablepress-21 from cache -->[\/vc_column_text][\/vc_column][\/vc_row][vc_row full_width=&#8221;stretch_row&#8221;][vc_column width=&#8221;1\/2&#8243;][vc_column_text]<h2 class=\"tablepress-table-name tablepress-table-name-id-22\">Transporte de Budapest - aeropuerto (BUD) \/ centro<\/h2>\n\n<table id=\"tablepress-22\" class=\"tablepress tablepress-id-22\">\n<thead>\n<tr class=\"row-1 odd\">\n\t<th class=\"column-1\">Ruta<\/th><th class=\"column-2\">4 asientos<\/th><th class=\"column-3\">7 asientos<\/th>\n<\/tr>\n<\/thead>\n<tbody class=\"row-hover\">\n<tr class=\"row-2 even\">\n\t<td class=\"column-1\">a Bratislava - aeropuerto (BTS)<br \/>\n<\/td><td class=\"column-2\">\u20ac235<\/td><td class=\"column-3\">\u20ac265<\/td>\n<\/tr>\n<tr class=\"row-3 odd\">\n\t<td class=\"column-1\">a Bratislava - centro<br \/>\n<\/td><td class=\"column-2\">\u20ac235<\/td><td class=\"column-3\">\u20ac265<\/td>\n<\/tr>\n<\/tbody>\n<\/table>\n<!-- #tablepress-22 from cache -->[\/vc_column_text][\/vc_column][vc_column width=&#8221;1\/2&#8243;][vc_column_text]<h2 class=\"tablepress-table-name tablepress-table-name-id-23\">Transporte de Praga - aeropuerto (PRG) \/ centro<\/h2>\n\n<table id=\"tablepress-23\" class=\"tablepress tablepress-id-23\">\n<thead>\n<tr class=\"row-1 odd\">\n\t<th class=\"column-1\">Ruta<\/th><th class=\"column-2\">4 asientos<\/th><th class=\"column-3\">7 asientos<\/th>\n<\/tr>\n<\/thead>\n<tbody class=\"row-hover\">\n<tr class=\"row-2 even\">\n\t<td class=\"column-1\">a Bratislava - aeropuerto (BTS)<br \/>\n<\/td><td class=\"column-2\">\u20ac355<\/td><td class=\"column-3\">\u20ac375<\/td>\n<\/tr>\n<tr class=\"row-3 odd\">\n\t<td class=\"column-1\">a Bratislava - centro<br \/>\n<\/td><td class=\"column-2\">\u20ac355<\/td><td class=\"column-3\">\u20ac375<\/td>\n<\/tr>\n<\/tbody>\n<\/table>\n<!-- #tablepress-23 from cache -->[\/vc_column_text][\/vc_column][\/vc_row][vc_row][vc_column][vc_column_text]Nuestra compa\u00f1\u00eda ofrece servicios en el \u00e1rea del transporte de pasajeros del aeropuerto de Viena-Schwechat\u00a0a Bratislava y otras ciudades de Eslovaquia.\u00a0As\u00ed que si usted necesita un taxi para desplazarse hasta Bansk\u00e1 Bystrica o \u017dilina entonces est\u00e1 usted en la direcci\u00f3n correcta.\u00a0Al igual, ofrecemos servicios de taxi a las zonas metropolitanas cercanas de otros Estados, como Budapest y Praga o al destino que desee.\u00a0Ofrecemos conductores fiables y con la experiencia de muchos a\u00f1os de pr\u00e1ctica.\u00a0 Adem\u00e1s del mismo servicio de transporte por taxi, disponen de una variedad de servicios adicionales como conexi\u00f3n Wi-Fi, agua o condimentos.\u00a0Todos estos servicios son gratuitos para nuestros clientes.\u00a0Cuidamos de su comodidad.\u00a0En caso de que usted necesite un taxi desde Bratislava a Viena en de camino durante sus vacaciones o viajes de negocios, estamos a su disposici\u00f3n 24 horas al d\u00eda y 7 d\u00edas a la semana.\u00a0Nuestros veh\u00edculos de taxi est\u00e1n disponibles con 4 o 7 plazas.\u00a0El taxi estar\u00e1 a su espera en Viena o en Bratislava a la hora acordada y les transportar\u00e1 c\u00f3modamente a su destino.\u00a0Aproveche de nuestros servicios.\u00a0Adem\u00e1s del traslado desde el aeropuerto, el traslado desde el centro de la ciudad de Bratislava al aeropuerto Schwechat de Viena es muy com\u00fan y, si acaso en la direcci\u00f3n opuesta desde el centro de la ciudad de Viena al aeropuerto de Bratislava.[\/vc_column_text][\/vc_column][\/vc_row]<\/p>\n","protected":false},"excerpt":{"rendered":"<p>[vc_row][vc_column][rev_slider_vc alias=&#8221;home-page-es&#8221;][\/vc_column][vc_column][vc_column_text][\/vc_column_text][\/vc_column][\/vc_row][vc_row full_width=&#8221;stretch_row&#8221; sc_title_style=&#8221;inverted&#8221; el_id=&#8221;pricelist-section&#8221; css=&#8221;.vc_custom_1479680410872{margin-top: 0px !important;padding-top: 70px !important;padding-bottom: 70px !important;}&#8221; menu_title=&#8221;Pricelist&#8221;][vc_column][vc_row_inner css=&#8221;.vc_custom_1478066807134{margin-top: 20px !important;border-bottom-width: -20px !important;}&#8221;][vc_column_inner css=&#8221;.vc_custom_1478066798622{border-bottom-width: -20px !important;}&#8221;][vc_custom_heading text=&#8221;Lista de precios&#8221; font_container=&#8221;tag:h2|text_align:center&#8221; google_fonts=&#8221;font_family:Noto%20Serif%3Aregular%2Citalic%2C700%2C700italic|font_style:400%20regular%3A400%3Anormal&#8221;][vc_single_image image=&#8221;471&#8243; img_size=&#8221;full&#8221; alignment=&#8221;center&#8221; css=&#8221;.vc_custom_1478110577861{margin-top: -20px !important;}&#8221;][\/vc_column_inner][\/vc_row_inner][\/vc_column][\/vc_row][vc_row full_width=&#8221;stretch_row&#8221;][vc_column width=&#8221;1\/2&#8243;][vc_column_text][\/vc_column_text][\/vc_column][vc_column width=&#8221;1\/2&#8243;][vc_column_text][\/vc_column_text][\/vc_column][\/vc_row][vc_row full_width=&#8221;stretch_row&#8221;][vc_column width=&#8221;1\/2&#8243;][vc_column_text][\/vc_column_text][\/vc_column][vc_column width=&#8221;1\/2&#8243;][vc_column_text][\/vc_column_text][\/vc_column][\/vc_row][vc_row full_width=&#8221;stretch_row&#8221;][vc_column width=&#8221;1\/2&#8243;][vc_column_text][\/vc_column_text][\/vc_column][vc_column width=&#8221;1\/2&#8243;][vc_column_text][\/vc_column_text][\/vc_column][\/vc_row][vc_row][vc_column][vc_column_text]Nuestra compa\u00f1\u00eda ofrece servicios en el \u00e1rea del transporte de pasajeros del aeropuerto de Viena-Schwechat\u00a0a [&hellip;]<\/p>\n","protected":false},"author":7,"featured_media":0,"parent":0,"menu_order":0,"comment_status":"closed","ping_status":"closed","template":"","meta":[],"_links":{"self":[{"href":"https:\/\/limousineway.com\/es\/wp-json\/wp\/v2\/pages\/1001"}],"collection":[{"href":"https:\/\/limousineway.com\/es\/wp-json\/wp\/v2\/pages"}],"about":[{"href":"https:\/\/limousineway.com\/es\/wp-json\/wp\/v2\/types\/page"}],"author":[{"embeddable":true,"href":"https:\/\/limousineway.com\/es\/wp-json\/wp\/v2\/users\/7"}],"replies":[{"embeddable":true,"href":"https:\/\/limousineway.com\/es\/wp-json\/wp\/v2\/comments?post=1001"}],"version-history":[{"count":6,"href":"https:\/\/limousineway.com\/es\/wp-json\/wp\/v2\/pages\/1001\/revisions"}],"predecessor-version":[{"id":1630,"href":"https:\/\/limousineway.com\/es\/wp-json\/wp\/v2\/pages\/1001\/revisions\/1630"}],"wp:attachment":[{"href":"https:\/\/limousineway.com\/es\/wp-json\/wp\/v2\/media?parent=1001"}],"curies":[{"name":"wp","href":"https:\/\/api.w.org\/{rel}","templated":true}]}}