{"id":1010,"date":"2017-04-19T14:36:20","date_gmt":"2017-04-19T14:36:20","guid":{"rendered":"http:\/\/limousineway.com\/?page_id=1010"},"modified":"2017-06-26T15:36:34","modified_gmt":"2017-06-26T15:36:34","slug":"be-member","status":"publish","type":"page","link":"https:\/\/limousineway.com\/es\/be-member\/","title":{"rendered":"Hazte miembro"},"content":{"rendered":"<p>[vc_row full_width=&#8221;stretch_row&#8221; el_id=&#8221;bemember-section&#8221; css=&#8221;.vc_custom_1484813133391{padding-top: 70px !important;padding-bottom: 70px !important;}&#8221; menu_title=&#8221;Hazte miembro&#8221;][vc_column][vc_row_inner css=&#8221;.vc_custom_1478066807134{margin-top: 20px !important;border-bottom-width: -20px !important;}&#8221;][vc_column_inner css=&#8221;.vc_custom_1478066798622{border-bottom-width: -20px !important;}&#8221;][vc_custom_heading text=&#8221;Hazte miembro&#8221; font_container=&#8221;tag:h2|text_align:center&#8221; google_fonts=&#8221;font_family:Noto%20Serif%3Aregular%2Citalic%2C700%2C700italic|font_style:400%20regular%3A400%3Anormal&#8221;][vc_single_image image=&#8221;471&#8243; img_size=&#8221;full&#8221; alignment=&#8221;center&#8221; css=&#8221;.vc_custom_1478110577861{margin-top: -20px !important;}&#8221;][\/vc_column_inner][\/vc_row_inner][\/vc_column][\/vc_row][vc_row][vc_column][vc_custom_heading text=&#8221;Las ventajas de hacerse miembro en Limousineway:&#8221; font_container=&#8221;tag:h3|text_align:left&#8221; google_fonts=&#8221;font_family:Noto%20Serif%3Aregular%2Citalic%2C700%2C700italic|font_style:400%20regular%3A400%3Anormal&#8221;][\/vc_column][\/vc_row][vc_row][vc_column width=&#8221;1\/2&#8243;][vc_column_text]<\/p>\n<div class=\"faq-item\">\n<p>Haga un pedido de transporte y obtenga una forma de transporte m\u00e1s f\u00e1cil y c\u00f3moda gracias a nuestra aplicaci\u00f3n. Si usted hizo una reserva, la aplicaci\u00f3n le informar\u00e1 por medio de un SMS como m\u00ednimo una hora o\u00a0m\u00e1s antes de la llegada de su conductor. Usted mismo definir\u00e1 con qu\u00e9 antelaci\u00f3n.\u00a0<strong>Por cada 10 kil\u00f3metros recorridos con nosotros, usted obtendr\u00e1 1 km gratis,<\/strong> el cual puede utilizar en el pr\u00f3ximo viaje. Si se registra, obtendr\u00e1 un \u00fanico <strong>c\u00f3digo<\/strong> <strong>QR<\/strong> que ser\u00e1 <strong>escaneado<\/strong> <strong>por nuestro conductor despu\u00e9s del transporte<\/strong>.<\/p>\n<\/div>\n<p>[\/vc_column_text][\/vc_column][vc_column width=&#8221;1\/2&#8243;][vc_column_text]<\/p>\n<div class=\"faq-item\">\n<p>A\u00a0continuaci\u00f3n, le enviaremos a\u00a0su direcci\u00f3n electr\u00f3nica <strong>un e-mail <\/strong>con la informaci\u00f3n sobre los puntos asignados y sobre la cantidad de kil\u00f3metros obtenidos. <strong>Los puntos son pr\u00e1cticamente los kil\u00f3metros, entonces 1 punto = 1 km.\u00a0<\/strong>No dude en registrarse por medio de su tel\u00e9fono m\u00f3vil en Google Play Store o en App Store.<\/p>\n<\/div>\n<p>[\/vc_column_text][\/vc_column][\/vc_row][vc_row][vc_column width=&#8221;1\/2&#8243;][vc_custom_heading text=&#8221;Descargar la versi\u00f3n para Android aqu\u00ed:&#8221; font_container=&#8221;tag:h3|text_align:center&#8221; google_fonts=&#8221;font_family:Noto%20Serif%3Aregular%2Citalic%2C700%2C700italic|font_style:400%20regular%3A400%3Anormal&#8221; link=&#8221;url:https%3A%2F%2Fplay.google.com%2Fstore%2Fapps%2Fdetails%3Fid%3Dsk.buuking.limousineway|||&#8221; css=&#8221;.vc_custom_1484813212089{margin-top: 50px !important;}&#8221;][vc_single_image image=&#8221;595&#8243; img_size=&#8221;full&#8221; alignment=&#8221;center&#8221; onclick=&#8221;custom_link&#8221; link=&#8221;https:\/\/play.google.com\/store\/apps\/details?id=sk.buuking.limousineway&#8221; css=&#8221;.vc_custom_1478517710239{margin-top: -60px !important;}&#8221;][\/vc_column][vc_column width=&#8221;1\/2&#8243;][vc_custom_heading text=&#8221;Descargar la versi\u00f3n para iOS aqu\u00ed:&#8221; font_container=&#8221;tag:h3|text_align:center&#8221; google_fonts=&#8221;font_family:Noto%20Serif%3Aregular%2Citalic%2C700%2C700italic|font_style:400%20regular%3A400%3Anormal&#8221; link=&#8221;url:https%3A%2F%2Fitunes.apple.com%2Fsk%2Fapp%2Flimousineway%2Fid1091514246%3Fmt%3D8|||&#8221; css=&#8221;.vc_custom_1484813224445{margin-top: 50px !important;}&#8221;][vc_single_image image=&#8221;599&#8243; img_size=&#8221;full&#8221; alignment=&#8221;center&#8221; onclick=&#8221;custom_link&#8221; link=&#8221;https:\/\/itunes.apple.com\/sk\/app\/limousineway\/id1091514246?mt=8&#8243; css=&#8221;.vc_custom_1478517715841{margin-top: -60px !important;}&#8221;][\/vc_column][\/vc_row][vc_row el_id=&#8221;mobile-gallery-en&#8221;][vc_column width=&#8221;1\/3&#8243;][vc_single_image image=&#8221;593&#8243; img_size=&#8221;large&#8221;][\/vc_column][vc_column width=&#8221;1\/3&#8243;][vc_single_image image=&#8221;592&#8243; img_size=&#8221;large&#8221;][\/vc_column][vc_column width=&#8221;1\/3&#8243;][vc_single_image image=&#8221;601&#8243; img_size=&#8221;large&#8221;][\/vc_column][\/vc_row][vc_row el_id=&#8221;mobile-picture-en&#8221;][vc_column][vc_single_image image=&#8221;665&#8243; img_size=&#8221;large&#8221;][\/vc_column][\/vc_row]<\/p>\n","protected":false},"excerpt":{"rendered":"<p>[vc_row full_width=&#8221;stretch_row&#8221; el_id=&#8221;bemember-section&#8221; css=&#8221;.vc_custom_1484813133391{padding-top: 70px !important;padding-bottom: 70px !important;}&#8221; menu_title=&#8221;Hazte miembro&#8221;][vc_column][vc_row_inner css=&#8221;.vc_custom_1478066807134{margin-top: 20px !important;border-bottom-width: -20px !important;}&#8221;][vc_column_inner css=&#8221;.vc_custom_1478066798622{border-bottom-width: -20px !important;}&#8221;][vc_custom_heading text=&#8221;Hazte miembro&#8221; font_container=&#8221;tag:h2|text_align:center&#8221; google_fonts=&#8221;font_family:Noto%20Serif%3Aregular%2Citalic%2C700%2C700italic|font_style:400%20regular%3A400%3Anormal&#8221;][vc_single_image image=&#8221;471&#8243; img_size=&#8221;full&#8221; alignment=&#8221;center&#8221; css=&#8221;.vc_custom_1478110577861{margin-top: -20px !important;}&#8221;][\/vc_column_inner][\/vc_row_inner][\/vc_column][\/vc_row][vc_row][vc_column][vc_custom_heading text=&#8221;Las ventajas de hacerse miembro en Limousineway:&#8221; font_container=&#8221;tag:h3|text_align:left&#8221; google_fonts=&#8221;font_family:Noto%20Serif%3Aregular%2Citalic%2C700%2C700italic|font_style:400%20regular%3A400%3Anormal&#8221;][\/vc_column][\/vc_row][vc_row][vc_column width=&#8221;1\/2&#8243;][vc_column_text] Haga un pedido de transporte y obtenga una forma de transporte m\u00e1s f\u00e1cil y c\u00f3moda gracias a [&hellip;]<\/p>\n","protected":false},"author":7,"featured_media":0,"parent":0,"menu_order":0,"comment_status":"closed","ping_status":"closed","template":"","meta":[],"_links":{"self":[{"href":"https:\/\/limousineway.com\/es\/wp-json\/wp\/v2\/pages\/1010"}],"collection":[{"href":"https:\/\/limousineway.com\/es\/wp-json\/wp\/v2\/pages"}],"about":[{"href":"https:\/\/limousineway.com\/es\/wp-json\/wp\/v2\/types\/page"}],"author":[{"embeddable":true,"href":"https:\/\/limousineway.com\/es\/wp-json\/wp\/v2\/users\/7"}],"replies":[{"embeddable":true,"href":"https:\/\/limousineway.com\/es\/wp-json\/wp\/v2\/comments?post=1010"}],"version-history":[{"count":6,"href":"https:\/\/limousineway.com\/es\/wp-json\/wp\/v2\/pages\/1010\/revisions"}],"predecessor-version":[{"id":1137,"href":"https:\/\/limousineway.com\/es\/wp-json\/wp\/v2\/pages\/1010\/revisions\/1137"}],"wp:attachment":[{"href":"https:\/\/limousineway.com\/es\/wp-json\/wp\/v2\/media?parent=1010"}],"curies":[{"name":"wp","href":"https:\/\/api.w.org\/{rel}","templated":true}]}}