{"id":1031,"date":"2017-04-21T08:42:01","date_gmt":"2017-04-21T08:42:01","guid":{"rendered":"http:\/\/limousineway.com\/?page_id=1031"},"modified":"2017-06-26T15:34:49","modified_gmt":"2017-06-26T15:34:49","slug":"about-us","status":"publish","type":"page","link":"https:\/\/limousineway.com\/es\/about-us\/","title":{"rendered":"Sobre nosotros"},"content":{"rendered":"<p>[vc_row][vc_column][rev_slider_vc alias=&#8221;home-page-es&#8221;][\/vc_column][\/vc_row][vc_row el_id=&#8221;about-section&#8221; menu_title=&#8221;Sobre nosotros&#8221; css=&#8221;.vc_custom_1484812114447{padding-top: 70px !important;}&#8221;][vc_column][vc_row_inner css=&#8221;.vc_custom_1478066807134{margin-top: 20px !important;border-bottom-width: -20px !important;}&#8221;][vc_column_inner css=&#8221;.vc_custom_1478066798622{border-bottom-width: -20px !important;}&#8221;][vc_custom_heading text=&#8221;Sobre nosotros&#8221; font_container=&#8221;tag:h2|text_align:center&#8221; google_fonts=&#8221;font_family:Noto%20Serif%3Aregular%2Citalic%2C700%2C700italic|font_style:400%20regular%3A400%3Anormal&#8221;][vc_single_image image=&#8221;471&#8243; img_size=&#8221;full&#8221; alignment=&#8221;center&#8221; css=&#8221;.vc_custom_1478110577861{margin-top: -20px !important;}&#8221;][\/vc_column_inner][\/vc_row_inner][\/vc_column][\/vc_row][vc_row][vc_column width=&#8221;1\/2&#8243;][vc_single_image image=&#8221;442&#8243; img_size=&#8221;full&#8221;][vc_cta h2=&#8221;Llama ahora mismo: +421 911 888 801&#8243; txt_align=&#8221;center&#8221; shape=&#8221;square&#8221; css=&#8221;.vc_custom_1484812097878{background-color: #2d394f !important;}&#8221;][\/vc_cta][\/vc_column][vc_column width=&#8221;1\/2&#8243;][vc_column_text css=&#8221;.vc_custom_1484812079987{margin-top: 0px !important;margin-right: 0px !important;margin-left: 0px !important;border-bottom-width: 0px !important;}&#8221;]<\/p>\n<div class=\"text-box\">\n<p>Nuestra sociedad se basa en la idea de asegurar <strong>un servicio de transporte de alta calidad<\/strong> a lugares determinados por usted. Somos una sociedad de confianza y precisa <strong>con conductores con experiencia y con veh\u00edculos c\u00f3modos <\/strong>de la marca Mercedes-Benz. De acuerdo a\u00a0sus necesidades ampliamos constantemente nuestra flota de coches. Ofrecemos servicios en el m\u00e1s amplio \u00e1mbito y somos capaces de satisfacer cualquiera de sus necesidades. Independientemente de cuando y donde se encuentre, despu\u00e9s de su llamada estamos dispuestos a\u00a0llevarle a\u00a0su destino. Nuestra meta es <strong>ofrecerle<\/strong> <strong>comodidad, profesionalidad y un transporte de lujo<\/strong> en Europa Central.<\/p>\n<p>Si busca un transporte profesional para usted, para su familia o\u00a0para los que le importan a\u00a0usted, estamos a\u00a0su disposici\u00f3n. LIMOUSINEWAY intenta satisfacer todas sus necesidades. Nuestro equipo profesional le <strong>concede una experiencia de lujo y un viaje seguro<\/strong>. Ofrecemos servicios de transporte en todo el Europa Central las 24 horas al d\u00eda, los 7 d\u00edas de la semana. Si usted intenta encontrar un alquiler de coche m\u00e1s conveniente con un conductor para su evento, por qu\u00e9 no dirigirse a\u00a0nuestro equipo amistoso con precios aceptables y <strong>servicios excelentes<\/strong>.<\/p>\n<p>\u00a1Le deseamos un viaje agradable con LIMOUSINEWAY!<\/p>\n<\/div>\n<p>[\/vc_column_text][\/vc_column][\/vc_row][vc_row][vc_column width=&#8221;1\/2&#8243;][vc_single_image image=&#8221;683&#8243; img_size=&#8221;large&#8221;][vc_custom_heading text=&#8221;Mercedes E Class W212 Facelift&#8221; font_container=&#8221;tag:h3|text_align:left&#8221; google_fonts=&#8221;font_family:Noto%20Serif%3Aregular%2Citalic%2C700%2C700italic|font_style:400%20regular%3A400%3Anormal&#8221;][vc_column_text]Una limusina est\u00e1ndar, met\u00e1lico negro con exterior, aire acondicionado, sistema de sonido, 12 airbags etc. Para 4 personas, pero para viajar c\u00f3modo, hasta 3 personas.[\/vc_column_text][\/vc_column][vc_column width=&#8221;1\/2&#8243;][vc_single_image image=&#8221;691&#8243; img_size=&#8221;large&#8221;][vc_custom_heading text=&#8221;Mercedes V Class&#8221; font_container=&#8221;tag:h3|text_align:left&#8221; google_fonts=&#8221;font_family:Noto%20Serif%3Aregular%2Citalic%2C700%2C700italic|font_style:400%20regular%3A400%3Anormal&#8221;][vc_column_text]Un monovolumen elegante met\u00e1lico para 6 personas (como m\u00e1ximo 7) con todo el confort de un veh\u00edculo de empresarios y de viajes a\u00a0distancias largas.[\/vc_column_text][\/vc_column][\/vc_row]<\/p>\n","protected":false},"excerpt":{"rendered":"<p>[vc_row][vc_column][rev_slider_vc alias=&#8221;home-page-es&#8221;][\/vc_column][\/vc_row][vc_row el_id=&#8221;about-section&#8221; menu_title=&#8221;Sobre nosotros&#8221; css=&#8221;.vc_custom_1484812114447{padding-top: 70px !important;}&#8221;][vc_column][vc_row_inner css=&#8221;.vc_custom_1478066807134{margin-top: 20px !important;border-bottom-width: -20px !important;}&#8221;][vc_column_inner css=&#8221;.vc_custom_1478066798622{border-bottom-width: -20px !important;}&#8221;][vc_custom_heading text=&#8221;Sobre nosotros&#8221; font_container=&#8221;tag:h2|text_align:center&#8221; google_fonts=&#8221;font_family:Noto%20Serif%3Aregular%2Citalic%2C700%2C700italic|font_style:400%20regular%3A400%3Anormal&#8221;][vc_single_image image=&#8221;471&#8243; img_size=&#8221;full&#8221; alignment=&#8221;center&#8221; css=&#8221;.vc_custom_1478110577861{margin-top: -20px !important;}&#8221;][\/vc_column_inner][\/vc_row_inner][\/vc_column][\/vc_row][vc_row][vc_column width=&#8221;1\/2&#8243;][vc_single_image image=&#8221;442&#8243; img_size=&#8221;full&#8221;][vc_cta h2=&#8221;Llama ahora mismo: +421 911 888 801&#8243; txt_align=&#8221;center&#8221; shape=&#8221;square&#8221; css=&#8221;.vc_custom_1484812097878{background-color: #2d394f !important;}&#8221;][\/vc_cta][\/vc_column][vc_column width=&#8221;1\/2&#8243;][vc_column_text css=&#8221;.vc_custom_1484812079987{margin-top: 0px !important;margin-right: 0px !important;margin-left: 0px !important;border-bottom-width: 0px !important;}&#8221;] Nuestra sociedad se basa [&hellip;]<\/p>\n","protected":false},"author":7,"featured_media":0,"parent":0,"menu_order":0,"comment_status":"closed","ping_status":"closed","template":"","meta":[],"_links":{"self":[{"href":"https:\/\/limousineway.com\/es\/wp-json\/wp\/v2\/pages\/1031"}],"collection":[{"href":"https:\/\/limousineway.com\/es\/wp-json\/wp\/v2\/pages"}],"about":[{"href":"https:\/\/limousineway.com\/es\/wp-json\/wp\/v2\/types\/page"}],"author":[{"embeddable":true,"href":"https:\/\/limousineway.com\/es\/wp-json\/wp\/v2\/users\/7"}],"replies":[{"embeddable":true,"href":"https:\/\/limousineway.com\/es\/wp-json\/wp\/v2\/comments?post=1031"}],"version-history":[{"count":6,"href":"https:\/\/limousineway.com\/es\/wp-json\/wp\/v2\/pages\/1031\/revisions"}],"predecessor-version":[{"id":1437,"href":"https:\/\/limousineway.com\/es\/wp-json\/wp\/v2\/pages\/1031\/revisions\/1437"}],"wp:attachment":[{"href":"https:\/\/limousineway.com\/es\/wp-json\/wp\/v2\/media?parent=1031"}],"curies":[{"name":"wp","href":"https:\/\/api.w.org\/{rel}","templated":true}]}}