{"id":1001,"date":"2017-04-19T13:57:49","date_gmt":"2017-04-19T13:57:49","guid":{"rendered":"http:\/\/limousineway.com\/?page_id=1001"},"modified":"2019-12-09T14:04:43","modified_gmt":"2019-12-09T14:04:43","slug":"home","status":"publish","type":"page","link":"https:\/\/limousineway.com\/fr\/","title":{"rendered":"Tarifs"},"content":{"rendered":"<p>[vc_row][vc_column][rev_slider_vc alias=&#8221;home-page-fr&#8221;][\/vc_column][\/vc_row][vc_row][vc_column][vc_column_text]<h2 class=\"tablepress-table-name tablepress-table-name-id-47\">Les voyages favoris<\/h2>\n\n<table id=\"tablepress-47\" class=\"tablepress tablepress-id-47\">\n<thead>\n<tr class=\"row-1 odd\">\n\t<th class=\"column-1\">Trajet<\/th><th class=\"column-2\">4 places<\/th><th class=\"column-3\">7 places<\/th><th class=\"column-4\">S - class<\/th>\n<\/tr>\n<\/thead>\n<tbody class=\"row-hover\">\n<tr class=\"row-2 even\">\n\t<td class=\"column-1\">Vienna airport to Bratislava City\/Airport<\/td><td class=\"column-2\">\u20ac75<\/td><td class=\"column-3\">\u20ac100<\/td><td class=\"column-4\">\u20ac100<\/td>\n<\/tr>\n<tr class=\"row-3 odd\">\n\t<td class=\"column-1\">Vienna City to Bratislava City\/Airport <\/td><td class=\"column-2\">\u20ac100<\/td><td class=\"column-3\">\u20ac115<\/td><td class=\"column-4\">\u20ac135<\/td>\n<\/tr>\n<tr class=\"row-4 even\">\n\t<td class=\"column-1\">Bratislava Airport to Vienna City<\/td><td class=\"column-2\">\u20ac100<\/td><td class=\"column-3\">\u20ac115<\/td><td class=\"column-4\">\u20ac135<\/td>\n<\/tr>\n<tr class=\"row-5 odd\">\n\t<td class=\"column-1\">Bratislava City\/Airport to Vienna Airport<\/td><td class=\"column-2\">\u20ac75<\/td><td class=\"column-3\">\u20ac100<\/td><td class=\"column-4\">\u20ac100<\/td>\n<\/tr>\n<tr class=\"row-6 even\">\n\t<td class=\"column-1\">Bratislava Airport to Bratislava city<\/td><td class=\"column-2\">\u20ac40<\/td><td class=\"column-3\">\u20ac55<\/td><td class=\"column-4\">\u20ac55<\/td>\n<\/tr>\n<\/tbody>\n<\/table>\n<!-- #tablepress-47 from cache -->[\/vc_column_text][\/vc_column][\/vc_row][vc_row full_width=&#8221;stretch_row&#8221; sc_title_style=&#8221;inverted&#8221; el_id=&#8221;pricelist-section&#8221; css=&#8221;.vc_custom_1479680410872{margin-top: 0px !important;padding-top: 70px !important;padding-bottom: 70px !important;}&#8221; menu_title=&#8221;Pricelist&#8221;][vc_column][vc_row_inner css=&#8221;.vc_custom_1478066807134{margin-top: 20px !important;border-bottom-width: -20px !important;}&#8221;][vc_column_inner css=&#8221;.vc_custom_1478066798622{border-bottom-width: -20px !important;}&#8221;][vc_custom_heading text=&#8221;Tarifs&#8221; font_container=&#8221;tag:h2|text_align:center&#8221; google_fonts=&#8221;font_family:Noto%20Serif%3Aregular%2Citalic%2C700%2C700italic|font_style:400%20regular%3A400%3Anormal&#8221;][vc_single_image image=&#8221;471&#8243; img_size=&#8221;full&#8221; alignment=&#8221;center&#8221; css=&#8221;.vc_custom_1478110577861{margin-top: -20px !important;}&#8221;][\/vc_column_inner][\/vc_row_inner][\/vc_column][\/vc_row][vc_row full_width=&#8221;stretch_row&#8221;][vc_column width=&#8221;1\/2&#8243;][vc_column_text]<h2 class=\"tablepress-table-name tablepress-table-name-id-30\">Trasfert de Bratislava \u2212 A\u00e9roport (BTS)<\/h2>\n\n<table id=\"tablepress-30\" class=\"tablepress tablepress-id-30\">\n<thead>\n<tr class=\"row-1 odd\">\n\t<th class=\"column-1\">Trajet<\/th><th class=\"column-2\">4 places<\/th><th class=\"column-3\">7 places<\/th>\n<\/tr>\n<\/thead>\n<tbody class=\"row-hover\">\n<tr class=\"row-2 even\">\n\t<td class=\"column-1\">vers Bratislava \u2212 Ville \/ A\u00e9roport (BTS)   <br \/>\n<\/td><td class=\"column-2\">\u20ac40<\/td><td class=\"column-3\">\u20ac55<\/td>\n<\/tr>\n<tr class=\"row-3 odd\">\n\t<td class=\"column-1\">vers Bansk\u00e1 Bystrica - Ville<br \/>\n<\/td><td class=\"column-2\">\u20ac190<\/td><td class=\"column-3\">\u20ac205<\/td>\n<\/tr>\n<tr class=\"row-4 even\">\n\t<td class=\"column-1\">vers \u017dilina - Ville<br \/>\n<\/td><td class=\"column-2\">\u20ac180<\/td><td class=\"column-3\">\u20ac205<\/td>\n<\/tr>\n<tr class=\"row-5 odd\">\n\t<td class=\"column-1\">vers Vienne - A\u00e9roport (VIE)<br \/>\n<\/td><td class=\"column-2\">\u20ac75<\/td><td class=\"column-3\">\u20ac100<\/td>\n<\/tr>\n<tr class=\"row-6 even\">\n\t<td class=\"column-1\">vers Vienne - Ville<br \/>\n<\/td><td class=\"column-2\">\u20ac100<\/td><td class=\"column-3\">\u20ac115<\/td>\n<\/tr>\n<tr class=\"row-7 odd\">\n\t<td class=\"column-1\">vers Budapest - A\u00e9roport (BUD) \/ Ville<br \/>\n<\/td><td class=\"column-2\">\u20ac235<\/td><td class=\"column-3\">\u20ac265<\/td>\n<\/tr>\n<tr class=\"row-8 even\">\n\t<td class=\"column-1\">vers Prague - A\u00e9roport (PRG) \/ Ville<br \/>\n<\/td><td class=\"column-2\">\u20ac355<\/td><td class=\"column-3\">\u20ac375<\/td>\n<\/tr>\n<\/tbody>\n<\/table>\n<!-- #tablepress-30 from cache -->[\/vc_column_text][\/vc_column][vc_column width=&#8221;1\/2&#8243;][vc_column_text]<h2 class=\"tablepress-table-name tablepress-table-name-id-25\">Trasfert de Bratislava \u2212 Ville<\/h2>\n\n<table id=\"tablepress-25\" class=\"tablepress tablepress-id-25\">\n<thead>\n<tr class=\"row-1 odd\">\n\t<th class=\"column-1\">Trajet<\/th><th class=\"column-2\">4 places<\/th><th class=\"column-3\">7 places<\/th>\n<\/tr>\n<\/thead>\n<tbody class=\"row-hover\">\n<tr class=\"row-2 even\">\n\t<td class=\"column-1\">vers Bratislava \u2212 Ville \/ A\u00e9roport (BTS)   <br \/>\n<\/td><td class=\"column-2\">\u20ac40<\/td><td class=\"column-3\">\u20ac55<\/td>\n<\/tr>\n<tr class=\"row-3 odd\">\n\t<td class=\"column-1\">vers Bansk\u00e1 Bystrica - Ville<br \/>\n<\/td><td class=\"column-2\">\u20ac190<\/td><td class=\"column-3\">\u20ac205<\/td>\n<\/tr>\n<tr class=\"row-4 even\">\n\t<td class=\"column-1\">vers \u017dilina - Ville<br \/>\n<\/td><td class=\"column-2\">\u20ac180<\/td><td class=\"column-3\">\u20ac205<\/td>\n<\/tr>\n<tr class=\"row-5 odd\">\n\t<td class=\"column-1\">vers Vienne - A\u00e9roport (VIE)<br \/>\n<\/td><td class=\"column-2\">\u20ac75<\/td><td class=\"column-3\">\u20ac100<\/td>\n<\/tr>\n<tr class=\"row-6 even\">\n\t<td class=\"column-1\">vers Vienne - Ville<br \/>\n<\/td><td class=\"column-2\">\u20ac100<\/td><td class=\"column-3\">\u20ac115<\/td>\n<\/tr>\n<tr class=\"row-7 odd\">\n\t<td class=\"column-1\">vers Budapest - A\u00e9roport (BUD) \/ Ville<br \/>\n<\/td><td class=\"column-2\">\u20ac235<\/td><td class=\"column-3\">\u20ac265<\/td>\n<\/tr>\n<tr class=\"row-8 even\">\n\t<td class=\"column-1\">vers Prague - A\u00e9roport (PRG) \/ Ville<br \/>\n<\/td><td class=\"column-2\">\u20ac355<\/td><td class=\"column-3\">\u20ac375<\/td>\n<\/tr>\n<\/tbody>\n<\/table>\n<!-- #tablepress-25 from cache -->[\/vc_column_text][\/vc_column][\/vc_row][vc_row full_width=&#8221;stretch_row&#8221;][vc_column width=&#8221;1\/2&#8243;][vc_column_text]<h2 class=\"tablepress-table-name tablepress-table-name-id-26\">Trasfert de Vienne \u2212 A\u00e9roport (VIE) \/ Schwechat<\/h2>\n\n<table id=\"tablepress-26\" class=\"tablepress tablepress-id-26\">\n<thead>\n<tr class=\"row-1 odd\">\n\t<th class=\"column-1\">Trajet <\/th><th class=\"column-2\">4 places<\/th><th class=\"column-3\">7 places<\/th>\n<\/tr>\n<\/thead>\n<tbody class=\"row-hover\">\n<tr class=\"row-2 even\">\n\t<td class=\"column-1\">vers Bratislava - A\u00e9roport (BTS)   <br \/>\n<\/td><td class=\"column-2\">\u20ac75<\/td><td class=\"column-3\">\u20ac100<\/td>\n<\/tr>\n<tr class=\"row-3 odd\">\n\t<td class=\"column-1\">vers Bratislava - Ville<br \/>\n<\/td><td class=\"column-2\">\u20ac75<\/td><td class=\"column-3\">\u20ac100<\/td>\n<\/tr>\n<tr class=\"row-4 even\">\n\t<td class=\"column-1\">vers Bansk\u00e1 Bystrica - Ville<br \/>\n<\/td><td class=\"column-2\">\u20ac245<\/td><td class=\"column-3\">\u20ac270<\/td>\n<\/tr>\n<tr class=\"row-5 odd\">\n\t<td class=\"column-1\">vers \u017dilina - Ville<\/td><td class=\"column-2\">\u20ac235<\/td><td class=\"column-3\">\u20ac270<\/td>\n<\/tr>\n<\/tbody>\n<\/table>\n<!-- #tablepress-26 from cache -->[\/vc_column_text][\/vc_column][vc_column width=&#8221;1\/2&#8243;][vc_column_text]<h2 class=\"tablepress-table-name tablepress-table-name-id-27\">Trasfert de Vienne \u2212 Ville<\/h2>\n\n<table id=\"tablepress-27\" class=\"tablepress tablepress-id-27\">\n<thead>\n<tr class=\"row-1 odd\">\n\t<th class=\"column-1\">Trajet <\/th><th class=\"column-2\">4 places<\/th><th class=\"column-3\">7 places<\/th>\n<\/tr>\n<\/thead>\n<tbody class=\"row-hover\">\n<tr class=\"row-2 even\">\n\t<td class=\"column-1\">vers Bratislava - A\u00e9roport (BTS)   <br \/>\n<\/td><td class=\"column-2\">\u20ac100<\/td><td class=\"column-3\">\u20ac115<\/td>\n<\/tr>\n<tr class=\"row-3 odd\">\n\t<td class=\"column-1\">vers Bratislava - Ville<br \/>\n<\/td><td class=\"column-2\">\u20ac100<\/td><td class=\"column-3\">\u20ac115<\/td>\n<\/tr>\n<\/tbody>\n<\/table>\n<!-- #tablepress-27 from cache -->[\/vc_column_text][\/vc_column][\/vc_row][vc_row full_width=&#8221;stretch_row&#8221;][vc_column width=&#8221;1\/2&#8243;][vc_column_text]<h2 class=\"tablepress-table-name tablepress-table-name-id-28\">Trasfert de Budapest \u2013 A\u00e9roport (BUD) \/ Ville<\/h2>\n\n<table id=\"tablepress-28\" class=\"tablepress tablepress-id-28\">\n<thead>\n<tr class=\"row-1 odd\">\n\t<th class=\"column-1\">Trajet <\/th><th class=\"column-2\">4 places<\/th><th class=\"column-3\">7 places<\/th>\n<\/tr>\n<\/thead>\n<tbody class=\"row-hover\">\n<tr class=\"row-2 even\">\n\t<td class=\"column-1\">vers Bratislava - A\u00e9roport (BTS)   <br \/>\n<\/td><td class=\"column-2\">\u20ac235<\/td><td class=\"column-3\">\u20ac265<\/td>\n<\/tr>\n<tr class=\"row-3 odd\">\n\t<td class=\"column-1\">vers Bratislava - Ville<br \/>\n<\/td><td class=\"column-2\">\u20ac235<\/td><td class=\"column-3\">\u20ac265<\/td>\n<\/tr>\n<\/tbody>\n<\/table>\n<!-- #tablepress-28 from cache -->[\/vc_column_text][\/vc_column][vc_column width=&#8221;1\/2&#8243;][vc_column_text]<h2 class=\"tablepress-table-name tablepress-table-name-id-29\">Trasfert de Prague \u2013 A\u00e9roport (PRG) \/ Ville<\/h2>\n\n<table id=\"tablepress-29\" class=\"tablepress tablepress-id-29\">\n<thead>\n<tr class=\"row-1 odd\">\n\t<th class=\"column-1\">Trajet <\/th><th class=\"column-2\">4 places<\/th><th class=\"column-3\">7 places<\/th>\n<\/tr>\n<\/thead>\n<tbody class=\"row-hover\">\n<tr class=\"row-2 even\">\n\t<td class=\"column-1\">vers Bratislava - A\u00e9roport (BTS)   <br \/>\n<\/td><td class=\"column-2\">\u20ac355<\/td><td class=\"column-3\">\u20ac375<\/td>\n<\/tr>\n<tr class=\"row-3 odd\">\n\t<td class=\"column-1\">vers Bratislava - Ville<br \/>\n<\/td><td class=\"column-2\">\u20ac355<\/td><td class=\"column-3\">\u20ac375<\/td>\n<\/tr>\n<\/tbody>\n<\/table>\n<!-- #tablepress-29 from cache -->[\/vc_column_text][\/vc_column][\/vc_row][vc_row][vc_column][vc_column_text]Notre soci\u00e9t\u00e9 propose des services de transport de voyageurs depuis l\u2019a\u00e9roport de Vienne-Schwechat vers Bratislava et d\u2019autres villes slovaques. Si vous avez besoin d\u2019un taxi pour vous rendre \u00e0 Bansk\u00e1 Bystrica ou \u00e0 \u017dilina, vous \u00eates \u00e0 la bonne adresse. Selon vos souhaits, nous vous proposons \u00e9galement des services de transport vers les m\u00e9tropoles des pays voisins comme Budapest et Prague. Nos services sont assur\u00e9s par des chauffeurs exp\u00e9riment\u00e9s et professionnels, forts de longues ann\u00e9es d\u2019exp\u00e9riences. En plus du transfert en taxi, des services compl\u00e9mentaires comme la connexion wifi, de l\u2019eau et des snacks sont mis \u00e0 la disposition de nos clients gratuitement. Nous nous occupons de votre confort. Si vous partez en vacances ou en voyages d\u2019affaires et vous avez besoin d\u2019un taxi entre Bratislava et Vienne, nous sommes enti\u00e8rement \u00e0 votre disposition 24h\/24 et 7j\/7. Nos v\u00e9hicules disposent de quatre ou de sept places. Le taxi vous attendra \u00e0 Vienne ou \u00e0 Bratislava \u00e0 l\u2019heure convenue et vous transportera confortablement \u00e0 votre destination. N\u2019h\u00e9sitez pas et faites appel \u00e0 nos services de qualit\u00e9. En plus du transfert depuis l\u2019a\u00e9roport, les trajets depuis le centre de ville de Bratislava vers l\u2019a\u00e9roport de Vienne-Schwechat ou du centre de Vienne vers l\u2019a\u00e9roport de Bratislava sont \u00e9galement tr\u00e8s populaires.[\/vc_column_text][\/vc_column][\/vc_row]<\/p>\n","protected":false},"excerpt":{"rendered":"<p>[vc_row][vc_column][rev_slider_vc alias=&#8221;home-page-fr&#8221;][\/vc_column][\/vc_row][vc_row][vc_column][vc_column_text][\/vc_column_text][\/vc_column][\/vc_row][vc_row full_width=&#8221;stretch_row&#8221; sc_title_style=&#8221;inverted&#8221; el_id=&#8221;pricelist-section&#8221; css=&#8221;.vc_custom_1479680410872{margin-top: 0px !important;padding-top: 70px !important;padding-bottom: 70px !important;}&#8221; menu_title=&#8221;Pricelist&#8221;][vc_column][vc_row_inner css=&#8221;.vc_custom_1478066807134{margin-top: 20px !important;border-bottom-width: -20px !important;}&#8221;][vc_column_inner css=&#8221;.vc_custom_1478066798622{border-bottom-width: -20px !important;}&#8221;][vc_custom_heading text=&#8221;Tarifs&#8221; font_container=&#8221;tag:h2|text_align:center&#8221; google_fonts=&#8221;font_family:Noto%20Serif%3Aregular%2Citalic%2C700%2C700italic|font_style:400%20regular%3A400%3Anormal&#8221;][vc_single_image image=&#8221;471&#8243; img_size=&#8221;full&#8221; alignment=&#8221;center&#8221; css=&#8221;.vc_custom_1478110577861{margin-top: -20px !important;}&#8221;][\/vc_column_inner][\/vc_row_inner][\/vc_column][\/vc_row][vc_row full_width=&#8221;stretch_row&#8221;][vc_column width=&#8221;1\/2&#8243;][vc_column_text][\/vc_column_text][\/vc_column][vc_column width=&#8221;1\/2&#8243;][vc_column_text][\/vc_column_text][\/vc_column][\/vc_row][vc_row full_width=&#8221;stretch_row&#8221;][vc_column width=&#8221;1\/2&#8243;][vc_column_text][\/vc_column_text][\/vc_column][vc_column width=&#8221;1\/2&#8243;][vc_column_text][\/vc_column_text][\/vc_column][\/vc_row][vc_row full_width=&#8221;stretch_row&#8221;][vc_column width=&#8221;1\/2&#8243;][vc_column_text][\/vc_column_text][\/vc_column][vc_column width=&#8221;1\/2&#8243;][vc_column_text][\/vc_column_text][\/vc_column][\/vc_row][vc_row][vc_column][vc_column_text]Notre soci\u00e9t\u00e9 propose des services de transport de voyageurs depuis l\u2019a\u00e9roport de Vienne-Schwechat vers Bratislava et d\u2019autres [&hellip;]<\/p>\n","protected":false},"author":7,"featured_media":0,"parent":0,"menu_order":0,"comment_status":"closed","ping_status":"closed","template":"","meta":[],"_links":{"self":[{"href":"https:\/\/limousineway.com\/fr\/wp-json\/wp\/v2\/pages\/1001"}],"collection":[{"href":"https:\/\/limousineway.com\/fr\/wp-json\/wp\/v2\/pages"}],"about":[{"href":"https:\/\/limousineway.com\/fr\/wp-json\/wp\/v2\/types\/page"}],"author":[{"embeddable":true,"href":"https:\/\/limousineway.com\/fr\/wp-json\/wp\/v2\/users\/7"}],"replies":[{"embeddable":true,"href":"https:\/\/limousineway.com\/fr\/wp-json\/wp\/v2\/comments?post=1001"}],"version-history":[{"count":6,"href":"https:\/\/limousineway.com\/fr\/wp-json\/wp\/v2\/pages\/1001\/revisions"}],"predecessor-version":[{"id":1630,"href":"https:\/\/limousineway.com\/fr\/wp-json\/wp\/v2\/pages\/1001\/revisions\/1630"}],"wp:attachment":[{"href":"https:\/\/limousineway.com\/fr\/wp-json\/wp\/v2\/media?parent=1001"}],"curies":[{"name":"wp","href":"https:\/\/api.w.org\/{rel}","templated":true}]}}