{"id":1010,"date":"2017-04-19T14:36:20","date_gmt":"2017-04-19T14:36:20","guid":{"rendered":"http:\/\/limousineway.com\/?page_id=1010"},"modified":"2017-06-26T15:36:34","modified_gmt":"2017-06-26T15:36:34","slug":"be-member","status":"publish","type":"page","link":"https:\/\/limousineway.com\/fr\/be-member\/","title":{"rendered":"Devenir membre"},"content":{"rendered":"<p>[vc_row full_width=&#8221;stretch_row&#8221; el_id=&#8221;bemember-section&#8221; css=&#8221;.vc_custom_1484840984298{padding-top: 70px !important;padding-bottom: 70px !important;}&#8221; menu_title=&#8221;Devenir membre&#8221;][vc_column][vc_row_inner css=&#8221;.vc_custom_1478066807134{margin-top: 20px !important;border-bottom-width: -20px !important;}&#8221;][vc_column_inner css=&#8221;.vc_custom_1478066798622{border-bottom-width: -20px !important;}&#8221;][vc_custom_heading text=&#8221;Devenir membre&#8221; font_container=&#8221;tag:h2|text_align:center&#8221; google_fonts=&#8221;font_family:Noto%20Serif%3Aregular%2Citalic%2C700%2C700italic|font_style:400%20regular%3A400%3Anormal&#8221;][vc_single_image image=&#8221;471&#8243; img_size=&#8221;full&#8221; alignment=&#8221;center&#8221; css=&#8221;.vc_custom_1478110577861{margin-top: -20px !important;}&#8221;][\/vc_column_inner][\/vc_row_inner][\/vc_column][\/vc_row][vc_row][vc_column][vc_custom_heading text=&#8221;Avantages pour les membres de Limousineway :&#8221; font_container=&#8221;tag:h3|text_align:left&#8221; google_fonts=&#8221;font_family:Noto%20Serif%3Aregular%2Citalic%2C700%2C700italic|font_style:400%20regular%3A400%3Anormal&#8221;][\/vc_column][\/vc_row][vc_row][vc_column width=&#8221;1\/2&#8243;][vc_column_text]<\/p>\n<div class=\"faq-item\">\n<p>Commandez le transport et b\u00e9n\u00e9ficiez d\u2019un voyage plus simple et plus confortable gr\u00e2ce \u00e0 notre application. Apr\u00e8s avoir effectu\u00e9 la r\u00e9servation, l\u2019application vous indiquera l\u2019arriv\u00e9e de votre chauffeur par SMS et ce au moins une heure en avance, voire plus. Vous pouvez vous-m\u00eame choisir combien de temps en avance vous souhaitez \u00eatre pr\u00e9venu.<\/p>\n<p><strong>Pour chaque distance de 10 kilom\u00e8tres parcourue avec nous, vous voyagerez gratuitement pendant un kilom\u00e8tre<\/strong> lors de votre prochain voyage.<\/p>\n<\/div>\n<p>[\/vc_column_text][\/vc_column][vc_column width=&#8221;1\/2&#8243;][vc_column_text]<\/p>\n<div class=\"faq-item\">\n<p>En vous inscrivant, vous obtenez un <strong>code QR<\/strong> unique que notre chauffeur scannera apr\u00e8s le transport. Vous recevrez ensuite <strong>un mail vous informant<\/strong> du nombre de points et de kilom\u00e8tres acquis.\u00a0<strong>Les points sont les kilom\u00e8tres parcourus, 1 point = 1 km. <\/strong>N\u2019h\u00e9sitez pas \u00e0 vous inscrire avec votre t\u00e9l\u00e9phone portable sur Google Play Store ou App Store.<\/p>\n<\/div>\n<p>[\/vc_column_text][\/vc_column][\/vc_row][vc_row][vc_column width=&#8221;1\/2&#8243;][vc_custom_heading text=&#8221;T\u00e9l\u00e9charger la version pour Android ici: &#8221; font_container=&#8221;tag:h3|text_align:center&#8221; google_fonts=&#8221;font_family:Noto%20Serif%3Aregular%2Citalic%2C700%2C700italic|font_style:400%20regular%3A400%3Anormal&#8221; link=&#8221;url:https%3A%2F%2Fplay.google.com%2Fstore%2Fapps%2Fdetails%3Fid%3Dsk.buuking.limousineway|||&#8221; css=&#8221;.vc_custom_1492639282473{margin-top: 50px !important;}&#8221;][vc_single_image image=&#8221;595&#8243; img_size=&#8221;full&#8221; alignment=&#8221;center&#8221; onclick=&#8221;custom_link&#8221; link=&#8221;https:\/\/play.google.com\/store\/apps\/details?id=sk.buuking.limousineway&#8221; css=&#8221;.vc_custom_1478517710239{margin-top: -60px !important;}&#8221;][\/vc_column][vc_column width=&#8221;1\/2&#8243;][vc_custom_heading text=&#8221;T\u00e9l\u00e9charger la version pour iOS ici:&#8221; font_container=&#8221;tag:h3|text_align:center&#8221; google_fonts=&#8221;font_family:Noto%20Serif%3Aregular%2Citalic%2C700%2C700italic|font_style:400%20regular%3A400%3Anormal&#8221; link=&#8221;url:https%3A%2F%2Fitunes.apple.com%2Fsk%2Fapp%2Flimousineway%2Fid1091514246%3Fmt%3D8|||&#8221; css=&#8221;.vc_custom_1492639299463{margin-top: 50px !important;}&#8221;][vc_single_image image=&#8221;599&#8243; img_size=&#8221;full&#8221; alignment=&#8221;center&#8221; onclick=&#8221;custom_link&#8221; link=&#8221;https:\/\/itunes.apple.com\/sk\/app\/limousineway\/id1091514246?mt=8&#8243; css=&#8221;.vc_custom_1478517715841{margin-top: -60px !important;}&#8221;][\/vc_column][\/vc_row][vc_row el_id=&#8221;mobile-gallery-en&#8221;][vc_column width=&#8221;1\/3&#8243;][vc_single_image image=&#8221;593&#8243; img_size=&#8221;large&#8221;][\/vc_column][vc_column width=&#8221;1\/3&#8243;][vc_single_image image=&#8221;592&#8243; img_size=&#8221;large&#8221;][\/vc_column][vc_column width=&#8221;1\/3&#8243;][vc_single_image image=&#8221;601&#8243; img_size=&#8221;large&#8221;][\/vc_column][\/vc_row][vc_row el_id=&#8221;mobile-picture-en&#8221;][vc_column][vc_single_image image=&#8221;665&#8243; img_size=&#8221;large&#8221;][\/vc_column][\/vc_row][vc_row full_width=&#8221;stretch_row&#8221; el_id=&#8221;contact-section&#8221; css=&#8221;.vc_custom_1478164080424{padding-top: 0px !important;padding-bottom: 70px !important;}&#8221; menu_title=&#8221;Contact&#8221;][vc_column][\/vc_column][\/vc_row]<\/p>\n","protected":false},"excerpt":{"rendered":"<p>[vc_row full_width=&#8221;stretch_row&#8221; el_id=&#8221;bemember-section&#8221; css=&#8221;.vc_custom_1484840984298{padding-top: 70px !important;padding-bottom: 70px !important;}&#8221; menu_title=&#8221;Devenir membre&#8221;][vc_column][vc_row_inner css=&#8221;.vc_custom_1478066807134{margin-top: 20px !important;border-bottom-width: -20px !important;}&#8221;][vc_column_inner css=&#8221;.vc_custom_1478066798622{border-bottom-width: -20px !important;}&#8221;][vc_custom_heading text=&#8221;Devenir membre&#8221; font_container=&#8221;tag:h2|text_align:center&#8221; google_fonts=&#8221;font_family:Noto%20Serif%3Aregular%2Citalic%2C700%2C700italic|font_style:400%20regular%3A400%3Anormal&#8221;][vc_single_image image=&#8221;471&#8243; img_size=&#8221;full&#8221; alignment=&#8221;center&#8221; css=&#8221;.vc_custom_1478110577861{margin-top: -20px !important;}&#8221;][\/vc_column_inner][\/vc_row_inner][\/vc_column][\/vc_row][vc_row][vc_column][vc_custom_heading text=&#8221;Avantages pour les membres de Limousineway :&#8221; font_container=&#8221;tag:h3|text_align:left&#8221; google_fonts=&#8221;font_family:Noto%20Serif%3Aregular%2Citalic%2C700%2C700italic|font_style:400%20regular%3A400%3Anormal&#8221;][\/vc_column][\/vc_row][vc_row][vc_column width=&#8221;1\/2&#8243;][vc_column_text] Commandez le transport et b\u00e9n\u00e9ficiez d\u2019un voyage plus simple et plus confortable gr\u00e2ce \u00e0 notre application. Apr\u00e8s [&hellip;]<\/p>\n","protected":false},"author":7,"featured_media":0,"parent":0,"menu_order":0,"comment_status":"closed","ping_status":"closed","template":"","meta":[],"_links":{"self":[{"href":"https:\/\/limousineway.com\/fr\/wp-json\/wp\/v2\/pages\/1010"}],"collection":[{"href":"https:\/\/limousineway.com\/fr\/wp-json\/wp\/v2\/pages"}],"about":[{"href":"https:\/\/limousineway.com\/fr\/wp-json\/wp\/v2\/types\/page"}],"author":[{"embeddable":true,"href":"https:\/\/limousineway.com\/fr\/wp-json\/wp\/v2\/users\/7"}],"replies":[{"embeddable":true,"href":"https:\/\/limousineway.com\/fr\/wp-json\/wp\/v2\/comments?post=1010"}],"version-history":[{"count":6,"href":"https:\/\/limousineway.com\/fr\/wp-json\/wp\/v2\/pages\/1010\/revisions"}],"predecessor-version":[{"id":1137,"href":"https:\/\/limousineway.com\/fr\/wp-json\/wp\/v2\/pages\/1010\/revisions\/1137"}],"wp:attachment":[{"href":"https:\/\/limousineway.com\/fr\/wp-json\/wp\/v2\/media?parent=1010"}],"curies":[{"name":"wp","href":"https:\/\/api.w.org\/{rel}","templated":true}]}}