{"id":1031,"date":"2017-04-21T08:42:01","date_gmt":"2017-04-21T08:42:01","guid":{"rendered":"http:\/\/limousineway.com\/?page_id=1031"},"modified":"2017-06-26T15:34:49","modified_gmt":"2017-06-26T15:34:49","slug":"about-us","status":"publish","type":"page","link":"https:\/\/limousineway.com\/fr\/about-us\/","title":{"rendered":"Qui sommes-nous"},"content":{"rendered":"<p>[vc_row][vc_column][rev_slider_vc alias=&#8221;home-page-fr&#8221;][\/vc_column][\/vc_row][vc_row el_id=&#8221;about-section&#8221; menu_title=&#8221;Qui sommes-nous&#8221; css=&#8221;.vc_custom_1484840742289{padding-top: 70px !important;}&#8221;][vc_column][vc_row_inner css=&#8221;.vc_custom_1478066807134{margin-top: 20px !important;border-bottom-width: -20px !important;}&#8221;][vc_column_inner css=&#8221;.vc_custom_1478066798622{border-bottom-width: -20px !important;}&#8221;][vc_custom_heading text=&#8221;Qui sommes-nous&#8221; font_container=&#8221;tag:h2|text_align:center&#8221; google_fonts=&#8221;font_family:Noto%20Serif%3Aregular%2Citalic%2C700%2C700italic|font_style:400%20regular%3A400%3Anormal&#8221;][vc_single_image image=&#8221;471&#8243; img_size=&#8221;full&#8221; alignment=&#8221;center&#8221; css=&#8221;.vc_custom_1478110577861{margin-top: -20px !important;}&#8221;][\/vc_column_inner][\/vc_row_inner][\/vc_column][\/vc_row][vc_row][vc_column width=&#8221;1\/2&#8243;][vc_single_image image=&#8221;442&#8243; img_size=&#8221;full&#8221;][vc_cta h2=&#8221;Appelez imm\u00e9diatement: +421 911 888 801&#8243; txt_align=&#8221;center&#8221; shape=&#8221;square&#8221; css=&#8221;.vc_custom_1484840778344{background-color: #2d394f !important;}&#8221;][\/vc_cta][\/vc_column][vc_column width=&#8221;1\/2&#8243;][vc_column_text css=&#8221;.vc_custom_1484840827782{margin-top: 0px !important;margin-right: 0px !important;margin-left: 0px !important;border-bottom-width: 0px !important;}&#8221;]<\/p>\n<div class=\"text-box\">\n<p>Notre soci\u00e9t\u00e9 a pour but d\u2019assurer <strong>des services de transport de haute qualit\u00e9<\/strong> et de vous d\u00e9poser aux endroits que vous aurez choisis. Nous sommes fiables et travaillons avec pr\u00e9cision. Nos <strong>chauffeurs sont exp\u00e9riment\u00e9s et nos v\u00e9hicules<\/strong> Mercedes-Benz <strong>confortables<\/strong>. Conform\u00e9ment \u00e0 vos besoins, nous ne cessons d\u2019\u00e9largir notre parc automobile. Nous proposons des services tr\u00e8s divers pour \u00eatre plus pr\u00e8s de satisfaire toutes vos demandes. O\u00f9 que vous vous trouviez, suite \u00e0 votre appel, nous vous conduisons \u00e0 votre destination.Notre objectif est de vous <strong>offrir du confort, un professionnalisme et un transport haut de gamme<\/strong> en Europe centrale. Nous sommes \u00e0 votre disposition, si vous cherchez un transport professionnel, que ce soit pour vous, pour votre famille ou pour ceux qui vous sont proches. LIMOUSINEWAY s\u2019efforce de donner suite \u00e0 toutes vos requ\u00eates.<\/p>\n<p>Notre \u00e9quipe compos\u00e9e de professionnels vous <strong>permettra de vivre une exp\u00e9rience de luxe et un voyage en toute s\u00e9curit\u00e9<\/strong>. Nous proposons des services de transport dans toute l\u2019Europe centrale 24h\/24, 7j\/7. Vous cherchez une location de v\u00e9hicule avec chauffeur qui convient le mieux \u00e0 votre \u00e9v\u00e9nement ? N\u2019h\u00e9sitez pas \u00e0 contacter notre \u00e9quipe conviviale pour b\u00e9n\u00e9ficier des <strong>services extraordinaires<\/strong> \u00e0 des prix abordables.<\/p>\n<p>Nous vous souhaitons un agr\u00e9able voyage avec LIMOUSINEWAY !<\/p>\n<\/div>\n<p>[\/vc_column_text][\/vc_column][\/vc_row][vc_row][vc_column width=&#8221;1\/2&#8243;][vc_single_image image=&#8221;683&#8243; img_size=&#8221;large&#8221;][vc_custom_heading text=&#8221;Mercedes E Class W212 Facelift&#8221; font_container=&#8221;tag:h3|text_align:left&#8221; google_fonts=&#8221;font_family:Noto%20Serif%3Aregular%2Citalic%2C700%2C700italic|font_style:400%20regular%3A400%3Anormal&#8221;][vc_column_text]Limousine standard, peinture noire m\u00e9tallis\u00e9e, climatisation, syst\u00e8me de sonorisation, 12 coussins gonflables etc. Pour 4 personnes mais pour un meilleur confort maximum 3 personnes.[\/vc_column_text][\/vc_column][vc_column width=&#8221;1\/2&#8243;][vc_single_image image=&#8221;691&#8243; img_size=&#8221;large&#8221;][vc_custom_heading text=&#8221;Mercedes V Class&#8221; font_container=&#8221;tag:h3|text_align:left&#8221; google_fonts=&#8221;font_family:Noto%20Serif%3Aregular%2Citalic%2C700%2C700italic|font_style:400%20regular%3A400%3Anormal&#8221;][vc_column_text]Van \u00e9l\u00e9gant m\u00e9tallis\u00e9 pour 6 personnes (7 maximum) offrant tout le confort d\u2019un v\u00e9hicule d\u2019affaires ou de tourisme sur de longues distances.[\/vc_column_text][\/vc_column][\/vc_row]<\/p>\n","protected":false},"excerpt":{"rendered":"<p>[vc_row][vc_column][rev_slider_vc alias=&#8221;home-page-fr&#8221;][\/vc_column][\/vc_row][vc_row el_id=&#8221;about-section&#8221; menu_title=&#8221;Qui sommes-nous&#8221; css=&#8221;.vc_custom_1484840742289{padding-top: 70px !important;}&#8221;][vc_column][vc_row_inner css=&#8221;.vc_custom_1478066807134{margin-top: 20px !important;border-bottom-width: -20px !important;}&#8221;][vc_column_inner css=&#8221;.vc_custom_1478066798622{border-bottom-width: -20px !important;}&#8221;][vc_custom_heading text=&#8221;Qui sommes-nous&#8221; font_container=&#8221;tag:h2|text_align:center&#8221; google_fonts=&#8221;font_family:Noto%20Serif%3Aregular%2Citalic%2C700%2C700italic|font_style:400%20regular%3A400%3Anormal&#8221;][vc_single_image image=&#8221;471&#8243; img_size=&#8221;full&#8221; alignment=&#8221;center&#8221; css=&#8221;.vc_custom_1478110577861{margin-top: -20px !important;}&#8221;][\/vc_column_inner][\/vc_row_inner][\/vc_column][\/vc_row][vc_row][vc_column width=&#8221;1\/2&#8243;][vc_single_image image=&#8221;442&#8243; img_size=&#8221;full&#8221;][vc_cta h2=&#8221;Appelez imm\u00e9diatement: +421 911 888 801&#8243; txt_align=&#8221;center&#8221; shape=&#8221;square&#8221; css=&#8221;.vc_custom_1484840778344{background-color: #2d394f !important;}&#8221;][\/vc_cta][\/vc_column][vc_column width=&#8221;1\/2&#8243;][vc_column_text css=&#8221;.vc_custom_1484840827782{margin-top: 0px !important;margin-right: 0px !important;margin-left: 0px !important;border-bottom-width: 0px !important;}&#8221;] Notre soci\u00e9t\u00e9 a pour but [&hellip;]<\/p>\n","protected":false},"author":7,"featured_media":0,"parent":0,"menu_order":0,"comment_status":"closed","ping_status":"closed","template":"","meta":[],"_links":{"self":[{"href":"https:\/\/limousineway.com\/fr\/wp-json\/wp\/v2\/pages\/1031"}],"collection":[{"href":"https:\/\/limousineway.com\/fr\/wp-json\/wp\/v2\/pages"}],"about":[{"href":"https:\/\/limousineway.com\/fr\/wp-json\/wp\/v2\/types\/page"}],"author":[{"embeddable":true,"href":"https:\/\/limousineway.com\/fr\/wp-json\/wp\/v2\/users\/7"}],"replies":[{"embeddable":true,"href":"https:\/\/limousineway.com\/fr\/wp-json\/wp\/v2\/comments?post=1031"}],"version-history":[{"count":6,"href":"https:\/\/limousineway.com\/fr\/wp-json\/wp\/v2\/pages\/1031\/revisions"}],"predecessor-version":[{"id":1437,"href":"https:\/\/limousineway.com\/fr\/wp-json\/wp\/v2\/pages\/1031\/revisions\/1437"}],"wp:attachment":[{"href":"https:\/\/limousineway.com\/fr\/wp-json\/wp\/v2\/media?parent=1031"}],"curies":[{"name":"wp","href":"https:\/\/api.w.org\/{rel}","templated":true}]}}