{"id":950,"date":"2017-04-17T07:21:50","date_gmt":"2017-04-17T07:21:50","guid":{"rendered":"http:\/\/limousineway.com\/?page_id=950"},"modified":"2017-07-24T12:45:35","modified_gmt":"2017-07-24T12:45:35","slug":"services","status":"publish","type":"page","link":"https:\/\/limousineway.com\/fr\/services\/","title":{"rendered":"Services"},"content":{"rendered":"<p>[vc_row full_width=&#8221;stretch_row_content&#8221; sc_title_style=&#8221;inverted&#8221; el_id=&#8221;services-section&#8221; css=&#8221;.vc_custom_1478113243082{padding-top: 70px !important;padding-bottom: 40px !important;}&#8221; menu_title=&#8221;Services&#8221;][vc_column][vc_row_inner css=&#8221;.vc_custom_1478066807134{margin-top: 20px !important;border-bottom-width: -20px !important;}&#8221;][vc_column_inner css=&#8221;.vc_custom_1478066798622{border-bottom-width: -20px !important;}&#8221;][vc_custom_heading text=&#8221;Services&#8221; font_container=&#8221;tag:h2|text_align:center&#8221; google_fonts=&#8221;font_family:Noto%20Serif%3Aregular%2Citalic%2C700%2C700italic|font_style:400%20regular%3A400%3Anormal&#8221;][vc_single_image image=&#8221;471&#8243; img_size=&#8221;full&#8221; alignment=&#8221;center&#8221; css=&#8221;.vc_custom_1478110577861{margin-top: -20px !important;}&#8221;][\/vc_column_inner][\/vc_row_inner][\/vc_column][\/vc_row][vc_row][vc_column width=&#8221;1\/3&#8243;][vc_single_image image=&#8221;480&#8243; img_size=&#8221;large&#8221;][vc_custom_heading text=&#8221;Transfert a\u00e9roport<br \/>\n&#8221; font_container=&#8221;tag:h3|text_align:left&#8221; google_fonts=&#8221;font_family:Noto%20Serif%3Aregular%2Citalic%2C700%2C700italic|font_style:400%20regular%3A400%3Anormal&#8221;][vc_column_text]Nos <strong>chauffeurs exp\u00e9riment\u00e9s<\/strong> vous conduiront en toute s\u00e9curit\u00e9 \u00e0 l\u2019endroit que vous choisissez. Soyez toujours \u00e0 l\u2019heure, o\u00f9 que vous alliez, <strong>arrivez \u00e0 votre destination sans stress et d\u00e9tendu<\/strong>. Notre chauffeur se chargera de votre confort et sera \u00e0 votre \u00e9coute en cas de besoin. Il suffit de nous envoyer votre num\u00e9ro de vol et nous nous occuperons du reste.Notre chauffeur vous attendra dans le hall d\u2019arriv\u00e9e avec une pancarte portant votre nom. <strong>Il sera heureux de vous aider avec les bagages<\/strong>, il vous accompagnera vers la limousine et vous conduira \u00e0 votre destination.[\/vc_column_text][vc_btn title=&#8221;Order now&#8221; style=&#8221;custom&#8221; custom_background=&#8221;#d8b07a&#8221; custom_text=&#8221;#121212&#8243; shape=&#8221;square&#8221; css=&#8221;.vc_custom_1492438977415{padding-right: 0px !important;padding-left: 0px !important;}&#8221; link=&#8221;url:http%3A%2F%2Flimousineway.com%2Ffr%2Forder-section|||&#8221;][\/vc_column][vc_column width=&#8221;1\/3&#8243;][vc_single_image image=&#8221;486&#8243; img_size=&#8221;large&#8221;][vc_custom_heading text=&#8221;Soir\u00e9es \/ transport de soci\u00e9t\u00e9<br \/>\n&#8221; font_container=&#8221;tag:h3|text_align:left&#8221; google_fonts=&#8221;font_family:Noto%20Serif%3Aregular%2Citalic%2C700%2C700italic|font_style:400%20regular%3A400%3Anormal&#8221;][vc_column_text]Nous proposons des<strong> services professionnels de haute qualit\u00e9 dans le domaine du transport<\/strong> de personnes \u00e0 des prix comp\u00e9titifs et qui r\u00e9pondent \u00e0 la qualit\u00e9 de nos services. Si vous avez besoin d&#8217;un transport, peu importe le but et le lieu de votre destination, nous sommes l\u00e0 pour vous. Vous pouvez nous envoyer votre commande \u00e0 tout moment. Nous sommes disponibles 24h\/24, <strong>nos chauffeurs professionnels et form\u00e9s sont pr\u00eats<\/strong> \u00e0 vous transporter \u00e0 des \u00e9v\u00e9nements divers, aux concerts, aux remises des dipl\u00f4mes, aux f\u00eates d\u2019anniversaire aussi bien qu\u2019aux r\u00e9unions d\u2019affaires.\u00a0<strong>Avec nous, vous arriverez partout comme une vraie star\u00a0!<\/strong>[\/vc_column_text][vc_btn title=&#8221;Order now&#8221; style=&#8221;custom&#8221; custom_background=&#8221;#d8b07a&#8221; custom_text=&#8221;#121212&#8243; shape=&#8221;square&#8221; css=&#8221;.vc_custom_1492438990167{padding-right: 0px !important;padding-left: 0px !important;}&#8221; link=&#8221;url:http%3A%2F%2Flimousineway.com%2Ffr%2Forder-section|||&#8221;][\/vc_column][vc_column width=&#8221;1\/3&#8243;][vc_single_image image=&#8221;484&#8243; img_size=&#8221;large&#8221;][vc_custom_heading text=&#8221;Mariages &#8221; font_container=&#8221;tag:h3|text_align:left&#8221; google_fonts=&#8221;font_family:Noto%20Serif%3Aregular%2Citalic%2C700%2C700italic|font_style:400%20regular%3A400%3Anormal&#8221;][vc_column_text]Le mariage est un moment inoubliable aussi bien pour les hommes que pour les femmes.\u00a0<strong>Notre soci\u00e9t\u00e9 est consciente de l\u2019importance que rev\u00eat cette journ\u00e9e pour vous. \u00a0<\/strong>Vous pouvez ainsi compter sur la qualit\u00e9 de nos services, la tenue professionnelle de nos chauffeurs et les meilleurs \u00e9quipements de nos v\u00e9hicules. Avec nous, vous vivrez votre journ\u00e9e comme dans un film. Nous vous proposons le plus haut standard et de la classe sup\u00e9rieure pour graver cette journ\u00e9e \u00e0 jamais dans votre m\u00e9moire. Nous sommes \u00e0 votre disposition si vous cherchez des services de transport de la meilleure qualit\u00e9 et un chauffeur portant une tenue irr\u00e9prochable pour votre grand jour. <strong>Notre soci\u00e9t\u00e9 vous proposera toute une gamme de solutions pour vous et pour vos invit\u00e9s.<\/strong>[\/vc_column_text][vc_btn title=&#8221;Order now&#8221; style=&#8221;custom&#8221; custom_background=&#8221;#d8b07a&#8221; custom_text=&#8221;#121212&#8243; shape=&#8221;square&#8221; css=&#8221;.vc_custom_1492439001617{padding-right: 0px !important;padding-left: 0px !important;}&#8221; link=&#8221;url:http%3A%2F%2Flimousineway.com%2Ffr%2Forder-section|||&#8221;][\/vc_column][\/vc_row]<\/p>\n","protected":false},"excerpt":{"rendered":"<p>[vc_row full_width=&#8221;stretch_row_content&#8221; sc_title_style=&#8221;inverted&#8221; el_id=&#8221;services-section&#8221; css=&#8221;.vc_custom_1478113243082{padding-top: 70px !important;padding-bottom: 40px !important;}&#8221; menu_title=&#8221;Services&#8221;][vc_column][vc_row_inner css=&#8221;.vc_custom_1478066807134{margin-top: 20px !important;border-bottom-width: -20px !important;}&#8221;][vc_column_inner css=&#8221;.vc_custom_1478066798622{border-bottom-width: -20px !important;}&#8221;][vc_custom_heading text=&#8221;Services&#8221; font_container=&#8221;tag:h2|text_align:center&#8221; google_fonts=&#8221;font_family:Noto%20Serif%3Aregular%2Citalic%2C700%2C700italic|font_style:400%20regular%3A400%3Anormal&#8221;][vc_single_image image=&#8221;471&#8243; img_size=&#8221;full&#8221; alignment=&#8221;center&#8221; css=&#8221;.vc_custom_1478110577861{margin-top: -20px !important;}&#8221;][\/vc_column_inner][\/vc_row_inner][\/vc_column][\/vc_row][vc_row][vc_column width=&#8221;1\/3&#8243;][vc_single_image image=&#8221;480&#8243; img_size=&#8221;large&#8221;][vc_custom_heading text=&#8221;Transfert a\u00e9roport &#8221; font_container=&#8221;tag:h3|text_align:left&#8221; google_fonts=&#8221;font_family:Noto%20Serif%3Aregular%2Citalic%2C700%2C700italic|font_style:400%20regular%3A400%3Anormal&#8221;][vc_column_text]Nos chauffeurs exp\u00e9riment\u00e9s vous conduiront en toute s\u00e9curit\u00e9 \u00e0 l\u2019endroit que vous choisissez. Soyez toujours \u00e0 l\u2019heure, o\u00f9 que vous alliez, [&hellip;]<\/p>\n","protected":false},"author":7,"featured_media":0,"parent":0,"menu_order":0,"comment_status":"closed","ping_status":"closed","template":"","meta":[],"_links":{"self":[{"href":"https:\/\/limousineway.com\/fr\/wp-json\/wp\/v2\/pages\/950"}],"collection":[{"href":"https:\/\/limousineway.com\/fr\/wp-json\/wp\/v2\/pages"}],"about":[{"href":"https:\/\/limousineway.com\/fr\/wp-json\/wp\/v2\/types\/page"}],"author":[{"embeddable":true,"href":"https:\/\/limousineway.com\/fr\/wp-json\/wp\/v2\/users\/7"}],"replies":[{"embeddable":true,"href":"https:\/\/limousineway.com\/fr\/wp-json\/wp\/v2\/comments?post=950"}],"version-history":[{"count":6,"href":"https:\/\/limousineway.com\/fr\/wp-json\/wp\/v2\/pages\/950\/revisions"}],"predecessor-version":[{"id":1508,"href":"https:\/\/limousineway.com\/fr\/wp-json\/wp\/v2\/pages\/950\/revisions\/1508"}],"wp:attachment":[{"href":"https:\/\/limousineway.com\/fr\/wp-json\/wp\/v2\/media?parent=950"}],"curies":[{"name":"wp","href":"https:\/\/api.w.org\/{rel}","templated":true}]}}