{"id":1001,"date":"2017-04-19T13:57:49","date_gmt":"2017-04-19T13:57:49","guid":{"rendered":"http:\/\/limousineway.com\/?page_id=1001"},"modified":"2019-12-09T14:04:43","modified_gmt":"2019-12-09T14:04:43","slug":"home","status":"publish","type":"page","link":"https:\/\/limousineway.com\/it\/","title":{"rendered":"Chi siamo"},"content":{"rendered":"<p>[vc_row][vc_column][rev_slider_vc alias=&#8221;home-page-it&#8221;][\/vc_column][\/vc_row][vc_row][vc_column][vc_column_text]<h2 class=\"tablepress-table-name tablepress-table-name-id-48\">Viaggi preferiti<\/h2>\n\n<table id=\"tablepress-48\" class=\"tablepress tablepress-id-48\">\n<thead>\n<tr class=\"row-1 odd\">\n\t<th class=\"column-1\">Tragitto<\/th><th class=\"column-2\">4 posti<\/th><th class=\"column-3\">7 posti<\/th><th class=\"column-4\">S - class<\/th>\n<\/tr>\n<\/thead>\n<tbody class=\"row-hover\">\n<tr class=\"row-2 even\">\n\t<td class=\"column-1\">Vienna airport to Bratislava City\/Airport<\/td><td class=\"column-2\">\u20ac75<\/td><td class=\"column-3\">\u20ac100<\/td><td class=\"column-4\">\u20ac100<\/td>\n<\/tr>\n<tr class=\"row-3 odd\">\n\t<td class=\"column-1\">Vienna City to Bratislava City\/Airport <\/td><td class=\"column-2\">\u20ac100<\/td><td class=\"column-3\">\u20ac115<\/td><td class=\"column-4\">\u20ac135<\/td>\n<\/tr>\n<tr class=\"row-4 even\">\n\t<td class=\"column-1\">Bratislava Airport to Vienna City<\/td><td class=\"column-2\">\u20ac100<\/td><td class=\"column-3\">\u20ac115<\/td><td class=\"column-4\">\u20ac135<\/td>\n<\/tr>\n<tr class=\"row-5 odd\">\n\t<td class=\"column-1\">Bratislava City\/Airport to Vienna Airport<\/td><td class=\"column-2\">\u20ac75<\/td><td class=\"column-3\">\u20ac100<\/td><td class=\"column-4\">\u20ac100<\/td>\n<\/tr>\n<tr class=\"row-6 even\">\n\t<td class=\"column-1\">Bratislava Airport to Bratislava city<\/td><td class=\"column-2\">\u20ac40<\/td><td class=\"column-3\">\u20ac55<\/td><td class=\"column-4\">\u20ac55<\/td>\n<\/tr>\n<\/tbody>\n<\/table>\n[\/vc_column_text][\/vc_column][\/vc_row][vc_row full_width=&#8221;stretch_row&#8221; sc_title_style=&#8221;inverted&#8221; el_id=&#8221;pricelist-section&#8221; css=&#8221;.vc_custom_1484840943442{margin-top: 0px !important;padding-top: 70px !important;padding-bottom: 70px !important;}&#8221; menu_title=&#8221;Tarifs&#8221;][vc_column][vc_row_inner css=&#8221;.vc_custom_1478066807134{margin-top: 20px !important;border-bottom-width: -20px !important;}&#8221;][vc_column_inner css=&#8221;.vc_custom_1478066798622{border-bottom-width: -20px !important;}&#8221;][vc_custom_heading text=&#8221;Chi siamo&#8221; font_container=&#8221;tag:h2|text_align:center&#8221; google_fonts=&#8221;font_family:Noto%20Serif%3Aregular%2Citalic%2C700%2C700italic|font_style:400%20regular%3A400%3Anormal&#8221;][vc_single_image image=&#8221;471&#8243; img_size=&#8221;full&#8221; alignment=&#8221;center&#8221; css=&#8221;.vc_custom_1478110577861{margin-top: -20px !important;}&#8221;][\/vc_column_inner][\/vc_row_inner][\/vc_column][\/vc_row][vc_row full_width=&#8221;stretch_row&#8221;][vc_column width=&#8221;1\/2&#8243;][vc_column_text]<h2 class=\"tablepress-table-name tablepress-table-name-id-36\">Trasferimento da Bratislava - Aeroporto (BTS)<\/h2>\n\n<table id=\"tablepress-36\" class=\"tablepress tablepress-id-36\">\n<thead>\n<tr class=\"row-1 odd\">\n\t<th class=\"column-1\">Tragitto<\/th><th class=\"column-2\">4 posti<\/th><th class=\"column-3\">7 posti<\/th>\n<\/tr>\n<\/thead>\n<tbody class=\"row-hover\">\n<tr class=\"row-2 even\">\n\t<td class=\"column-1\">a Bratislava - Citt\u00e0<\/td><td class=\"column-2\">\u20ac40<\/td><td class=\"column-3\">\u20ac55<\/td>\n<\/tr>\n<tr class=\"row-3 odd\">\n\t<td class=\"column-1\">a Bansk\u00e1 Bystrica - Citt\u00e0<br \/>\n<\/td><td class=\"column-2\">\u20ac190<\/td><td class=\"column-3\">\u20ac205<\/td>\n<\/tr>\n<tr class=\"row-4 even\">\n\t<td class=\"column-1\">a \u017dilina - Citt\u00e0<br \/>\n<\/td><td class=\"column-2\">\u20ac180<\/td><td class=\"column-3\">\u20ac205<\/td>\n<\/tr>\n<tr class=\"row-5 odd\">\n\t<td class=\"column-1\">a Vienna - Aeroporto (VIE)<br \/>\n<\/td><td class=\"column-2\">\u20ac75<\/td><td class=\"column-3\">\u20ac100<\/td>\n<\/tr>\n<tr class=\"row-6 even\">\n\t<td class=\"column-1\">a Vienna - Citt\u00e0<br \/>\n<\/td><td class=\"column-2\">\u20ac100<\/td><td class=\"column-3\">\u20ac115<\/td>\n<\/tr>\n<tr class=\"row-7 odd\">\n\t<td class=\"column-1\">a Budapest - Aeroporto (BUD) \/ Citt\u00e0<br \/>\n<\/td><td class=\"column-2\">\u20ac235<\/td><td class=\"column-3\">\u20ac265<\/td>\n<\/tr>\n<tr class=\"row-8 even\">\n\t<td class=\"column-1\">a Praga - Aeroporto (PRG) \/ Citt\u00e0<br \/>\n<\/td><td class=\"column-2\">\u20ac355<\/td><td class=\"column-3\">\u20ac375<\/td>\n<\/tr>\n<\/tbody>\n<\/table>\n[\/vc_column_text][\/vc_column][vc_column width=&#8221;1\/2&#8243;][vc_column_text]<h2 class=\"tablepress-table-name tablepress-table-name-id-31\">Trasferimento da Bratislava - Citt\u00e0<\/h2>\n\n<table id=\"tablepress-31\" class=\"tablepress tablepress-id-31\">\n<thead>\n<tr class=\"row-1 odd\">\n\t<th class=\"column-1\">Tragitto<\/th><th class=\"column-2\">4 posti<\/th><th class=\"column-3\">7 posti<\/th>\n<\/tr>\n<\/thead>\n<tbody class=\"row-hover\">\n<tr class=\"row-2 even\">\n\t<td class=\"column-1\">a Bratislava - Aeroporto (BTS)<br \/>\n<\/td><td class=\"column-2\">\u20ac40<\/td><td class=\"column-3\">\u20ac55<\/td>\n<\/tr>\n<tr class=\"row-3 odd\">\n\t<td class=\"column-1\">a Bansk\u00e1 Bystrica - Citt\u00e0<br \/>\n<\/td><td class=\"column-2\">\u20ac190<\/td><td class=\"column-3\">\u20ac205<\/td>\n<\/tr>\n<tr class=\"row-4 even\">\n\t<td class=\"column-1\">a \u017dilina - Citt\u00e0<br \/>\n<\/td><td class=\"column-2\">\u20ac180<\/td><td class=\"column-3\">\u20ac205<\/td>\n<\/tr>\n<tr class=\"row-5 odd\">\n\t<td class=\"column-1\">a Vienna - Aeroporto (VIE)<br \/>\n<\/td><td class=\"column-2\">\u20ac75<\/td><td class=\"column-3\">\u20ac100<\/td>\n<\/tr>\n<tr class=\"row-6 even\">\n\t<td class=\"column-1\">a Vienna - Citt\u00e0<br \/>\n<\/td><td class=\"column-2\">\u20ac100<\/td><td class=\"column-3\">\u20ac115<\/td>\n<\/tr>\n<tr class=\"row-7 odd\">\n\t<td class=\"column-1\">a Budapest - Aeroporto (BUD) \/ Citt\u00e0<br \/>\n<\/td><td class=\"column-2\">\u20ac235<\/td><td class=\"column-3\">\u20ac265<\/td>\n<\/tr>\n<tr class=\"row-8 even\">\n\t<td class=\"column-1\">a Praga - Aeroporto (PRG) \/ Citt\u00e0<br \/>\n<\/td><td class=\"column-2\">\u20ac355<\/td><td class=\"column-3\">\u20ac375<\/td>\n<\/tr>\n<\/tbody>\n<\/table>\n[\/vc_column_text][\/vc_column][\/vc_row][vc_row full_width=&#8221;stretch_row&#8221;][vc_column width=&#8221;1\/2&#8243;][vc_column_text]<h2 class=\"tablepress-table-name tablepress-table-name-id-32\">Trasferimento da Vienna - Aeroporto (VIE) \/ Schwechat<\/h2>\n\n<table id=\"tablepress-32\" class=\"tablepress tablepress-id-32\">\n<thead>\n<tr class=\"row-1 odd\">\n\t<th class=\"column-1\">Tragitto<\/th><th class=\"column-2\">4 posti<\/th><th class=\"column-3\">7 posti<\/th>\n<\/tr>\n<\/thead>\n<tbody class=\"row-hover\">\n<tr class=\"row-2 even\">\n\t<td class=\"column-1\">a Bratislava - Aeroporto (BTS)<br \/>\n<\/td><td class=\"column-2\">\u20ac75<\/td><td class=\"column-3\">\u20ac100<\/td>\n<\/tr>\n<tr class=\"row-3 odd\">\n\t<td class=\"column-1\">a Bratislava - Citt\u00e0<br \/>\n<\/td><td class=\"column-2\">\u20ac75<\/td><td class=\"column-3\">\u20ac100<\/td>\n<\/tr>\n<tr class=\"row-4 even\">\n\t<td class=\"column-1\">a Bansk\u00e1 Bystrica - Citt\u00e0<br \/>\n<\/td><td class=\"column-2\">\u20ac245<\/td><td class=\"column-3\">\u20ac270<\/td>\n<\/tr>\n<tr class=\"row-5 odd\">\n\t<td class=\"column-1\">a \u017dilina - Citt\u00e0<br \/>\n<\/td><td class=\"column-2\">\u20ac235<\/td><td class=\"column-3\">\u20ac270<\/td>\n<\/tr>\n<\/tbody>\n<\/table>\n[\/vc_column_text][\/vc_column][vc_column width=&#8221;1\/2&#8243;][vc_column_text]<h2 class=\"tablepress-table-name tablepress-table-name-id-33\">Trasferimento da Vienna - Citt\u00e0<\/h2>\n\n<table id=\"tablepress-33\" class=\"tablepress tablepress-id-33\">\n<thead>\n<tr class=\"row-1 odd\">\n\t<th class=\"column-1\">Tragitto<\/th><th class=\"column-2\">4 posti<\/th><th class=\"column-3\">7 posti<\/th>\n<\/tr>\n<\/thead>\n<tbody class=\"row-hover\">\n<tr class=\"row-2 even\">\n\t<td class=\"column-1\">a Bratislava - Aeroporto (BTS)<br \/>\n<\/td><td class=\"column-2\">\u20ac100<\/td><td class=\"column-3\">\u20ac115<\/td>\n<\/tr>\n<tr class=\"row-3 odd\">\n\t<td class=\"column-1\">a Bratislava - Citt\u00e0<br \/>\n<\/td><td class=\"column-2\">\u20ac100<\/td><td class=\"column-3\">\u20ac115<\/td>\n<\/tr>\n<\/tbody>\n<\/table>\n[\/vc_column_text][\/vc_column][\/vc_row][vc_row full_width=&#8221;stretch_row&#8221;][vc_column width=&#8221;1\/2&#8243;][vc_column_text]<h2 class=\"tablepress-table-name tablepress-table-name-id-34\">Trasferimento da Budapest Aeroporto (BUD) \/ Citt\u00e0<\/h2>\n\n<table id=\"tablepress-34\" class=\"tablepress tablepress-id-34\">\n<thead>\n<tr class=\"row-1 odd\">\n\t<th class=\"column-1\">Tragitto<\/th><th class=\"column-2\">4 posti<\/th><th class=\"column-3\">7 posti<\/th>\n<\/tr>\n<\/thead>\n<tbody class=\"row-hover\">\n<tr class=\"row-2 even\">\n\t<td class=\"column-1\">a Bratislava - Aeroporto (BTS)<br \/>\n<\/td><td class=\"column-2\">\u20ac235<\/td><td class=\"column-3\">\u20ac265<\/td>\n<\/tr>\n<tr class=\"row-3 odd\">\n\t<td class=\"column-1\">a Bratislava - Citt\u00e0<br \/>\n<\/td><td class=\"column-2\">\u20ac235<\/td><td class=\"column-3\">\u20ac265<\/td>\n<\/tr>\n<\/tbody>\n<\/table>\n[\/vc_column_text][\/vc_column][vc_column width=&#8221;1\/2&#8243;][vc_column_text]<h2 class=\"tablepress-table-name tablepress-table-name-id-35\">Trasferimento da Praga - Aeroporto (PRG) \/ Citt\u00e0<\/h2>\n\n<table id=\"tablepress-35\" class=\"tablepress tablepress-id-35\">\n<thead>\n<tr class=\"row-1 odd\">\n\t<th class=\"column-1\">Tragitto<\/th><th class=\"column-2\">4 posti<\/th><th class=\"column-3\">7 posti<\/th>\n<\/tr>\n<\/thead>\n<tbody class=\"row-hover\">\n<tr class=\"row-2 even\">\n\t<td class=\"column-1\">a Bratislava - Aeroporto (BTS)<br \/>\n<\/td><td class=\"column-2\">\u20ac355<\/td><td class=\"column-3\">\u20ac375<\/td>\n<\/tr>\n<tr class=\"row-3 odd\">\n\t<td class=\"column-1\">a Bratislava - Citt\u00e0<br \/>\n<\/td><td class=\"column-2\">\u20ac355<\/td><td class=\"column-3\">\u20ac375<\/td>\n<\/tr>\n<\/tbody>\n<\/table>\n[\/vc_column_text][\/vc_column][\/vc_row][vc_row][vc_column][vc_column_text]La nostra azienda fornisce servizi di trasporto di persone dall\u00b4aeroporto di Vienna\u00a0 &#8211;\u00a0Schwechat\u00a0a Bratislava e in altre citt\u00e0 slovacche. Quindi, se avete bisogno di un taxi per Bansk\u00e1 Bystrica o \u017dilina siete al posto giusto. Allo stesso modo forniamo servizi di taxi per le metropoli vicine di altri paesi come Budapest e Praga. I nostri servizi vengono forniti con autisti esperti e accreditati con anni di esperienza. Oltre ai servizi di trasporto in taxi sono disponibili anche servizi aggiuntivi, come la connessione Wi-Fi, l\u00b4acqua o gli snack. Tutti questi servizi sono gratuiti per i nostri clienti. Abbiamo a cuore il vostro comfort. Se avete bisogno di un taxi da Bratislava a Vienna, state andando in vacanza o ad un incontro di lavoro, siamo a vostra disposizione 24 ore al giorno, 7 giorni alla settimana. Le nostre vetture taxi sono disponibili a quattro o sette posti. Il Taxi Vi aspetter\u00e0 a Vienna o Bratislava nel tempo esatto concordato e comodamente vi porter\u00e0 a destinazione.\u00a0Utilizzate i nostri servizi provati.\u00a0Oltre ai trasferimenti dall\u00b4aeroporto sono ricercati e frequentemente utilizzati anche i tragitti da Bratislava all\u00b4aeroporto di Vienna Schwechat, o nella direzione opposta cio\u00e8 dal centro di Vienna all&#8217;aeroporto di Bratislava.[\/vc_column_text][\/vc_column][\/vc_row]<\/p>\n","protected":false},"excerpt":{"rendered":"<p>[vc_row][vc_column][rev_slider_vc alias=&#8221;home-page-it&#8221;][\/vc_column][\/vc_row][vc_row][vc_column][vc_column_text][\/vc_column_text][\/vc_column][\/vc_row][vc_row full_width=&#8221;stretch_row&#8221; sc_title_style=&#8221;inverted&#8221; el_id=&#8221;pricelist-section&#8221; css=&#8221;.vc_custom_1484840943442{margin-top: 0px !important;padding-top: 70px !important;padding-bottom: 70px !important;}&#8221; menu_title=&#8221;Tarifs&#8221;][vc_column][vc_row_inner css=&#8221;.vc_custom_1478066807134{margin-top: 20px !important;border-bottom-width: -20px !important;}&#8221;][vc_column_inner css=&#8221;.vc_custom_1478066798622{border-bottom-width: -20px !important;}&#8221;][vc_custom_heading text=&#8221;Chi siamo&#8221; font_container=&#8221;tag:h2|text_align:center&#8221; google_fonts=&#8221;font_family:Noto%20Serif%3Aregular%2Citalic%2C700%2C700italic|font_style:400%20regular%3A400%3Anormal&#8221;][vc_single_image image=&#8221;471&#8243; img_size=&#8221;full&#8221; alignment=&#8221;center&#8221; css=&#8221;.vc_custom_1478110577861{margin-top: -20px !important;}&#8221;][\/vc_column_inner][\/vc_row_inner][\/vc_column][\/vc_row][vc_row full_width=&#8221;stretch_row&#8221;][vc_column width=&#8221;1\/2&#8243;][vc_column_text][\/vc_column_text][\/vc_column][vc_column width=&#8221;1\/2&#8243;][vc_column_text][\/vc_column_text][\/vc_column][\/vc_row][vc_row full_width=&#8221;stretch_row&#8221;][vc_column width=&#8221;1\/2&#8243;][vc_column_text][\/vc_column_text][\/vc_column][vc_column width=&#8221;1\/2&#8243;][vc_column_text][\/vc_column_text][\/vc_column][\/vc_row][vc_row full_width=&#8221;stretch_row&#8221;][vc_column width=&#8221;1\/2&#8243;][vc_column_text][\/vc_column_text][\/vc_column][vc_column width=&#8221;1\/2&#8243;][vc_column_text][\/vc_column_text][\/vc_column][\/vc_row][vc_row][vc_column][vc_column_text]La nostra azienda fornisce servizi di trasporto di persone dall\u00b4aeroporto di Vienna\u00a0 &#8211;\u00a0Schwechat\u00a0a Bratislava e in [&hellip;]<\/p>\n","protected":false},"author":7,"featured_media":0,"parent":0,"menu_order":0,"comment_status":"closed","ping_status":"closed","template":"","meta":[],"_links":{"self":[{"href":"https:\/\/limousineway.com\/it\/wp-json\/wp\/v2\/pages\/1001"}],"collection":[{"href":"https:\/\/limousineway.com\/it\/wp-json\/wp\/v2\/pages"}],"about":[{"href":"https:\/\/limousineway.com\/it\/wp-json\/wp\/v2\/types\/page"}],"author":[{"embeddable":true,"href":"https:\/\/limousineway.com\/it\/wp-json\/wp\/v2\/users\/7"}],"replies":[{"embeddable":true,"href":"https:\/\/limousineway.com\/it\/wp-json\/wp\/v2\/comments?post=1001"}],"version-history":[{"count":6,"href":"https:\/\/limousineway.com\/it\/wp-json\/wp\/v2\/pages\/1001\/revisions"}],"predecessor-version":[{"id":1630,"href":"https:\/\/limousineway.com\/it\/wp-json\/wp\/v2\/pages\/1001\/revisions\/1630"}],"wp:attachment":[{"href":"https:\/\/limousineway.com\/it\/wp-json\/wp\/v2\/media?parent=1001"}],"curies":[{"name":"wp","href":"https:\/\/api.w.org\/{rel}","templated":true}]}}