{"id":1031,"date":"2017-04-21T08:42:01","date_gmt":"2017-04-21T08:42:01","guid":{"rendered":"http:\/\/limousineway.com\/?page_id=1031"},"modified":"2017-06-26T15:34:49","modified_gmt":"2017-06-26T15:34:49","slug":"about-us","status":"publish","type":"page","link":"https:\/\/limousineway.com\/it\/about-us\/","title":{"rendered":"Chi siamo"},"content":{"rendered":"<p>[vc_row][vc_column][rev_slider_vc alias=&#8221;home-page-it&#8221;][\/vc_column][\/vc_row][vc_row el_id=&#8221;about-section&#8221; menu_title=&#8221;Chi siamo&#8221; css=&#8221;.vc_custom_1484993990134{padding-top: 70px !important;}&#8221;][vc_column][vc_row_inner css=&#8221;.vc_custom_1478066807134{margin-top: 20px !important;border-bottom-width: -20px !important;}&#8221;][vc_column_inner css=&#8221;.vc_custom_1478066798622{border-bottom-width: -20px !important;}&#8221;][vc_custom_heading text=&#8221;Chi siamo&#8221; font_container=&#8221;tag:h2|text_align:center&#8221; google_fonts=&#8221;font_family:Noto%20Serif%3Aregular%2Citalic%2C700%2C700italic|font_style:400%20regular%3A400%3Anormal&#8221;][vc_single_image image=&#8221;471&#8243; img_size=&#8221;full&#8221; alignment=&#8221;center&#8221; css=&#8221;.vc_custom_1478110577861{margin-top: -20px !important;}&#8221;][\/vc_column_inner][\/vc_row_inner][\/vc_column][\/vc_row][vc_row][vc_column width=&#8221;1\/2&#8243;][vc_single_image image=&#8221;782&#8243; img_size=&#8221;full&#8221;][vc_cta h2=&#8221;Chiamateci subito: +421 911 888 801&#8243; txt_align=&#8221;center&#8221; shape=&#8221;square&#8221; css=&#8221;.vc_custom_1484993905324{background-color: #2d394f !important;}&#8221;][\/vc_cta][\/vc_column][vc_column width=&#8221;1\/2&#8243;][vc_column_text css=&#8221;.vc_custom_1484994063010{margin-top: 0px !important;margin-right: 0px !important;margin-left: 0px !important;border-bottom-width: 0px !important;}&#8221;]La nostra societ\u00e0 \u00e8 costituita sull&#8217;idea di fornire un servizio di <strong>alta qualit\u00e0 per il trasporto<\/strong> al luogo da Voi designato. Siamo un&#8217;azienda affidabile e precisa <strong>con autisti esperti e veicoli confortevoli<\/strong> di marca Mercedes-Benz. In base alle Vostre esigenze siamo in continua espansione della nostra flotta di automobili. Forniamo servizi nella massima misura richiesta e siamo in grado di soddisfare qualsiasi Vostra richiesta. Non importa quando e dove siete, subito dopo la Vostra chiamata siamo pronti a portarvi a destinazione. Il nostro obiettivo \u00e8 quello di <strong>fornirvi<\/strong> <strong>comfort, professionalit\u00e0 e un trasporto di lusso<\/strong> sul territorio dell\u00b4Europa centrale. Se siete alla ricerca di un trasporto professionale per Voi, la Vostra famiglia, o per quelli che Vi stanno a cuore, siamo a Vostra completa disposizione. LIMOUSINEWAY cerca di soddisfare tutte le Vostre esigenze.<\/p>\n<p>Il nostro team di professionisti Vi fornir\u00e0 <strong>una lussuosa esperienza e una guida sicura<\/strong>. Forniamo servizi di trasporto nell\u00b4Europa centrale 24 ore al giorno, 7 giorni alla settimana. Quando cercherete di trovare il miglior noleggio auto compreso l\u00b4autista per la Vostra occasione, perch\u00e9 non contattare il nostro team amichevole con prezzi accessibili e un <strong>servizio eccellente<\/strong>.<\/p>\n<p>Vi auguriamo un buon viaggio con LIMOUSINEWAY![\/vc_column_text][\/vc_column][\/vc_row][vc_row][vc_column width=&#8221;1\/2&#8243;][vc_single_image image=&#8221;683&#8243; img_size=&#8221;large&#8221;][vc_custom_heading text=&#8221;Mercedes E Class&#8221; font_container=&#8221;tag:h3|text_align:left&#8221; google_fonts=&#8221;font_family:Noto%20Serif%3Aregular%2Citalic%2C700%2C700italic|font_style:400%20regular%3A400%3Anormal&#8221;][vc_column_text]Limousine di serie, esterno nero metallizzato, aria condizionata, sistema audio, 12 airbag ecc. Per 4 persone, ma per stare confortevoli 3 persone.[\/vc_column_text][\/vc_column][vc_column width=&#8221;1\/2&#8243;][vc_single_image image=&#8221;691&#8243; img_size=&#8221;large&#8221;][vc_custom_heading text=&#8221;Mercedes V Class&#8221; font_container=&#8221;tag:h3|text_align:left&#8221; google_fonts=&#8221;font_family:Noto%20Serif%3Aregular%2Citalic%2C700%2C700italic|font_style:400%20regular%3A400%3Anormal&#8221;][vc_column_text]Van metallico elegante per 6 persone (fino a 7), con tutto il comfort di una vettura business e turistica per lunghe distanze.[\/vc_column_text][\/vc_column][\/vc_row]<\/p>\n","protected":false},"excerpt":{"rendered":"<p>[vc_row][vc_column][rev_slider_vc alias=&#8221;home-page-it&#8221;][\/vc_column][\/vc_row][vc_row el_id=&#8221;about-section&#8221; menu_title=&#8221;Chi siamo&#8221; css=&#8221;.vc_custom_1484993990134{padding-top: 70px !important;}&#8221;][vc_column][vc_row_inner css=&#8221;.vc_custom_1478066807134{margin-top: 20px !important;border-bottom-width: -20px !important;}&#8221;][vc_column_inner css=&#8221;.vc_custom_1478066798622{border-bottom-width: -20px !important;}&#8221;][vc_custom_heading text=&#8221;Chi siamo&#8221; font_container=&#8221;tag:h2|text_align:center&#8221; google_fonts=&#8221;font_family:Noto%20Serif%3Aregular%2Citalic%2C700%2C700italic|font_style:400%20regular%3A400%3Anormal&#8221;][vc_single_image image=&#8221;471&#8243; img_size=&#8221;full&#8221; alignment=&#8221;center&#8221; css=&#8221;.vc_custom_1478110577861{margin-top: -20px !important;}&#8221;][\/vc_column_inner][\/vc_row_inner][\/vc_column][\/vc_row][vc_row][vc_column width=&#8221;1\/2&#8243;][vc_single_image image=&#8221;782&#8243; img_size=&#8221;full&#8221;][vc_cta h2=&#8221;Chiamateci subito: +421 911 888 801&#8243; txt_align=&#8221;center&#8221; shape=&#8221;square&#8221; css=&#8221;.vc_custom_1484993905324{background-color: #2d394f !important;}&#8221;][\/vc_cta][\/vc_column][vc_column width=&#8221;1\/2&#8243;][vc_column_text css=&#8221;.vc_custom_1484994063010{margin-top: 0px !important;margin-right: 0px !important;margin-left: 0px !important;border-bottom-width: 0px !important;}&#8221;]La nostra societ\u00e0 \u00e8 costituita sull&#8217;idea [&hellip;]<\/p>\n","protected":false},"author":7,"featured_media":0,"parent":0,"menu_order":0,"comment_status":"closed","ping_status":"closed","template":"","meta":[],"_links":{"self":[{"href":"https:\/\/limousineway.com\/it\/wp-json\/wp\/v2\/pages\/1031"}],"collection":[{"href":"https:\/\/limousineway.com\/it\/wp-json\/wp\/v2\/pages"}],"about":[{"href":"https:\/\/limousineway.com\/it\/wp-json\/wp\/v2\/types\/page"}],"author":[{"embeddable":true,"href":"https:\/\/limousineway.com\/it\/wp-json\/wp\/v2\/users\/7"}],"replies":[{"embeddable":true,"href":"https:\/\/limousineway.com\/it\/wp-json\/wp\/v2\/comments?post=1031"}],"version-history":[{"count":6,"href":"https:\/\/limousineway.com\/it\/wp-json\/wp\/v2\/pages\/1031\/revisions"}],"predecessor-version":[{"id":1437,"href":"https:\/\/limousineway.com\/it\/wp-json\/wp\/v2\/pages\/1031\/revisions\/1437"}],"wp:attachment":[{"href":"https:\/\/limousineway.com\/it\/wp-json\/wp\/v2\/media?parent=1031"}],"curies":[{"name":"wp","href":"https:\/\/api.w.org\/{rel}","templated":true}]}}