{"id":950,"date":"2017-04-17T07:21:50","date_gmt":"2017-04-17T07:21:50","guid":{"rendered":"http:\/\/limousineway.com\/?page_id=950"},"modified":"2017-07-24T12:45:35","modified_gmt":"2017-07-24T12:45:35","slug":"services","status":"publish","type":"page","link":"https:\/\/limousineway.com\/it\/services\/","title":{"rendered":"Servizi"},"content":{"rendered":"<p>[vc_row full_width=&#8221;stretch_row_content&#8221; sc_title_style=&#8221;inverted&#8221; el_id=&#8221;services-section&#8221; css=&#8221;.vc_custom_1484994122441{padding-top: 70px !important;padding-bottom: 40px !important;}&#8221; menu_title=&#8221;Servizi&#8221;][vc_column][vc_row_inner css=&#8221;.vc_custom_1478066807134{margin-top: 20px !important;border-bottom-width: -20px !important;}&#8221;][vc_column_inner css=&#8221;.vc_custom_1478066798622{border-bottom-width: -20px !important;}&#8221;][vc_custom_heading text=&#8221;Servizi<br \/>\n&#8221; font_container=&#8221;tag:h2|text_align:center&#8221; google_fonts=&#8221;font_family:Noto%20Serif%3Aregular%2Citalic%2C700%2C700italic|font_style:400%20regular%3A400%3Anormal&#8221;][vc_single_image image=&#8221;471&#8243; img_size=&#8221;full&#8221; alignment=&#8221;center&#8221; css=&#8221;.vc_custom_1478110577861{margin-top: -20px !important;}&#8221;][\/vc_column_inner][\/vc_row_inner][\/vc_column][\/vc_row][vc_row][vc_column width=&#8221;1\/3&#8243;][vc_single_image image=&#8221;480&#8243; img_size=&#8221;large&#8221;][vc_custom_heading text=&#8221;Trasferimento da\/a aeroporto<br \/>\n&#8221; font_container=&#8221;tag:h3|text_align:left&#8221; google_fonts=&#8221;font_family:Noto%20Serif%3Aregular%2Citalic%2C700%2C700italic|font_style:400%20regular%3A400%3Anormal&#8221;][vc_column_text]Vi offriamo degli <strong>autisti esperti<\/strong>, i quali Vi porteranno in modo sicuro nel punto da Voi specificato. Venite sempre, in qualsiasi momento, in qualsiasi luogo, <strong>senza stress, rilassati e felici.\u00a0<\/strong>Il nostro autista si prender\u00e0 cura del vostro comfort e, se necessario, sar\u00e0 disponibile come un ascoltatore attivo. L&#8217;unica cosa di cui abbiamo bisogno \u00e8 il Vostro numero di volo e lasciate tutto il resto a noi. Il nostro autista vi aspetter\u00e0 nella sala arrivi con una tabella con il vostro nome, <strong>felice di aiutarvi con i bagagli<\/strong>, Vi accompagner\u00e0 alla limousine che vi porter\u00e0 alla destinazione specificata.[\/vc_column_text][vc_btn title=&#8221;Ordinare subito&#8221; style=&#8221;custom&#8221; custom_background=&#8221;#d8b07a&#8221; custom_text=&#8221;#121212&#8243; shape=&#8221;square&#8221; css=&#8221;.vc_custom_1492439049243{padding-right: 0px !important;padding-left: 0px !important;}&#8221; link=&#8221;url:http%3A%2F%2Flimousineway.com%2Fit%2Forder-section|||&#8221;][\/vc_column][vc_column width=&#8221;1\/3&#8243;][vc_single_image image=&#8221;486&#8243; img_size=&#8221;large&#8221;][vc_custom_heading text=&#8221;Party \/ trasporto per ditte&#8221; font_container=&#8221;tag:h3|text_align:left&#8221; google_fonts=&#8221;font_family:Noto%20Serif%3Aregular%2Citalic%2C700%2C700italic|font_style:400%20regular%3A400%3Anormal&#8221;][vc_column_text]Offriamo <strong>servizi professionali di alta qualit\u00e0 nel settore del trasporto di persone<\/strong> con prezzi competitivi, grazie alla qualit\u00e0 dei nostri servizi. Ogni volta che avrete bisogno di qualunque trasporto a qualsiasi destinazione, siamo qui solamente per Voi e aspettiamo solo il Vostro ordine. Siamo <strong>sempre pronti od offrirvi autisti altamente qualificati<\/strong>, i quali Vi trasporteranno comodamente a eventi sociali, concerti, lauree, feste di compleanno e riunioni aziendali.\u00a0<strong>Con noi arriverete sempre e ovunque come una star in stile.<\/strong>[\/vc_column_text][vc_btn title=&#8221;Ordinare subito&#8221; style=&#8221;custom&#8221; custom_background=&#8221;#d8b07a&#8221; custom_text=&#8221;#121212&#8243; shape=&#8221;square&#8221; css=&#8221;.vc_custom_1492439063883{padding-right: 0px !important;padding-left: 0px !important;}&#8221; link=&#8221;url:http%3A%2F%2Flimousineway.com%2Fit%2Forder-section|||&#8221;][\/vc_column][vc_column width=&#8221;1\/3&#8243;][vc_single_image image=&#8221;484&#8243; img_size=&#8221;large&#8221;][vc_custom_heading text=&#8221;Trasferimento nuziale<br \/>\n&#8221; font_container=&#8221;tag:h3|text_align:left&#8221; google_fonts=&#8221;font_family:Noto%20Serif%3Aregular%2Citalic%2C700%2C700italic|font_style:400%20regular%3A400%3Anormal&#8221;][vc_column_text]Il matrimonio \u00e8, sia per lo sposo che per la sposa, un momento che non dimenticheranno mai.\u00a0<strong>La nostra azienda capisce l&#8217;importanza del giorno del matrimonio.\u00a0<\/strong>Pertanto in questo giorno \u00e8 molto importante affidarsi alla qualit\u00e0, la professionalit\u00e0 degli autisti e i migliori accessori nelle autovetture della nostra flotta. Con noi, questo sar\u00e0 un giorno come da film, con i pi\u00f9 alti standard e uno stile che rimarr\u00e0 nei vostri ricordi per sempre. Nel caso cerchiate la pi\u00f9 alta qualit\u00e0 con un conducente perfetto per il Vostro grande giorno, siamo qui per Voi e <strong>la nostra ditta Vi offrir\u00e0 una soluzione complessa per Voi e i Vostri ospiti.<\/strong>[\/vc_column_text][vc_btn title=&#8221;Ordinare subito&#8221; style=&#8221;custom&#8221; custom_background=&#8221;#d8b07a&#8221; custom_text=&#8221;#121212&#8243; shape=&#8221;square&#8221; css=&#8221;.vc_custom_1492439074964{padding-right: 0px !important;padding-left: 0px !important;}&#8221; link=&#8221;url:http%3A%2F%2Flimousineway.com%2Fit%2Forder-section|||&#8221;][\/vc_column][\/vc_row]<\/p>\n","protected":false},"excerpt":{"rendered":"<p>[vc_row full_width=&#8221;stretch_row_content&#8221; sc_title_style=&#8221;inverted&#8221; el_id=&#8221;services-section&#8221; css=&#8221;.vc_custom_1484994122441{padding-top: 70px !important;padding-bottom: 40px !important;}&#8221; menu_title=&#8221;Servizi&#8221;][vc_column][vc_row_inner css=&#8221;.vc_custom_1478066807134{margin-top: 20px !important;border-bottom-width: -20px !important;}&#8221;][vc_column_inner css=&#8221;.vc_custom_1478066798622{border-bottom-width: -20px !important;}&#8221;][vc_custom_heading text=&#8221;Servizi &#8221; font_container=&#8221;tag:h2|text_align:center&#8221; google_fonts=&#8221;font_family:Noto%20Serif%3Aregular%2Citalic%2C700%2C700italic|font_style:400%20regular%3A400%3Anormal&#8221;][vc_single_image image=&#8221;471&#8243; img_size=&#8221;full&#8221; alignment=&#8221;center&#8221; css=&#8221;.vc_custom_1478110577861{margin-top: -20px !important;}&#8221;][\/vc_column_inner][\/vc_row_inner][\/vc_column][\/vc_row][vc_row][vc_column width=&#8221;1\/3&#8243;][vc_single_image image=&#8221;480&#8243; img_size=&#8221;large&#8221;][vc_custom_heading text=&#8221;Trasferimento da\/a aeroporto &#8221; font_container=&#8221;tag:h3|text_align:left&#8221; google_fonts=&#8221;font_family:Noto%20Serif%3Aregular%2Citalic%2C700%2C700italic|font_style:400%20regular%3A400%3Anormal&#8221;][vc_column_text]Vi offriamo degli autisti esperti, i quali Vi porteranno in modo sicuro nel punto da Voi specificato. Venite sempre, [&hellip;]<\/p>\n","protected":false},"author":7,"featured_media":0,"parent":0,"menu_order":0,"comment_status":"closed","ping_status":"closed","template":"","meta":[],"_links":{"self":[{"href":"https:\/\/limousineway.com\/it\/wp-json\/wp\/v2\/pages\/950"}],"collection":[{"href":"https:\/\/limousineway.com\/it\/wp-json\/wp\/v2\/pages"}],"about":[{"href":"https:\/\/limousineway.com\/it\/wp-json\/wp\/v2\/types\/page"}],"author":[{"embeddable":true,"href":"https:\/\/limousineway.com\/it\/wp-json\/wp\/v2\/users\/7"}],"replies":[{"embeddable":true,"href":"https:\/\/limousineway.com\/it\/wp-json\/wp\/v2\/comments?post=950"}],"version-history":[{"count":6,"href":"https:\/\/limousineway.com\/it\/wp-json\/wp\/v2\/pages\/950\/revisions"}],"predecessor-version":[{"id":1508,"href":"https:\/\/limousineway.com\/it\/wp-json\/wp\/v2\/pages\/950\/revisions\/1508"}],"wp:attachment":[{"href":"https:\/\/limousineway.com\/it\/wp-json\/wp\/v2\/media?parent=950"}],"curies":[{"name":"wp","href":"https:\/\/api.w.org\/{rel}","templated":true}]}}