{"id":1001,"date":"2017-04-19T13:57:49","date_gmt":"2017-04-19T13:57:49","guid":{"rendered":"http:\/\/limousineway.com\/?page_id=1001"},"modified":"2019-12-09T14:04:43","modified_gmt":"2019-12-09T14:04:43","slug":"home","status":"publish","type":"page","link":"https:\/\/limousineway.com\/sk\/","title":{"rendered":"Cenn\u00edk"},"content":{"rendered":"<p>[vc_row][vc_column][rev_slider_vc alias=&#8220;home-page-sk-more-pages&#8220;][\/vc_column][\/vc_row][vc_row][vc_column][vc_column_text]<h2 class=\"tablepress-table-name tablepress-table-name-id-44\">Ob\u013e\u00faben\u00e9 trasy<\/h2>\n\n<table id=\"tablepress-44\" class=\"tablepress tablepress-id-44\">\n<thead>\n<tr class=\"row-1 odd\">\n\t<th class=\"column-1\">Trasa<\/th><th class=\"column-2\">4 miestne<\/th><th class=\"column-3\">7 miestne<\/th><th class=\"column-4\">S - class<\/th>\n<\/tr>\n<\/thead>\n<tbody class=\"row-hover\">\n<tr class=\"row-2 even\">\n\t<td class=\"column-1\">Letisko Viede\u0148 do Bratislavy \/ Letisko<\/td><td class=\"column-2\">\u20ac75<\/td><td class=\"column-3\">\u20ac100<\/td><td class=\"column-4\">\u20ac100<\/td>\n<\/tr>\n<tr class=\"row-3 odd\">\n\t<td class=\"column-1\">Mesto Viede\u0148 do Bratislavy \/ Letisko<\/td><td class=\"column-2\">\u20ac100<\/td><td class=\"column-3\">\u20ac115<\/td><td class=\"column-4\">\u20ac135<\/td>\n<\/tr>\n<tr class=\"row-4 even\">\n\t<td class=\"column-1\">Letisko Bratislava do Viedne<\/td><td class=\"column-2\">\u20ac100<\/td><td class=\"column-3\">\u20ac115<\/td><td class=\"column-4\">\u20ac135<\/td>\n<\/tr>\n<tr class=\"row-5 odd\">\n\t<td class=\"column-1\">Bratislava City \/ Letisko na letisko vo Viedni<\/td><td class=\"column-2\">\u20ac75<\/td><td class=\"column-3\">\u20ac100<\/td><td class=\"column-4\">\u20ac100<\/td>\n<\/tr>\n<tr class=\"row-6 even\">\n\t<td class=\"column-1\">Letisko Bratislava do Bratislavy<\/td><td class=\"column-2\">\u20ac40<\/td><td class=\"column-3\">\u20ac55<\/td><td class=\"column-4\">\u20ac55<\/td>\n<\/tr>\n<\/tbody>\n<\/table>\n<!-- #tablepress-44 from cache -->[\/vc_column_text][\/vc_column][\/vc_row][vc_row full_width=&#8220;stretch_row&#8220; sc_title_style=&#8220;inverted&#8220; el_id=&#8220;pricelist-section&#8220; css=&#8220;.vc_custom_1478531231344{padding-top: 0px !important;padding-bottom: 70px !important;}&#8220; menu_title=&#8220;Cenn\u00edk&#8220;][vc_column][vc_row_inner css=&#8220;.vc_custom_1478066807134{margin-top: 20px !important;border-bottom-width: -20px !important;}&#8220;][vc_column_inner css=&#8220;.vc_custom_1478066798622{border-bottom-width: -20px !important;}&#8220;][vc_custom_heading text=&#8220;Cenn\u00edk&#8220; font_container=&#8220;tag:h2|text_align:center&#8220; google_fonts=&#8220;font_family:Noto%20Serif%3Aregular%2Citalic%2C700%2C700italic|font_style:400%20regular%3A400%3Anormal&#8220;][vc_single_image image=&#8220;471&#8243; img_size=&#8220;full&#8220; alignment=&#8220;center&#8220; css=&#8220;.vc_custom_1478110577861{margin-top: -20px !important;}&#8220;][\/vc_column_inner][\/vc_row_inner][\/vc_column][\/vc_row][vc_row][vc_column][vc_single_image image=&#8220;799&#8243; img_size=&#8220;large&#8220; alignment=&#8220;center&#8220;][\/vc_column][\/vc_row][vc_row full_width=&#8220;stretch_row&#8220;][vc_column width=&#8220;1\/2&#8243;][vc_column_text]<h2 class=\"tablepress-table-name tablepress-table-name-id-12\">Transfer z Bratislavy - Letisko (BTS)<\/h2>\n\n<table id=\"tablepress-12\" class=\"tablepress tablepress-id-12\">\n<thead>\n<tr class=\"row-1 odd\">\n\t<th class=\"column-1\">Trasa<\/th><th class=\"column-2\">4 miestne<\/th><th class=\"column-3\">7 miestne<\/th>\n<\/tr>\n<\/thead>\n<tbody class=\"row-hover\">\n<tr class=\"row-2 even\">\n\t<td class=\"column-1\">do Bratislavy - Mesto \/ Letisko (BTS)<\/td><td class=\"column-2\">\u20ac40<\/td><td class=\"column-3\">\u20ac55<\/td>\n<\/tr>\n<tr class=\"row-3 odd\">\n\t<td class=\"column-1\">do Banskej Bystrice - Mesto<\/td><td class=\"column-2\">\u20ac190<\/td><td class=\"column-3\">\u20ac205<\/td>\n<\/tr>\n<tr class=\"row-4 even\">\n\t<td class=\"column-1\">do \u017diliny - Mesto<\/td><td class=\"column-2\">\u20ac180<\/td><td class=\"column-3\">\u20ac205<\/td>\n<\/tr>\n<tr class=\"row-5 odd\">\n\t<td class=\"column-1\">do Viedne - Letisko (VIE)<\/td><td class=\"column-2\">\u20ac75<\/td><td class=\"column-3\">\u20ac100<\/td>\n<\/tr>\n<tr class=\"row-6 even\">\n\t<td class=\"column-1\">do Viedne - Mesto<\/td><td class=\"column-2\">\u20ac100<\/td><td class=\"column-3\">\u20ac115<\/td>\n<\/tr>\n<tr class=\"row-7 odd\">\n\t<td class=\"column-1\">do Budape\u0161\u0165 Letisko (BUD) \/ Mesto<\/td><td class=\"column-2\">\u20ac235<\/td><td class=\"column-3\">\u20ac265<\/td>\n<\/tr>\n<tr class=\"row-8 even\">\n\t<td class=\"column-1\">do Prahy Letisko (PRG) \/ Mesto<\/td><td class=\"column-2\">\u20ac355<\/td><td class=\"column-3\">\u20ac375<\/td>\n<\/tr>\n<\/tbody>\n<\/table>\n<!-- #tablepress-12 from cache -->[\/vc_column_text][\/vc_column][vc_column width=&#8220;1\/2&#8243;][vc_column_text]<h2 class=\"tablepress-table-name tablepress-table-name-id-7\">Transfer z Bratislavy - Mesto<\/h2>\n\n<table id=\"tablepress-7\" class=\"tablepress tablepress-id-7\">\n<thead>\n<tr class=\"row-1 odd\">\n\t<th class=\"column-1\">Trasa<\/th><th class=\"column-2\">4 miestne<\/th><th class=\"column-3\">7 miestne<\/th>\n<\/tr>\n<\/thead>\n<tbody class=\"row-hover\">\n<tr class=\"row-2 even\">\n\t<td class=\"column-1\">do Bratislavy - Mesto \/ Letisko (BTS)<\/td><td class=\"column-2\">\u20ac40<\/td><td class=\"column-3\">\u20ac55<\/td>\n<\/tr>\n<tr class=\"row-3 odd\">\n\t<td class=\"column-1\">do Banskej Bystrici - Mesto<\/td><td class=\"column-2\">\u20ac190<\/td><td class=\"column-3\">\u20ac205<\/td>\n<\/tr>\n<tr class=\"row-4 even\">\n\t<td class=\"column-1\">do \u017diliny - Mesto<\/td><td class=\"column-2\">\u20ac180<\/td><td class=\"column-3\">\u20ac205<\/td>\n<\/tr>\n<tr class=\"row-5 odd\">\n\t<td class=\"column-1\">do Viedne - Letisko (VIE)<\/td><td class=\"column-2\">\u20ac75<\/td><td class=\"column-3\">\u20ac100<\/td>\n<\/tr>\n<tr class=\"row-6 even\">\n\t<td class=\"column-1\">do Viedne - Mesto<\/td><td class=\"column-2\">\u20ac100<\/td><td class=\"column-3\">\u20ac115<\/td>\n<\/tr>\n<tr class=\"row-7 odd\">\n\t<td class=\"column-1\">do Budape\u0161ti Lestisko (BUD) \/ Mesto<\/td><td class=\"column-2\">\u20ac235<\/td><td class=\"column-3\">\u20ac265<\/td>\n<\/tr>\n<tr class=\"row-8 even\">\n\t<td class=\"column-1\">do Praha - Letisko (PRG) \/ Mesto<\/td><td class=\"column-2\">\u20ac355<\/td><td class=\"column-3\">\u20ac375<\/td>\n<\/tr>\n<\/tbody>\n<\/table>\n<!-- #tablepress-7 from cache -->[\/vc_column_text][\/vc_column][\/vc_row][vc_row full_width=&#8220;stretch_row&#8220;][vc_column width=&#8220;1\/2&#8243;][vc_column_text]<h2 class=\"tablepress-table-name tablepress-table-name-id-8\">Transfer z Viedne - Letisko (VIE) \/ Schwechat<\/h2>\n\n<table id=\"tablepress-8\" class=\"tablepress tablepress-id-8\">\n<thead>\n<tr class=\"row-1 odd\">\n\t<th class=\"column-1\">Trasa<\/th><th class=\"column-2\">4 miestne<\/th><th class=\"column-3\">7 miestne<\/th>\n<\/tr>\n<\/thead>\n<tbody class=\"row-hover\">\n<tr class=\"row-2 even\">\n\t<td class=\"column-1\">do Bratislavy Letisko (BTS)<\/td><td class=\"column-2\">\u20ac75<\/td><td class=\"column-3\">\u20ac100<\/td>\n<\/tr>\n<tr class=\"row-3 odd\">\n\t<td class=\"column-1\">do Bratislavy - Mesto<\/td><td class=\"column-2\">\u20ac100<\/td><td class=\"column-3\">\u20ac115<\/td>\n<\/tr>\n<tr class=\"row-4 even\">\n\t<td class=\"column-1\">do Banskej Bystrice - Mesto<\/td><td class=\"column-2\">\u20ac245<\/td><td class=\"column-3\">\u20ac270<\/td>\n<\/tr>\n<tr class=\"row-5 odd\">\n\t<td class=\"column-1\">do \u017dilina - Mesto<\/td><td class=\"column-2\">\u20ac235<\/td><td class=\"column-3\">\u20ac270<\/td>\n<\/tr>\n<\/tbody>\n<\/table>\n<!-- #tablepress-8 from cache -->[\/vc_column_text][\/vc_column][vc_column width=&#8220;1\/2&#8243;][vc_column_text]<h2 class=\"tablepress-table-name tablepress-table-name-id-9\">Transfer z Viedne - Mesto<\/h2>\n\n<table id=\"tablepress-9\" class=\"tablepress tablepress-id-9\">\n<thead>\n<tr class=\"row-1 odd\">\n\t<th class=\"column-1\">Trasa<\/th><th class=\"column-2\">4 miestne<\/th><th class=\"column-3\">7 miestne<\/th>\n<\/tr>\n<\/thead>\n<tbody class=\"row-hover\">\n<tr class=\"row-2 even\">\n\t<td class=\"column-1\">do Bratislavy - Letisko (BTS)<\/td><td class=\"column-2\">\u20ac100<\/td><td class=\"column-3\">\u20ac115<\/td>\n<\/tr>\n<tr class=\"row-3 odd\">\n\t<td class=\"column-1\">do Bratislavy - Mesto<\/td><td class=\"column-2\">\u20ac100<\/td><td class=\"column-3\">\u20ac115<\/td>\n<\/tr>\n<\/tbody>\n<\/table>\n<!-- #tablepress-9 from cache -->[\/vc_column_text][\/vc_column][\/vc_row][vc_row full_width=&#8220;stretch_row&#8220;][vc_column width=&#8220;1\/2&#8243;][vc_column_text]<h2 class=\"tablepress-table-name tablepress-table-name-id-10\">Transfer z Budape\u0161ti Letisko (BUD) \/ Mesto<\/h2>\n\n<table id=\"tablepress-10\" class=\"tablepress tablepress-id-10\">\n<thead>\n<tr class=\"row-1 odd\">\n\t<th class=\"column-1\">Trasa<\/th><th class=\"column-2\">4 miestne<\/th><th class=\"column-3\">7 miestne<\/th>\n<\/tr>\n<\/thead>\n<tbody class=\"row-hover\">\n<tr class=\"row-2 even\">\n\t<td class=\"column-1\">do Bratislavy - Letisko (BTS)<\/td><td class=\"column-2\">\u20ac235<\/td><td class=\"column-3\">\u20ac265<\/td>\n<\/tr>\n<tr class=\"row-3 odd\">\n\t<td class=\"column-1\">do Bratislavy - Mesto<\/td><td class=\"column-2\">\u20ac235<\/td><td class=\"column-3\">\u20ac265<\/td>\n<\/tr>\n<\/tbody>\n<\/table>\n<!-- #tablepress-10 from cache -->[\/vc_column_text][\/vc_column][vc_column width=&#8220;1\/2&#8243;][vc_column_text]<h2 class=\"tablepress-table-name tablepress-table-name-id-11\">Transfer z Prahy - Letisko (PRG) \/ Mesto<\/h2>\n\n<table id=\"tablepress-11\" class=\"tablepress tablepress-id-11\">\n<thead>\n<tr class=\"row-1 odd\">\n\t<th class=\"column-1\">Trasa<\/th><th class=\"column-2\">4 miestne<\/th><th class=\"column-3\">7 miestne<\/th>\n<\/tr>\n<\/thead>\n<tbody class=\"row-hover\">\n<tr class=\"row-2 even\">\n\t<td class=\"column-1\">do Bratislavy - Letisko (BTS)<\/td><td class=\"column-2\">\u20ac355<\/td><td class=\"column-3\">\u20ac375<\/td>\n<\/tr>\n<tr class=\"row-3 odd\">\n\t<td class=\"column-1\">do Bratislavy - Mesto<\/td><td class=\"column-2\">\u20ac355<\/td><td class=\"column-3\">\u20ac375<\/td>\n<\/tr>\n<\/tbody>\n<\/table>\n<!-- #tablepress-11 from cache -->[\/vc_column_text][\/vc_column][\/vc_row][vc_row][vc_column][vc_column_text]Na\u0161a spolo\u010dnos\u0165 poskytuje slu\u017eby v oblasti prepravy os\u00f4b,\u00a0<a href=\"https:\/\/www.taxi-na-schwechat.eu\/\" target=\"_blank\" rel=\"noopener noreferrer\">taxi z letiska Viede\u0148 \u2013 Schwechat do Bratislavy\u00a0<\/a>a\u00a0\u010fal\u0161\u00edch\u00a0slovensk\u00fdch miest. Ak teda potrebujete taxi do Banskej Bystrice alebo \u017diliny tak ste na spr\u00e1vnej adrese. Rovnako tak pod\u013ea \u017eelania poskytujeme slu\u017eby taxi do bl\u00edzkych metropol in\u00fdch \u0161t\u00e1tov ako Budape\u0161\u0165 a Praha. Poskytujeme slu\u017eby sk\u00fasen\u00fdch a preveren\u00fdch vodi\u010dov s dlhoro\u010dnou praxou. Okrem samotnej taxi prepravy s\u00fa k dispoz\u00edcii aj doplnkov\u00e9 slu\u017eby ako WiFi pripojenie, voda alebo pochutiny. V\u0161etky tieto slu\u017eby s\u00fa pre na\u0161ich klientov bezplatn\u00e9. Star\u00e1me sa o Va\u0161e pohodlie. V pr\u00edpade \u017ee potrebujete taxi z Bratislavy do Viedne na Va\u0161ej ceste na dovolenku alebo biznis stretnutie, sme V\u00e1m plne k dispoz\u00edcii 24 hod\u00edn denne a 7 dn\u00ed v t\u00fd\u017edni. Na\u0161e taxi automobily s\u00fa k dispoz\u00edcii ako \u0161tvormiestne alebo sedemmiestne. Taxi pristav\u00edme vo Viedni alebo v Bratislave na dohodnut\u00fd presn\u00fd \u010das a komfortne V\u00e1s doprav\u00edme do V\u00e1\u0161ho cie\u013ea. Vyu\u017eite na\u0161e overen\u00e9 slu\u017eby. Okrem transferu z letiska s\u00fa ob\u013e\u00faben\u00e9 a \u010dasto vyu\u017e\u00edvan\u00e9 cesty aj z\u00a0<a href=\"http:\/\/taxinaschwechat.com\/\" target=\"_blank\" rel=\"noopener noreferrer\">centra mesta Bratislavy na letisko Schwechat Viede\u0148<\/a>, pr\u00edpadne opa\u010dn\u00fdm smerom teda z centra mesta Viede\u0148 na Bratislavsk\u00e9 letisko.[\/vc_column_text][\/vc_column][\/vc_row]<\/p>\n","protected":false},"excerpt":{"rendered":"<p>[vc_row][vc_column][rev_slider_vc alias=&#8220;home-page-sk-more-pages&#8220;][\/vc_column][\/vc_row][vc_row][vc_column][vc_column_text][\/vc_column_text][\/vc_column][\/vc_row][vc_row full_width=&#8220;stretch_row&#8220; sc_title_style=&#8220;inverted&#8220; el_id=&#8220;pricelist-section&#8220; css=&#8220;.vc_custom_1478531231344{padding-top: 0px !important;padding-bottom: 70px !important;}&#8220; menu_title=&#8220;Cenn\u00edk&#8220;][vc_column][vc_row_inner css=&#8220;.vc_custom_1478066807134{margin-top: 20px !important;border-bottom-width: -20px !important;}&#8220;][vc_column_inner css=&#8220;.vc_custom_1478066798622{border-bottom-width: -20px !important;}&#8220;][vc_custom_heading text=&#8220;Cenn\u00edk&#8220; font_container=&#8220;tag:h2|text_align:center&#8220; google_fonts=&#8220;font_family:Noto%20Serif%3Aregular%2Citalic%2C700%2C700italic|font_style:400%20regular%3A400%3Anormal&#8220;][vc_single_image image=&#8220;471&#8243; img_size=&#8220;full&#8220; alignment=&#8220;center&#8220; css=&#8220;.vc_custom_1478110577861{margin-top: -20px !important;}&#8220;][\/vc_column_inner][\/vc_row_inner][\/vc_column][\/vc_row][vc_row][vc_column][vc_single_image image=&#8220;799&#8243; img_size=&#8220;large&#8220; alignment=&#8220;center&#8220;][\/vc_column][\/vc_row][vc_row full_width=&#8220;stretch_row&#8220;][vc_column width=&#8220;1\/2&#8243;][vc_column_text][\/vc_column_text][\/vc_column][vc_column width=&#8220;1\/2&#8243;][vc_column_text][\/vc_column_text][\/vc_column][\/vc_row][vc_row full_width=&#8220;stretch_row&#8220;][vc_column width=&#8220;1\/2&#8243;][vc_column_text][\/vc_column_text][\/vc_column][vc_column width=&#8220;1\/2&#8243;][vc_column_text][\/vc_column_text][\/vc_column][\/vc_row][vc_row full_width=&#8220;stretch_row&#8220;][vc_column width=&#8220;1\/2&#8243;][vc_column_text][\/vc_column_text][\/vc_column][vc_column width=&#8220;1\/2&#8243;][vc_column_text][\/vc_column_text][\/vc_column][\/vc_row][vc_row][vc_column][vc_column_text]Na\u0161a spolo\u010dnos\u0165 poskytuje slu\u017eby v oblasti prepravy os\u00f4b,\u00a0taxi z letiska Viede\u0148 \u2013 Schwechat do Bratislavy\u00a0a\u00a0\u010fal\u0161\u00edch\u00a0slovensk\u00fdch miest. [&hellip;]<\/p>\n","protected":false},"author":7,"featured_media":0,"parent":0,"menu_order":0,"comment_status":"closed","ping_status":"closed","template":"","meta":[],"_links":{"self":[{"href":"https:\/\/limousineway.com\/sk\/wp-json\/wp\/v2\/pages\/1001"}],"collection":[{"href":"https:\/\/limousineway.com\/sk\/wp-json\/wp\/v2\/pages"}],"about":[{"href":"https:\/\/limousineway.com\/sk\/wp-json\/wp\/v2\/types\/page"}],"author":[{"embeddable":true,"href":"https:\/\/limousineway.com\/sk\/wp-json\/wp\/v2\/users\/7"}],"replies":[{"embeddable":true,"href":"https:\/\/limousineway.com\/sk\/wp-json\/wp\/v2\/comments?post=1001"}],"version-history":[{"count":6,"href":"https:\/\/limousineway.com\/sk\/wp-json\/wp\/v2\/pages\/1001\/revisions"}],"predecessor-version":[{"id":1630,"href":"https:\/\/limousineway.com\/sk\/wp-json\/wp\/v2\/pages\/1001\/revisions\/1630"}],"wp:attachment":[{"href":"https:\/\/limousineway.com\/sk\/wp-json\/wp\/v2\/media?parent=1001"}],"curies":[{"name":"wp","href":"https:\/\/api.w.org\/{rel}","templated":true}]}}