{"id":1010,"date":"2017-04-19T14:36:20","date_gmt":"2017-04-19T14:36:20","guid":{"rendered":"http:\/\/limousineway.com\/?page_id=1010"},"modified":"2017-06-26T15:36:34","modified_gmt":"2017-06-26T15:36:34","slug":"be-member","status":"publish","type":"page","link":"https:\/\/limousineway.com\/sk\/be-member\/","title":{"rendered":"Sta\u0148 sa \u010dlenom"},"content":{"rendered":"<p>[vc_row full_width=&#8220;stretch_row&#8220; el_id=&#8220;bemember-section&#8220; css=&#8220;.vc_custom_1478531315767{padding-top: 70px !important;padding-bottom: 70px !important;}&#8220; menu_title=&#8220;Sta\u0148 sa \u010dlenom&#8220;][vc_column][vc_row_inner css=&#8220;.vc_custom_1478066807134{margin-top: 20px !important;border-bottom-width: -20px !important;}&#8220;][vc_column_inner css=&#8220;.vc_custom_1478066798622{border-bottom-width: -20px !important;}&#8220;][vc_custom_heading text=&#8220;Sta\u0148 sa \u010dlenom&#8220; font_container=&#8220;tag:h2|text_align:center&#8220; google_fonts=&#8220;font_family:Noto%20Serif%3Aregular%2Citalic%2C700%2C700italic|font_style:400%20regular%3A400%3Anormal&#8220;][vc_single_image image=&#8220;471&#8243; img_size=&#8220;full&#8220; alignment=&#8220;center&#8220; css=&#8220;.vc_custom_1478110577861{margin-top: -20px !important;}&#8220;][\/vc_column_inner][\/vc_row_inner][\/vc_column][\/vc_row][vc_row][vc_column][vc_custom_heading text=&#8220;V\u00fdhody \u010dlenstva v Limousine way: &#8220; font_container=&#8220;tag:h3|text_align:left&#8220; google_fonts=&#8220;font_family:Noto%20Serif%3Aregular%2Citalic%2C700%2C700italic|font_style:400%20regular%3A400%3Anormal&#8220;][vc_column_text]<\/p>\n<div class=\"faq-item\">\n<p class=\"p1\">Objednajte si dopravu a z\u00edskajte jednoduch\u0161\u00ed a pohodlnej\u0161\u00ed sp\u00f4sob prepravy v\u010faka na\u0161ej aplik\u00e1cii. Ak ste vykonali rezerv\u00e1ciu, aplik\u00e1cia V\u00e1s bude informova\u0165 1 alebo viac hod\u00edn pred odletom. <b>Za ka\u017ed\u00fdch 10 kilometrov prejden\u00fdch s nami, z\u00edskate 1 km zadarmo<\/b>, ktor\u00e9 m\u00f4\u017eete pou\u017ei\u0165 v \u010fal\u0161ej jazde.<\/p>\n<p class=\"p1\">Ak sa zaregistrujete, z\u00edskate jedine\u010dn\u00fd <b>QR k\u00f3d<\/b>, ktor\u00fd bude <b>skenovan\u00fd pod\u013ea n\u00e1\u0161ho vodi\u010da po transporte<\/b>.<\/p>\n<p class=\"p1\">Dostanete <b>potvrdzovac\u00ed e-mail<\/b>, ktor\u00fd ste pou\u017eili pri registr\u00e1cii o pridelen\u00ed bodov s po\u010dtom z\u00edskan\u00fdch km. <b>Body s\u00fa v podstate km, tak\u017ee jeden bod = 1 km<\/b>. Nev\u00e1hajte sa zaregistrova\u0165 na Google Play Store\u00a0alebo App Store.<\/p>\n<\/div>\n<p>[\/vc_column_text][\/vc_column][\/vc_row][vc_row][vc_column width=&#8220;1\/2&#8243;][vc_custom_heading text=&#8220;Stiahnu\u0165 verziu pre Android tu:&#8220; font_container=&#8220;tag:h3|text_align:center&#8220; google_fonts=&#8220;font_family:Noto%20Serif%3Aregular%2Citalic%2C700%2C700italic|font_style:400%20regular%3A400%3Anormal&#8220; link=&#8220;url:https%3A%2F%2Fplay.google.com%2Fstore%2Fapps%2Fdetails%3Fid%3Dsk.buuking.limousineway|||&#8220; css=&#8220;.vc_custom_1478531998026{margin-top: 50px !important;}&#8220;][vc_single_image image=&#8220;595&#8243; img_size=&#8220;full&#8220; alignment=&#8220;center&#8220; onclick=&#8220;custom_link&#8220; link=&#8220;https:\/\/play.google.com\/store\/apps\/details?id=sk.buuking.limousineway&#8220; css=&#8220;.vc_custom_1478517710239{margin-top: -60px !important;}&#8220;][\/vc_column][vc_column width=&#8220;1\/2&#8243;][vc_custom_heading text=&#8220;Stiahnu\u0165 verziu pre iOS tu:&#8220; font_container=&#8220;tag:h3|text_align:center&#8220; google_fonts=&#8220;font_family:Noto%20Serif%3Aregular%2Citalic%2C700%2C700italic|font_style:400%20regular%3A400%3Anormal&#8220; link=&#8220;url:https%3A%2F%2Fitunes.apple.com%2Fsk%2Fapp%2Flimousineway%2Fid1091514246%3Fmt%3D8|||&#8220; css=&#8220;.vc_custom_1478532014206{margin-top: 50px !important;}&#8220;][vc_single_image image=&#8220;599&#8243; img_size=&#8220;full&#8220; alignment=&#8220;center&#8220; onclick=&#8220;custom_link&#8220; link=&#8220;https:\/\/itunes.apple.com\/sk\/app\/limousineway\/id1091514246?mt=8&#8243; css=&#8220;.vc_custom_1478517715841{margin-top: -60px !important;}&#8220;][\/vc_column][\/vc_row][vc_row][vc_column width=&#8220;1\/3&#8243;][vc_single_image image=&#8220;1085&#8243; img_size=&#8220;large&#8220;][\/vc_column][vc_column width=&#8220;1\/3&#8243;][vc_single_image image=&#8220;1084&#8243; img_size=&#8220;large&#8220;][\/vc_column][vc_column width=&#8220;1\/3&#8243;][vc_single_image image=&#8220;1086&#8243; img_size=&#8220;large&#8220;][\/vc_column][\/vc_row]<\/p>\n","protected":false},"excerpt":{"rendered":"<p>[vc_row full_width=&#8220;stretch_row&#8220; el_id=&#8220;bemember-section&#8220; css=&#8220;.vc_custom_1478531315767{padding-top: 70px !important;padding-bottom: 70px !important;}&#8220; menu_title=&#8220;Sta\u0148 sa \u010dlenom&#8220;][vc_column][vc_row_inner css=&#8220;.vc_custom_1478066807134{margin-top: 20px !important;border-bottom-width: -20px !important;}&#8220;][vc_column_inner css=&#8220;.vc_custom_1478066798622{border-bottom-width: -20px !important;}&#8220;][vc_custom_heading text=&#8220;Sta\u0148 sa \u010dlenom&#8220; font_container=&#8220;tag:h2|text_align:center&#8220; google_fonts=&#8220;font_family:Noto%20Serif%3Aregular%2Citalic%2C700%2C700italic|font_style:400%20regular%3A400%3Anormal&#8220;][vc_single_image image=&#8220;471&#8243; img_size=&#8220;full&#8220; alignment=&#8220;center&#8220; css=&#8220;.vc_custom_1478110577861{margin-top: -20px !important;}&#8220;][\/vc_column_inner][\/vc_row_inner][\/vc_column][\/vc_row][vc_row][vc_column][vc_custom_heading text=&#8220;V\u00fdhody \u010dlenstva v Limousine way: &#8220; font_container=&#8220;tag:h3|text_align:left&#8220; google_fonts=&#8220;font_family:Noto%20Serif%3Aregular%2Citalic%2C700%2C700italic|font_style:400%20regular%3A400%3Anormal&#8220;][vc_column_text] Objednajte si dopravu a z\u00edskajte jednoduch\u0161\u00ed a pohodlnej\u0161\u00ed sp\u00f4sob prepravy v\u010faka na\u0161ej aplik\u00e1cii. Ak ste vykonali rezerv\u00e1ciu, [&hellip;]<\/p>\n","protected":false},"author":7,"featured_media":0,"parent":0,"menu_order":0,"comment_status":"closed","ping_status":"closed","template":"","meta":[],"_links":{"self":[{"href":"https:\/\/limousineway.com\/sk\/wp-json\/wp\/v2\/pages\/1010"}],"collection":[{"href":"https:\/\/limousineway.com\/sk\/wp-json\/wp\/v2\/pages"}],"about":[{"href":"https:\/\/limousineway.com\/sk\/wp-json\/wp\/v2\/types\/page"}],"author":[{"embeddable":true,"href":"https:\/\/limousineway.com\/sk\/wp-json\/wp\/v2\/users\/7"}],"replies":[{"embeddable":true,"href":"https:\/\/limousineway.com\/sk\/wp-json\/wp\/v2\/comments?post=1010"}],"version-history":[{"count":6,"href":"https:\/\/limousineway.com\/sk\/wp-json\/wp\/v2\/pages\/1010\/revisions"}],"predecessor-version":[{"id":1137,"href":"https:\/\/limousineway.com\/sk\/wp-json\/wp\/v2\/pages\/1010\/revisions\/1137"}],"wp:attachment":[{"href":"https:\/\/limousineway.com\/sk\/wp-json\/wp\/v2\/media?parent=1010"}],"curies":[{"name":"wp","href":"https:\/\/api.w.org\/{rel}","templated":true}]}}