{"id":1031,"date":"2017-04-21T08:42:01","date_gmt":"2017-04-21T08:42:01","guid":{"rendered":"http:\/\/limousineway.com\/?page_id=1031"},"modified":"2017-06-26T15:34:49","modified_gmt":"2017-06-26T15:34:49","slug":"about-us","status":"publish","type":"page","link":"https:\/\/limousineway.com\/sk\/about-us\/","title":{"rendered":"O n\u00e1s"},"content":{"rendered":"<p>[vc_row el_id=&#8220;about-section&#8220; menu_title=&#8220;O n\u00e1s&#8220; css=&#8220;.vc_custom_1478530883027{padding-top: 70px !important;}&#8220;][vc_column][vc_row_inner css=&#8220;.vc_custom_1478066807134{margin-top: 20px !important;border-bottom-width: -20px !important;}&#8220;][vc_column_inner css=&#8220;.vc_custom_1478066798622{border-bottom-width: -20px !important;}&#8220;][vc_custom_heading text=&#8220;O n\u00e1s&#8220; font_container=&#8220;tag:h2|text_align:center&#8220; google_fonts=&#8220;font_family:Noto%20Serif%3Aregular%2Citalic%2C700%2C700italic|font_style:400%20regular%3A400%3Anormal&#8220;][vc_single_image image=&#8220;471&#8243; img_size=&#8220;full&#8220; alignment=&#8220;center&#8220; css=&#8220;.vc_custom_1478110577861{margin-top: -20px !important;}&#8220;][\/vc_column_inner][\/vc_row_inner][\/vc_column][\/vc_row][vc_row][vc_column width=&#8220;1\/2&#8243;][vc_single_image image=&#8220;442&#8243; img_size=&#8220;full&#8220;][vc_cta h2=&#8220;Volajte ihne\u010f:<br \/>\n+421 911 888 801&#8243; txt_align=&#8220;center&#8220; shape=&#8220;square&#8220; css=&#8220;.vc_custom_1478530863863{background-color: #2d394f !important;}&#8220;][\/vc_cta][\/vc_column][vc_column width=&#8220;1\/2&#8243;][vc_column_text css=&#8220;.vc_custom_1478530840459{margin-top: 0px !important;margin-right: 0px !important;margin-left: 0px !important;border-bottom-width: 0px !important;}&#8220;]<\/p>\n<div class=\"text-box\">\n<p class=\"p1\">Na\u0161a spolo\u010dnos\u0165 stavia na my\u0161lienke zabezpe\u010denie <b>vysokokvalitn\u00fdch slu\u017eieb prepravy <\/b>na Vami ur\u010den\u00e9 miesta. Sme spo\u013eahliv\u00e1, presn\u00e1,<b> so sk\u00fasen\u00fdmi vodi\u010dmi a pohodln\u00fdmi vozidlami<\/b>. Pod\u013ea va\u0161ich dlhodob\u00fdch potrieb neust\u00e1le roz\u0161irujeme na\u0161u flotilu. Pon\u00fakame slu\u017eby v naj\u0161ir\u0161om rozsahu a sme schopn\u00ed uspokoji\u0165 ak\u00fako\u013evek va\u0161u po\u017eiadavku. Vyu\u017eite na\u0161e prepravn\u00e9 slu\u017eby.<br \/>\nPoskytuje prepravn\u00e9 slu\u017eby v\u00a0Bratislave a okol\u00ed 24 hod\u00edn denne, 7 dn\u00ed v t\u00fd\u017edni. Bez oh\u013eadu na to, kedy a kde ste, sme po va\u0161om zavolan\u00ed pripraven\u00fd V\u00e1s odvies\u0165 do V\u00e1\u0161ho cie\u013ea.<br \/>\nNa\u0161\u00edm cie\u013eom je <b>poskytn\u00fa\u0165<\/b> v\u00e1m <b>pohodlie, profesionalitu a luxus<\/b> v Bratislave. Bez oh\u013eadu na to, ak\u00fa zast\u00e1vate funkciu \u010di o ak\u00e9 udalosti sa jedn\u00e1, a t\u00fdch, ktor\u00ed chc\u00fa <b>pr\u00eds\u0165 vo ve\u013ekom \u0161t\u00fdle<\/b>, alebo h\u013eadaj\u00fa jazdu na s\u00fakromn\u00fa prehliadku, alebo str\u00e1vi\u0165 nejak\u00fd \u010das s rodinou a priate\u013emi, LIMOUSINEWAY sa sna\u017e\u00ed, aby vyhovovala va\u0161im po\u017eiadavk\u00e1m s na\u0161imi profesion\u00e1lmi a <b>doprial luxusn\u00fa sk\u00fasenos\u0165<\/b>.<\/p>\n<p class=\"p2\"><span class=\"s1\">Poskytujeme prepravn\u00e9 slu\u017eby v celej Bratislave <b>24 hod\u00edn denne, 7 dn\u00ed v t\u00fd\u017edni<\/b>. <b>Bez oh\u013eadu na to, kedy a kde ste<\/b>, sme pripraven\u00ed v\u00e1m zariadi\u0165 jazdu k V\u00e1\u0161mu cie\u013eu.<\/span><\/p>\n<p>Ke\u010f sa sna\u017e\u00edte n\u00e1js\u0165 najvhodnej\u0161\u00ed pren\u00e1jom vozidla s vodi\u010dom pre va\u0161u pr\u00edle\u017eitos\u0165, pre\u010do neoslovi\u0165 n\u00e1\u0161 priate\u013esk\u00fd t\u00edm s na\u0161imi prijate\u013en\u00fdmi ceny a <b>vynikaj\u00facimi slu\u017ebami<\/b>.<\/p>\n<p class=\"p1\">Prajeme v\u00e1m pr\u00edjemn\u00fa cestu s LIMOUSINEWAY!<\/p>\n<\/div>\n<p>[\/vc_column_text][\/vc_column][\/vc_row][vc_row][vc_column width=&#8220;1\/2&#8243;][vc_single_image image=&#8220;683&#8243; img_size=&#8220;large&#8220;][vc_custom_heading text=&#8220;Mercedes E Class W212 Facelift&#8220; font_container=&#8220;tag:h3|text_align:left&#8220; google_fonts=&#8220;font_family:Noto%20Serif%3Aregular%2Citalic%2C700%2C700italic|font_style:400%20regular%3A400%3Anormal&#8220;][vc_column_text]\u0160tandardn\u00e9 vozidlo, \u010dierna metal\u00edza exteri\u00e9r, klimatiz\u00e1cia, zvukov\u00fd syst\u00e9m at\u010f. Pre 4 osoby, ale pre pohodlie do 3 os\u00f4b.[\/vc_column_text][\/vc_column][vc_column width=&#8220;1\/2&#8243;][vc_single_image image=&#8220;691&#8243; img_size=&#8220;large&#8220;][vc_custom_heading text=&#8220;Mercedes V Class&#8220; font_container=&#8220;tag:h3|text_align:left&#8220; google_fonts=&#8220;font_family:Noto%20Serif%3Aregular%2Citalic%2C700%2C700italic|font_style:400%20regular%3A400%3Anormal&#8220;][vc_column_text]<span lang=\"SK\">Elegantn\u00fd metalick\u00fd van pre 6 os\u00f4b (maxim\u00e1lne 7) so v\u0161etk\u00fdm komfortom podnikate\u013esk\u00e9ho a cestovn\u00e9ho vozidla na dlh\u00e9 vzdialenosti.<\/span>[\/vc_column_text][\/vc_column][\/vc_row]<\/p>\n","protected":false},"excerpt":{"rendered":"<p>[vc_row el_id=&#8220;about-section&#8220; menu_title=&#8220;O n\u00e1s&#8220; css=&#8220;.vc_custom_1478530883027{padding-top: 70px !important;}&#8220;][vc_column][vc_row_inner css=&#8220;.vc_custom_1478066807134{margin-top: 20px !important;border-bottom-width: -20px !important;}&#8220;][vc_column_inner css=&#8220;.vc_custom_1478066798622{border-bottom-width: -20px !important;}&#8220;][vc_custom_heading text=&#8220;O n\u00e1s&#8220; font_container=&#8220;tag:h2|text_align:center&#8220; google_fonts=&#8220;font_family:Noto%20Serif%3Aregular%2Citalic%2C700%2C700italic|font_style:400%20regular%3A400%3Anormal&#8220;][vc_single_image image=&#8220;471&#8243; img_size=&#8220;full&#8220; alignment=&#8220;center&#8220; css=&#8220;.vc_custom_1478110577861{margin-top: -20px !important;}&#8220;][\/vc_column_inner][\/vc_row_inner][\/vc_column][\/vc_row][vc_row][vc_column width=&#8220;1\/2&#8243;][vc_single_image image=&#8220;442&#8243; img_size=&#8220;full&#8220;][vc_cta h2=&#8220;Volajte ihne\u010f: +421 911 888 801&#8243; txt_align=&#8220;center&#8220; shape=&#8220;square&#8220; css=&#8220;.vc_custom_1478530863863{background-color: #2d394f !important;}&#8220;][\/vc_cta][\/vc_column][vc_column width=&#8220;1\/2&#8243;][vc_column_text css=&#8220;.vc_custom_1478530840459{margin-top: 0px !important;margin-right: 0px !important;margin-left: 0px !important;border-bottom-width: 0px !important;}&#8220;] Na\u0161a spolo\u010dnos\u0165 stavia na my\u0161lienke zabezpe\u010denie [&hellip;]<\/p>\n","protected":false},"author":7,"featured_media":0,"parent":0,"menu_order":0,"comment_status":"closed","ping_status":"closed","template":"","meta":[],"_links":{"self":[{"href":"https:\/\/limousineway.com\/sk\/wp-json\/wp\/v2\/pages\/1031"}],"collection":[{"href":"https:\/\/limousineway.com\/sk\/wp-json\/wp\/v2\/pages"}],"about":[{"href":"https:\/\/limousineway.com\/sk\/wp-json\/wp\/v2\/types\/page"}],"author":[{"embeddable":true,"href":"https:\/\/limousineway.com\/sk\/wp-json\/wp\/v2\/users\/7"}],"replies":[{"embeddable":true,"href":"https:\/\/limousineway.com\/sk\/wp-json\/wp\/v2\/comments?post=1031"}],"version-history":[{"count":6,"href":"https:\/\/limousineway.com\/sk\/wp-json\/wp\/v2\/pages\/1031\/revisions"}],"predecessor-version":[{"id":1437,"href":"https:\/\/limousineway.com\/sk\/wp-json\/wp\/v2\/pages\/1031\/revisions\/1437"}],"wp:attachment":[{"href":"https:\/\/limousineway.com\/sk\/wp-json\/wp\/v2\/media?parent=1031"}],"curies":[{"name":"wp","href":"https:\/\/api.w.org\/{rel}","templated":true}]}}