{"id":950,"date":"2017-04-17T07:21:50","date_gmt":"2017-04-17T07:21:50","guid":{"rendered":"http:\/\/limousineway.com\/?page_id=950"},"modified":"2017-07-24T12:45:35","modified_gmt":"2017-07-24T12:45:35","slug":"services","status":"publish","type":"page","link":"https:\/\/limousineway.com\/sk\/services\/","title":{"rendered":"Slu\u017eby"},"content":{"rendered":"<p>[vc_row full_width=&#8220;stretch_row_content&#8220; sc_title_style=&#8220;inverted&#8220; el_id=&#8220;services-section&#8220; css=&#8220;.vc_custom_1478531013061{padding-top: 70px !important;padding-bottom: 40px !important;}&#8220; menu_title=&#8220;Slu\u017eby&#8220;][vc_column][vc_row_inner css=&#8220;.vc_custom_1478066807134{margin-top: 20px !important;border-bottom-width: -20px !important;}&#8220;][vc_column_inner css=&#8220;.vc_custom_1478066798622{border-bottom-width: -20px !important;}&#8220;][vc_custom_heading text=&#8220;Slu\u017eby&#8220; font_container=&#8220;tag:h2|text_align:center&#8220; google_fonts=&#8220;font_family:Noto%20Serif%3Aregular%2Citalic%2C700%2C700italic|font_style:400%20regular%3A400%3Anormal&#8220;][vc_single_image image=&#8220;471&#8243; img_size=&#8220;full&#8220; alignment=&#8220;center&#8220; css=&#8220;.vc_custom_1478110577861{margin-top: -20px !important;}&#8220;][\/vc_column_inner][\/vc_row_inner][\/vc_column][\/vc_row][vc_row][vc_column width=&#8220;1\/3&#8243;][vc_single_image image=&#8220;480&#8243; img_size=&#8220;large&#8220;][vc_custom_heading text=&#8220;Letiskov\u00fd transfer&#8220; font_container=&#8220;tag:h3|text_align:left&#8220; google_fonts=&#8220;font_family:Noto%20Serif%3Aregular%2Citalic%2C700%2C700italic|font_style:400%20regular%3A400%3Anormal&#8220;][vc_column_text]<\/p>\n<p class=\"p1\">Pon\u00fakame v\u00e1m <b>sk\u00fasen\u00fdch vodi\u010dov<\/b>, ktor\u00ed v\u00e1s bezpe\u010dne dopravili na Vami zadan\u00e9 miesto. Pr\u00eddete v\u017edy, kedyko\u013evek a kdeko\u013evek v\u010das, <b>bez stresu, uvo\u013enene a \u0161\u0165astne<\/b>. V\u0161etko, \u010do potrebujeme je \u010d\u00edslo v\u00e1\u0161ho letu a v\u0161etko ostatn\u00e9 m\u00f4\u017eete necha\u0165 na n\u00e1s. Na\u0161 vodi\u010d V\u00e1s bude \u010daka\u0165 v\u010das v pr\u00edletovej hale s\u00a0tabu\u013ekou so svojim menom, <b>r\u00e1d pom\u00f4\u017ee s bato\u017einou<\/b> a vezme V\u00e1s do va\u0161ej limuz\u00edny, ktor\u00e1 V\u00e1s odvezie na ur\u010den\u00e9 cie\u013eov\u00e9 miesto.<\/p>\n<p>[\/vc_column_text][vc_btn title=&#8220;Objedna\u0165 ihne\u010f&#8220; style=&#8220;custom&#8220; custom_background=&#8220;#d8b07a&#8220; custom_text=&#8220;#121212&#8243; shape=&#8220;square&#8220; css=&#8220;.vc_custom_1492436328859{padding-right: 0px !important;padding-left: 0px !important;}&#8220; link=&#8220;url:http%3A%2F%2Flimousineway.com%2Fsk%2Forder%2F|||&#8220;][\/vc_column][vc_column width=&#8220;1\/3&#8243;][vc_single_image image=&#8220;486&#8243; img_size=&#8220;large&#8220;][vc_custom_heading text=&#8220;Ve\u010dierok \/ firemn\u00e1 preprava&#8220; font_container=&#8220;tag:h3|text_align:left&#8220; google_fonts=&#8220;font_family:Noto%20Serif%3Aregular%2Citalic%2C700%2C700italic|font_style:400%20regular%3A400%3Anormal&#8220;][vc_column_text]<\/p>\n<p class=\"p1\">Pon\u00fakame <b>vysoko kvalitn\u00e9, profesion\u00e1lne slu\u017eby v oblasti dopravy<\/b> os\u00f4b s konkurencieschopn\u00e9 ceny vzh\u013eadom ku kvalite na\u0161ich slu\u017eieb. Kedyko\u013evek budete potrebova\u0165 ak\u00fako\u013evek dopravu na ak\u00e9ko\u013evek miesto ur\u010denia, sme tu len pre V\u00e1s a\u00a0\u010dak\u00e1me pr\u00e1ve<span class=\"Apple-converted-space\">\u00a0 <\/span>na va\u0161u objedn\u00e1vku. Sme <b>pripraven\u00ed pre v\u00e1s non-stop s kvalitn\u00fdmi vodi\u010dmi<\/b>, ktor\u00ed V\u00e1s bud\u00fa pohodlne prepravova\u0165 na spolo\u010densk\u00e9 akcie, koncerty, prom\u00f3cie a narodeninov\u00e9 oslavy,<span class=\"Apple-converted-space\">\u00a0 <\/span>ako aj firemn\u00e9 stretnutia. <b>S nami v\u017edy doraz\u00edte ako hviezda v\u0161ade vo ve\u013ekom \u0161t\u00fdle<\/b>.<\/p>\n<p>[\/vc_column_text][vc_btn title=&#8220;Objedna\u0165 ihne\u010f&#8220; style=&#8220;custom&#8220; custom_background=&#8220;#d8b07a&#8220; custom_text=&#8220;#121212&#8243; shape=&#8220;square&#8220; css=&#8220;.vc_custom_1492436366384{padding-right: 0px !important;padding-left: 0px !important;}&#8220; link=&#8220;url:http%3A%2F%2Flimousineway.com%2Fsk%2Forder%2F|||&#8220;][\/vc_column][vc_column width=&#8220;1\/3&#8243;][vc_single_image image=&#8220;484&#8243; img_size=&#8220;large&#8220;][vc_custom_heading text=&#8220;Svadobn\u00fd transfer&#8220; font_container=&#8220;tag:h3|text_align:left&#8220; google_fonts=&#8220;font_family:Noto%20Serif%3Aregular%2Citalic%2C700%2C700italic|font_style:400%20regular%3A400%3Anormal&#8220;][vc_column_text]<\/p>\n<p class=\"p1\">Svadba je v\u00a0ka\u017ed\u00e9ho \u017eivote momentom , ktor\u00fd nikdy nezabudne. <b>Na\u0161a spolo\u010dnos\u0165 ch\u00e1pe v\u00fdznam svadobn\u00e9ho d\u0148a<\/b>. V pr\u00edpade, \u017ee h\u013ead\u00e1te najvy\u0161\u0161iu kvalitu dopravnej slu\u017eby s dokonale odet\u00fdm \u0161of\u00e9rom pre svoj ve\u013ek\u00fd de\u0148. Sme tu pre V\u00e1s a <b>na\u0161a flotila, V\u00e1m<\/b> <b>bude poskytova\u0165 komplexn\u00e9 rie\u0161enie pre v\u00e1s a va\u0161ich host\u00ed<\/b>.<\/p>\n<p>[\/vc_column_text][vc_btn title=&#8220;Objedna\u0165 ihne\u010f&#8220; style=&#8220;custom&#8220; custom_background=&#8220;#d8b07a&#8220; custom_text=&#8220;#121212&#8243; shape=&#8220;square&#8220; css=&#8220;.vc_custom_1492436343131{padding-right: 0px !important;padding-left: 0px !important;}&#8220; link=&#8220;url:http%3A%2F%2Flimousineway.com%2Fsk%2Forder%2F|||&#8220;][\/vc_column][\/vc_row]<\/p>\n","protected":false},"excerpt":{"rendered":"<p>[vc_row full_width=&#8220;stretch_row_content&#8220; sc_title_style=&#8220;inverted&#8220; el_id=&#8220;services-section&#8220; css=&#8220;.vc_custom_1478531013061{padding-top: 70px !important;padding-bottom: 40px !important;}&#8220; menu_title=&#8220;Slu\u017eby&#8220;][vc_column][vc_row_inner css=&#8220;.vc_custom_1478066807134{margin-top: 20px !important;border-bottom-width: -20px !important;}&#8220;][vc_column_inner css=&#8220;.vc_custom_1478066798622{border-bottom-width: -20px !important;}&#8220;][vc_custom_heading text=&#8220;Slu\u017eby&#8220; font_container=&#8220;tag:h2|text_align:center&#8220; google_fonts=&#8220;font_family:Noto%20Serif%3Aregular%2Citalic%2C700%2C700italic|font_style:400%20regular%3A400%3Anormal&#8220;][vc_single_image image=&#8220;471&#8243; img_size=&#8220;full&#8220; alignment=&#8220;center&#8220; css=&#8220;.vc_custom_1478110577861{margin-top: -20px !important;}&#8220;][\/vc_column_inner][\/vc_row_inner][\/vc_column][\/vc_row][vc_row][vc_column width=&#8220;1\/3&#8243;][vc_single_image image=&#8220;480&#8243; img_size=&#8220;large&#8220;][vc_custom_heading text=&#8220;Letiskov\u00fd transfer&#8220; font_container=&#8220;tag:h3|text_align:left&#8220; google_fonts=&#8220;font_family:Noto%20Serif%3Aregular%2Citalic%2C700%2C700italic|font_style:400%20regular%3A400%3Anormal&#8220;][vc_column_text] Pon\u00fakame v\u00e1m sk\u00fasen\u00fdch vodi\u010dov, ktor\u00ed v\u00e1s bezpe\u010dne dopravili na Vami zadan\u00e9 miesto. Pr\u00eddete v\u017edy, kedyko\u013evek a kdeko\u013evek v\u010das, bez stresu, uvo\u013enene [&hellip;]<\/p>\n","protected":false},"author":7,"featured_media":0,"parent":0,"menu_order":0,"comment_status":"closed","ping_status":"closed","template":"","meta":[],"_links":{"self":[{"href":"https:\/\/limousineway.com\/sk\/wp-json\/wp\/v2\/pages\/950"}],"collection":[{"href":"https:\/\/limousineway.com\/sk\/wp-json\/wp\/v2\/pages"}],"about":[{"href":"https:\/\/limousineway.com\/sk\/wp-json\/wp\/v2\/types\/page"}],"author":[{"embeddable":true,"href":"https:\/\/limousineway.com\/sk\/wp-json\/wp\/v2\/users\/7"}],"replies":[{"embeddable":true,"href":"https:\/\/limousineway.com\/sk\/wp-json\/wp\/v2\/comments?post=950"}],"version-history":[{"count":6,"href":"https:\/\/limousineway.com\/sk\/wp-json\/wp\/v2\/pages\/950\/revisions"}],"predecessor-version":[{"id":1508,"href":"https:\/\/limousineway.com\/sk\/wp-json\/wp\/v2\/pages\/950\/revisions\/1508"}],"wp:attachment":[{"href":"https:\/\/limousineway.com\/sk\/wp-json\/wp\/v2\/media?parent=950"}],"curies":[{"name":"wp","href":"https:\/\/api.w.org\/{rel}","templated":true}]}}