{"id":984,"date":"2017-04-17T14:32:56","date_gmt":"2017-04-17T14:32:56","guid":{"rendered":"http:\/\/limousineway.com\/?page_id=984"},"modified":"2018-02-20T14:34:26","modified_gmt":"2018-02-20T14:34:26","slug":"references","status":"publish","type":"page","link":"https:\/\/limousineway.com\/sk\/references\/","title":{"rendered":"Referencie"},"content":{"rendered":"<p>[vc_row full_width=&#8220;stretch_row&#8220; sc_title=&#8220;yes&#8220; el_id=&#8220;references-section&#8220; css=&#8220;.vc_custom_1479680823563{padding-top: 70px !important;padding-bottom: 70px !important;}&#8220; menu_title=&#8220;Referencie&#8220; el_class=&#8220;bezova&#8220;][vc_column][vc_row_inner css=&#8220;.vc_custom_1478066807134{margin-top: 20px !important;border-bottom-width: -20px !important;}&#8220;][vc_column_inner css=&#8220;.vc_custom_1478066798622{border-bottom-width: -20px !important;}&#8220;][vc_custom_heading text=&#8220;Referencie&#8220; font_container=&#8220;tag:h2|text_align:center&#8220; google_fonts=&#8220;font_family:Noto%20Serif%3Aregular%2Citalic%2C700%2C700italic|font_style:400%20regular%3A400%3Anormal&#8220;][vc_single_image image=&#8220;471&#8243; img_size=&#8220;full&#8220; alignment=&#8220;center&#8220; css=&#8220;.vc_custom_1478110577861{margin-top: -20px !important;}&#8220;][tt_counter counter_items=&#8220;%5B%7B%22count_nr%22%3A%223500%22%2C%22count_title%22%3A%22Spokojn%C3%BDch%20z%C3%A1kazn%C3%ADkov%22%7D%5D&#8220;][\/vc_column_inner][\/vc_row_inner][vc_row_inner css=&#8220;.vc_custom_1478066807134{margin-top: 20px !important;border-bottom-width: -20px !important;}&#8220;][vc_column_inner width=&#8220;1\/6&#8243; css=&#8220;.vc_custom_1478066798622{border-bottom-width: -20px !important;}&#8220;][vc_single_image image=&#8220;697&#8243;][\/vc_column_inner][vc_column_inner width=&#8220;2\/6&#8243;][vc_custom_heading text=&#8220;Robert, United Kingdom&#8220; font_container=&#8220;tag:h4|text_align:left&#8220;][vc_column_text]&#8220;Vodi\u010d pri\u0161iel\u00a0v\u010das, jazda bola pohodln\u00e1 a slu\u017eby profesion\u00e1lne.&#8220;[\/vc_column_text][\/vc_column_inner][vc_column_inner width=&#8220;1\/6&#8243;][vc_single_image image=&#8220;698&#8243;][\/vc_column_inner][vc_column_inner width=&#8220;2\/6&#8243;][vc_custom_heading text=&#8220;Maria, Italy&#8220; font_container=&#8220;tag:h4|text_align:left&#8220;][vc_column_text]&#8220;Perfektn\u00e9 na\u010dasovanie. Dokonal\u00e9 pohodlie. \u00dapln\u00e1\u00a0spokojnos\u0165. \u010eakujem!&#8220;[\/vc_column_text][\/vc_column_inner][\/vc_row_inner][vc_row_inner css=&#8220;.vc_custom_1478066807134{margin-top: 20px !important;border-bottom-width: -20px !important;}&#8220;][vc_column_inner width=&#8220;1\/6&#8243; css=&#8220;.vc_custom_1478066798622{border-bottom-width: -20px !important;}&#8220;][vc_single_image image=&#8220;703&#8243;][\/vc_column_inner][vc_column_inner width=&#8220;2\/6&#8243;][vc_custom_heading text=&#8220;Martin, \u010cesk\u00e1 republika&#8220; font_container=&#8220;tag:h4|text_align:left&#8220;][vc_column_text]&#8220;Va\u0161e slu\u017eby s\u00fa\u00a0vynikaj\u00face. Ur\u010dite odporu\u010d\u00edm \u010fal\u0161\u00edm.&#8220;[\/vc_column_text][\/vc_column_inner][vc_column_inner width=&#8220;1\/6&#8243;][vc_single_image image=&#8220;704&#8243;][\/vc_column_inner][vc_column_inner width=&#8220;2\/6&#8243;][vc_custom_heading text=&#8220;Nat\u00e1lia, United Kingdom&#8220; font_container=&#8220;tag:h4|text_align:left&#8220;][vc_column_text]&#8220;Ve\u013emi dobr\u00e9 slu\u017eby a komunik\u00e1cia. Zdvoril\u00fd vodi\u010d a pohodln\u00e9 auto. Pri\u0161iel okam\u017eite. Odpor\u00fa\u010dam &#8222;.[\/vc_column_text][\/vc_column_inner][\/vc_row_inner][\/vc_column][\/vc_row][vc_row][vc_column width=&#8220;1\/2&#8243;][vc_custom_heading text=&#8220;Medzi na\u0161\u00edch spokojn\u00fdch klientov patr\u00ed aj skupina Mili Vanilli&#8220; font_container=&#8220;tag:h4|text_align:left&#8220;][vc_single_image image=&#8220;1095&#8243; img_size=&#8220;full&#8220;][\/vc_column][vc_column width=&#8220;1\/2&#8243;][vc_custom_heading text=&#8220;Partner Bratislavsk\u00e9ho b\u00e1lu&#8220; font_container=&#8220;tag:h4|text_align:left&#8220;][vc_single_image image=&#8220;1119&#8243; img_size=&#8220;full&#8220;][\/vc_column][\/vc_row]<\/p>\n","protected":false},"excerpt":{"rendered":"<p>[vc_row full_width=&#8220;stretch_row&#8220; sc_title=&#8220;yes&#8220; el_id=&#8220;references-section&#8220; css=&#8220;.vc_custom_1479680823563{padding-top: 70px !important;padding-bottom: 70px !important;}&#8220; menu_title=&#8220;Referencie&#8220; el_class=&#8220;bezova&#8220;][vc_column][vc_row_inner css=&#8220;.vc_custom_1478066807134{margin-top: 20px !important;border-bottom-width: -20px !important;}&#8220;][vc_column_inner css=&#8220;.vc_custom_1478066798622{border-bottom-width: -20px !important;}&#8220;][vc_custom_heading text=&#8220;Referencie&#8220; font_container=&#8220;tag:h2|text_align:center&#8220; google_fonts=&#8220;font_family:Noto%20Serif%3Aregular%2Citalic%2C700%2C700italic|font_style:400%20regular%3A400%3Anormal&#8220;][vc_single_image image=&#8220;471&#8243; img_size=&#8220;full&#8220; alignment=&#8220;center&#8220; css=&#8220;.vc_custom_1478110577861{margin-top: -20px !important;}&#8220;][tt_counter counter_items=&#8220;%5B%7B%22count_nr%22%3A%223500%22%2C%22count_title%22%3A%22Spokojn%C3%BDch%20z%C3%A1kazn%C3%ADkov%22%7D%5D&#8220;][\/vc_column_inner][\/vc_row_inner][vc_row_inner css=&#8220;.vc_custom_1478066807134{margin-top: 20px !important;border-bottom-width: -20px !important;}&#8220;][vc_column_inner width=&#8220;1\/6&#8243; css=&#8220;.vc_custom_1478066798622{border-bottom-width: -20px !important;}&#8220;][vc_single_image image=&#8220;697&#8243;][\/vc_column_inner][vc_column_inner width=&#8220;2\/6&#8243;][vc_custom_heading text=&#8220;Robert, United Kingdom&#8220; font_container=&#8220;tag:h4|text_align:left&#8220;][vc_column_text]&#8220;Vodi\u010d pri\u0161iel\u00a0v\u010das, jazda bola pohodln\u00e1 a slu\u017eby profesion\u00e1lne.&#8220;[\/vc_column_text][\/vc_column_inner][vc_column_inner width=&#8220;1\/6&#8243;][vc_single_image image=&#8220;698&#8243;][\/vc_column_inner][vc_column_inner width=&#8220;2\/6&#8243;][vc_custom_heading text=&#8220;Maria, [&hellip;]<\/p>\n","protected":false},"author":7,"featured_media":0,"parent":0,"menu_order":0,"comment_status":"closed","ping_status":"closed","template":"","meta":[],"_links":{"self":[{"href":"https:\/\/limousineway.com\/sk\/wp-json\/wp\/v2\/pages\/984"}],"collection":[{"href":"https:\/\/limousineway.com\/sk\/wp-json\/wp\/v2\/pages"}],"about":[{"href":"https:\/\/limousineway.com\/sk\/wp-json\/wp\/v2\/types\/page"}],"author":[{"embeddable":true,"href":"https:\/\/limousineway.com\/sk\/wp-json\/wp\/v2\/users\/7"}],"replies":[{"embeddable":true,"href":"https:\/\/limousineway.com\/sk\/wp-json\/wp\/v2\/comments?post=984"}],"version-history":[{"count":6,"href":"https:\/\/limousineway.com\/sk\/wp-json\/wp\/v2\/pages\/984\/revisions"}],"predecessor-version":[{"id":1228,"href":"https:\/\/limousineway.com\/sk\/wp-json\/wp\/v2\/pages\/984\/revisions\/1228"}],"wp:attachment":[{"href":"https:\/\/limousineway.com\/sk\/wp-json\/wp\/v2\/media?parent=984"}],"curies":[{"name":"wp","href":"https:\/\/api.w.org\/{rel}","templated":true}]}}